{"id":38211,"date":"2022-02-21T17:45:24","date_gmt":"2022-02-21T16:45:24","guid":{"rendered":"https:\/\/www.climatecoating.com\/foretag\/hallbarhet-miljo\/"},"modified":"2025-11-28T14:36:47","modified_gmt":"2025-11-28T13:36:47","slug":"hallbarhet-miljo","status":"publish","type":"page","link":"https:\/\/www.climatecoating.com\/sv\/foretag\/hallbarhet-miljo\/","title":{"rendered":"H\u00e5llbarhet &amp; milj\u00f6"},"content":{"rendered":"<div class=\"wpb-content-wrapper\"><p>[vc_row row_type=&#8221;row&#8221; use_row_as_full_screen_section=&#8221;no&#8221; type=&#8221;full_width&#8221; text_align=&#8221;left&#8221; background_animation=&#8221;none&#8221; padding_bottom=&#8221;45&#8243; css_animation=&#8221;&#8221;][vc_column][vc_single_image image=&#8221;60343&#8243; img_size=&#8221;full&#8221; css=&#8221;.vc_custom_1764336979263{padding-bottom: 30px !important;}&#8221; qode_css_animation=&#8221;&#8221;][vc_row_inner row_type=&#8221;row&#8221; type=&#8221;full_width&#8221; use_row_as_full_screen_section_slide=&#8221;no&#8221; text_align=&#8221;left&#8221; css_animation=&#8221;&#8221;][vc_column_inner width=&#8221;1\/4&#8243;]<div class=\"ult_row_spacer\"><div class=\"ult-sticky-anchor\"><div class=\"ult-sticky-section ult-sticky \"  data-gutter= '100' data-stick_behaviour= 'stick_with_scroll_row'  data-sticky_position= 'top' data-mobile='no' data-support='no'>[vc_raw_html]W2Ntd2l6YXJkIHdpZGdldD0iMiIgL10=[\/vc_raw_html]<\/div><div class=\"ult-space\"><\/div><\/div><\/div>[\/vc_column_inner][vc_column_inner width=&#8221;3\/4&#8243;][vc_column_text]<\/p>\n<h1>H\u00e5llbarhet &amp; milj\u00f6<\/h1>\n<p><strong>Ledstj\u00e4rna f\u00f6r v\u00e5r produktutveckling: <em>mindre \u00e4r mer<\/em><\/strong><\/p>\n<p>Vi tillverkar produkter med merv\u00e4rde f\u00f6r m\u00e4nniskor och milj\u00f6. Mindre energif\u00f6rbrukning, mindre anv\u00e4ndning av resurser. I geng\u00e4ld sparas mer energi och byggnader beh\u00e5ller sitt v\u00e4rde p\u00e5 l\u00e5ng sikt.<\/p>\n<p><strong>V\u00e4gvisare f\u00f6r produktkvalitet: den <em>h\u00f6gsta niv\u00e5n<\/em><\/strong><\/p>\n<p>Vi ser till att vi granskar varje steg vi tar och varje tillv\u00e4gag\u00e5ngss\u00e4tt vi anv\u00e4nder varje dag. Vi ser till att varje parti som l\u00e4mnar v\u00e5ra lokaler \u00e4r av h\u00f6gsta kvalitet.<\/p>\n<p><strong>Guide f\u00f6r milj\u00f6kompatibilitet:<em> Ansvar <\/em> <\/strong><\/p>\n<p>Vi har s\u00f6kt leverant\u00f6rer som sj\u00e4lva f\u00f6ljer principen om en ekologiskt sund f\u00f6rvaltning och tar ansvar f\u00f6r milj\u00f6n.[\/vc_column_text][\/vc_column_inner][\/vc_row_inner][\/vc_column][\/vc_row][vc_row row_type=&#8221;row&#8221; use_row_as_full_screen_section=&#8221;no&#8221; type=&#8221;full_width&#8221; text_align=&#8221;left&#8221; background_animation=&#8221;none&#8221; css_animation=&#8221;&#8221; css=&#8221;.vc_custom_1613667582104{padding-bottom: 30px !important;}&#8221;][vc_column][vc_separator type=&#8221;normal&#8221; border_style=&#8221;&#8221;][vc_row_inner row_type=&#8221;row&#8221; type=&#8221;full_width&#8221; use_row_as_full_screen_section_slide=&#8221;no&#8221; text_align=&#8221;left&#8221; css_animation=&#8221;&#8221;][vc_column_inner width=&#8221;2\/5&#8243;][vc_column_text]<\/p>\n<h3>V\u00e5ra principer f\u00f6r kvalitets- och milj\u00f6policy<\/h3>\n<p>Kvalitets- och milj\u00f6policy \u00e4r delar av v\u00e5r f\u00f6retagspolicy och f\u00f6rklarar SICC Coatings GmbH:s anspr\u00e5k p\u00e5 h\u00f6g produkt- och servicekvalitet gentemot v\u00e5ra kunder, f\u00f6retagets anst\u00e4llda och alla intressegrupper.<\/p>\n<p>Samtidigt har SICC Coatings GmbH \u00e5tagit sig att minska all f\u00f6retagsspecifik milj\u00f6p\u00e5verkan och om m\u00f6jligt \u00e4ven undvika den. Detta baseras p\u00e5 de relevanta f\u00f6retagsspecifika milj\u00f6aspekter som identifierats och som visar var milj\u00f6f\u00f6roreningar kan f\u00f6rekomma.<\/p>\n<p>SICC Coatings GmbH \u00e5tar sig att arbeta med st\u00e4ndiga f\u00f6rb\u00e4ttringar f\u00f6r att undvika milj\u00f6f\u00f6rst\u00f6ring och f\u00f6r att f\u00f6lja g\u00e4llande lagstadgade skyldigheter och best\u00e4mmelser.<\/p>\n<p>Arbetet med och genomf\u00f6randet av v\u00e5r kvalitets- och milj\u00f6policy har en positiv inverkan p\u00e5 kvaliteten p\u00e5 v\u00e5ra produkter, effektiviteten i v\u00e5ra processer och minskningen av v\u00e5r milj\u00f6p\u00e5verkan. F\u00f6rtroende och tillfredsst\u00e4llelse hos v\u00e5ra kunder, medarbetare och intressegrupper samt ett aktivt inflytande p\u00e5 alla milj\u00f6relaterade processer som p\u00e5verkar oss \u00e4r inneh\u00e5llet i v\u00e5r kvalitets- och milj\u00f6policy.<\/p>\n<p>Kvalitets- och milj\u00f6ledningssystemen granskas kontinuerligt f\u00f6r att s\u00e4kerst\u00e4lla att de \u00e4r l\u00e4mpliga och uppfyller sitt syfte.[\/vc_column_text][vc_single_image image=&#8221;54036&#8243; img_size=&#8221;full&#8221; css=&#8221;&#8221; qode_css_animation=&#8221;&#8221;][\/vc_column_inner][vc_column_inner width=&#8221;3\/5&#8243;][vc_column_text]<strong><br \/>\nPrincip 1 &#8211; Milj\u00f6p\u00e5verkan &#8211; P\u00e5verkan p\u00e5 milj\u00f6n<\/strong>Minskning, eller \u00e4nnu hellre undvikande, av f\u00f6retagsspecifik milj\u00f6p\u00e5verkan. Vi granskar regelbundet arten, omfattningen och milj\u00f6p\u00e5verkan av v\u00e5ra aktiviteter, produkter och tj\u00e4nster och ut\u00f6var inflytande p\u00e5 dem.<\/p>\n<p>P<strong>rincip 2 &#8211; Efterlevnad av lagstiftning<\/strong> \u00c5tagande att efterleva till\u00e4mpliga r\u00e4ttsliga skyldigheter och lagstiftning.<\/p>\n<p>P<strong>rincip 3 &#8211; M\u00e5l<\/strong> Kvalitets- och milj\u00f6m\u00e5len baseras p\u00e5 v\u00e5r kvalitets- och milj\u00f6policy.<\/p>\n<p>P<strong>rincip 4 &#8211; Kundfokus<\/strong> Vi lovar v\u00e5ra kunder och partners f\u00f6rv\u00e4ntad eller garanterad kvalitet p\u00e5 v\u00e5ra produkter. Vi anv\u00e4nder v\u00e5r kunskap och erfarenhet f\u00f6r att hantera v\u00e5ra kunder p\u00e5 ett professionellt s\u00e4tt och f\u00f6r att svara p\u00e5 fr\u00e5gor och f\u00f6rslag.<\/p>\n<p>P<strong>rincip 5 &#8211; Kontinuerlig f\u00f6rb\u00e4ttring<\/strong> Som ett led i den l\u00e5ngsiktiga utvecklingen av v\u00e5rt f\u00f6retag \u00e4r produktf\u00f6rb\u00e4ttring och produktmodifiering m\u00e5let f\u00f6r v\u00e5rt arbete. F\u00f6r att uppn\u00e5 detta f\u00f6rb\u00e4ttrar vi st\u00e4ndigt v\u00e5r egen utbildningsniv\u00e5. Kvalitets- och milj\u00f6ledningssystemet \u00e4r ocks\u00e5 f\u00f6rem\u00e5l f\u00f6r detta kontinuerliga arbete och f\u00f6rb\u00e4ttring.<\/p>\n<p>P<strong>rincip 6 &#8211; Kvalitetsmedvetenhet<\/strong> Vi uppr\u00e4tth\u00e5ller kvalitetsmedvetenheten i v\u00e5rt f\u00f6retag genom l\u00e4mpliga processer, information, utbildning och instruktioner och \u00f6verf\u00f6r st\u00e4ndigt detta tankes\u00e4tt till v\u00e5ra f\u00f6rs\u00e4ljningspartner.<\/p>\n<p>P<strong>rincip 7 &#8211; Kommunikation<\/strong> Vi kommunicerar kvalitets- och milj\u00f6policyn och de m\u00e5l som h\u00e4rr\u00f6r fr\u00e5n den inom v\u00e5rt f\u00f6retag och till v\u00e5ra kunder och intressenter. Resultaten av denna kommunikation \u00e4r avg\u00f6rande f\u00f6r slutsatser och vidare \u00e5tg\u00e4rder.[\/vc_column_text][\/vc_column_inner][\/vc_row_inner][\/vc_column][\/vc_row]<\/p>\n<\/div>","protected":false},"excerpt":{"rendered":"<p>[vc_row row_type=&#8221;row&#8221; use_row_as_full_screen_section=&#8221;no&#8221; type=&#8221;full_width&#8221; text_align=&#8221;left&#8221; background_animation=&#8221;none&#8221; padding_bottom=&#8221;45&#8243; css_animation=&#8221;&#8221;][vc_column][vc_single_image image=&#8221;60343&#8243; img_size=&#8221;full&#8221; css=&#8221;.vc_custom_1764336979263{padding-bottom: 30px !important;}&#8221; qode_css_animation=&#8221;&#8221;][vc_row_inner row_type=&#8221;row&#8221; type=&#8221;full_width&#8221; use_row_as_full_screen_section_slide=&#8221;no&#8221; text_align=&#8221;left&#8221; css_animation=&#8221;&#8221;][vc_column_inner width=&#8221;1\/4&#8243;][\/vc_column_inner][vc_column_inner width=&#8221;3\/4&#8243;][vc_column_text] H\u00e5llbarhet &amp; milj\u00f6 Ledstj\u00e4rna f\u00f6r v\u00e5r produktutveckling: mindre \u00e4r mer Vi tillverkar produkter med merv\u00e4rde f\u00f6r m\u00e4nniskor och milj\u00f6. Mindre energif\u00f6rbrukning, mindre anv\u00e4ndning av&#8230;<\/p>\n","protected":false},"author":1,"featured_media":0,"parent":38159,"menu_order":610,"comment_status":"closed","ping_status":"closed","template":"","meta":{"footnotes":""},"class_list":["post-38211","page","type-page","status-publish","hentry"],"_links":{"self":[{"href":"https:\/\/www.climatecoating.com\/sv\/wp-json\/wp\/v2\/pages\/38211","targetHints":{"allow":["GET"]}}],"collection":[{"href":"https:\/\/www.climatecoating.com\/sv\/wp-json\/wp\/v2\/pages"}],"about":[{"href":"https:\/\/www.climatecoating.com\/sv\/wp-json\/wp\/v2\/types\/page"}],"author":[{"embeddable":true,"href":"https:\/\/www.climatecoating.com\/sv\/wp-json\/wp\/v2\/users\/1"}],"replies":[{"embeddable":true,"href":"https:\/\/www.climatecoating.com\/sv\/wp-json\/wp\/v2\/comments?post=38211"}],"version-history":[{"count":1,"href":"https:\/\/www.climatecoating.com\/sv\/wp-json\/wp\/v2\/pages\/38211\/revisions"}],"predecessor-version":[{"id":60361,"href":"https:\/\/www.climatecoating.com\/sv\/wp-json\/wp\/v2\/pages\/38211\/revisions\/60361"}],"up":[{"embeddable":true,"href":"https:\/\/www.climatecoating.com\/sv\/wp-json\/wp\/v2\/pages\/38159"}],"wp:attachment":[{"href":"https:\/\/www.climatecoating.com\/sv\/wp-json\/wp\/v2\/media?parent=38211"}],"curies":[{"name":"wp","href":"https:\/\/api.w.org\/{rel}","templated":true}]}}