{"id":38221,"date":"2022-02-21T17:45:26","date_gmt":"2022-02-21T16:45:26","guid":{"rendered":"https:\/\/www.climatecoating.com\/anvaendningsomraden\/trafiktransporter\/"},"modified":"2022-03-30T17:57:23","modified_gmt":"2022-03-30T15:57:23","slug":"trafiktransporter","status":"publish","type":"page","link":"https:\/\/www.climatecoating.com\/sv\/anvaendningsomraden\/trafiktransporter\/","title":{"rendered":"Trafiktransporter"},"content":{"rendered":"<div class=\"wpb-content-wrapper\"><p>[vc_row row_type=&#8221;row&#8221; use_row_as_full_screen_section=&#8221;no&#8221; type=&#8221;full_width&#8221; text_align=&#8221;left&#8221; background_animation=&#8221;none&#8221; padding_bottom=&#8221;45&#8243; css_animation=&#8221;&#8221;][vc_column][vc_single_image image=&#8221;36490&#8243; img_size=&#8221;full&#8221; qode_css_animation=&#8221;&#8221; css=&#8221;.vc_custom_1605018699445{padding-bottom: 30px !important;}&#8221;][vc_column_text]<\/p>\n<h1>Trafiktransporter<\/h1>\n<p>[\/vc_column_text][vc_column_text css=&#8221;.vc_custom_1612818648866{padding-bottom: 30px !important;}&#8221;]Det finns utmaningar som du inte ser vid f\u00f6rsta anblicken, till exempel att undvika kondens, temperaturstabilisering, anti-elektrostatik eller v\u00e4rmeskydd. Om ditt krav ligger i temperaturomr\u00e5det -40\u00b0C och +150\u00b0C \u00e4r vi intresserade av din utmaning.[\/vc_column_text][vc_row_inner row_type=&#8221;row&#8221; type=&#8221;full_width&#8221; use_row_as_full_screen_section_slide=&#8221;no&#8221; text_align=&#8221;left&#8221; css_animation=&#8221;&#8221;][vc_column_inner width=&#8221;1\/3&#8243;][vc_column_text]T\u00c5G[\/vc_column_text][vc_gallery interval=&#8221;3&#8243; images=&#8221;36378&#8243; img_size=&#8221;full&#8221; onclick=&#8221;&#8221; el_class=&#8221;flex-noarrows&#8221;][vc_separator type=&#8221;small&#8221; position=&#8221;left&#8221; border_style=&#8221;&#8221; up=&#8221;18&#8243; down=&#8221;20&#8243; color=&#8221;#d6202d&#8221;][vc_column_text]Termisk avslappning Kylning Reduktion av kondensat[\/vc_column_text][\/vc_column_inner][vc_column_inner width=&#8221;1\/3&#8243;][vc_column_text]J\u00c4RNV\u00c4G[\/vc_column_text][vc_gallery interval=&#8221;3&#8243; images=&#8221;36378&#8243; img_size=&#8221;full&#8221; onclick=&#8221;&#8221; el_class=&#8221;flex-noarrows&#8221;][vc_separator type=&#8221;small&#8221; position=&#8221;left&#8221; border_style=&#8221;&#8221; up=&#8221;18&#8243; down=&#8221;20&#8243; color=&#8221;#d6202d&#8221;][vc_column_text]kyl-<\/p>\n<p>Skydd mot skevning av skenor[\/vc_column_text][\/vc_column_inner][vc_column_inner width=&#8221;1\/3&#8243;][vc_column_text]BEH\u00c5LLARE[\/vc_column_text][vc_gallery interval=&#8221;3&#8243; images=&#8221;36378&#8243; img_size=&#8221;full&#8221; onclick=&#8221;&#8221; el_class=&#8221;flex-noarrows&#8221;][vc_separator type=&#8221;small&#8221; position=&#8221;left&#8221; border_style=&#8221;&#8221; up=&#8221;18&#8243; down=&#8221;20&#8243; color=&#8221;#d6202d&#8221;][vc_column_text]Skydd mot solexponering<\/p>\n<p>kyl-[\/vc_column_text][\/vc_column_inner][\/vc_row_inner][\/vc_column][\/vc_row][vc_row row_type=&#8221;row&#8221; use_row_as_full_screen_section=&#8221;no&#8221; type=&#8221;full_width&#8221; text_align=&#8221;left&#8221; background_animation=&#8221;none&#8221; css_animation=&#8221;&#8221;][vc_column][\/vc_column][\/vc_row]<\/p>\n<\/div>","protected":false},"excerpt":{"rendered":"Trafiktransporter Det finns utmaningar som du inte ser vid f\u00f6rsta anblicken, till exempel att undvika kondens, temperaturstabilisering, anti-elektrostatik eller v\u00e4rmeskydd. Om ditt krav ligger i temperaturomr\u00e5det -40\u00b0C och +150\u00b0C \u00e4r vi intresserade av din utmaning. T\u00c5G Termisk avslappning Kylning Reduktion av kondensat J\u00c4RNV\u00c4G kyl- Skydd...","protected":false},"author":1,"featured_media":0,"parent":38031,"menu_order":130,"comment_status":"closed","ping_status":"closed","template":"","meta":{"footnotes":""},"class_list":["post-38221","page","type-page","status-publish","hentry"],"_links":{"self":[{"href":"https:\/\/www.climatecoating.com\/sv\/wp-json\/wp\/v2\/pages\/38221","targetHints":{"allow":["GET"]}}],"collection":[{"href":"https:\/\/www.climatecoating.com\/sv\/wp-json\/wp\/v2\/pages"}],"about":[{"href":"https:\/\/www.climatecoating.com\/sv\/wp-json\/wp\/v2\/types\/page"}],"author":[{"embeddable":true,"href":"https:\/\/www.climatecoating.com\/sv\/wp-json\/wp\/v2\/users\/1"}],"replies":[{"embeddable":true,"href":"https:\/\/www.climatecoating.com\/sv\/wp-json\/wp\/v2\/comments?post=38221"}],"version-history":[{"count":0,"href":"https:\/\/www.climatecoating.com\/sv\/wp-json\/wp\/v2\/pages\/38221\/revisions"}],"up":[{"embeddable":true,"href":"https:\/\/www.climatecoating.com\/sv\/wp-json\/wp\/v2\/pages\/38031"}],"wp:attachment":[{"href":"https:\/\/www.climatecoating.com\/sv\/wp-json\/wp\/v2\/media?parent=38221"}],"curies":[{"name":"wp","href":"https:\/\/api.w.org\/{rel}","templated":true}]}}