{"id":38228,"date":"2022-02-21T17:45:27","date_gmt":"2022-02-21T16:45:27","guid":{"rendered":"https:\/\/www.climatecoating.com\/anvaendningsomraden\/monumentskydd\/"},"modified":"2022-03-07T12:16:52","modified_gmt":"2022-03-07T11:16:52","slug":"monumentskydd","status":"publish","type":"page","link":"https:\/\/www.climatecoating.com\/sv\/anvaendningsomraden\/monumentskydd\/","title":{"rendered":"Monumentskydd"},"content":{"rendered":"<div class=\"wpb-content-wrapper\"><p>[vc_row row_type=&#8221;row&#8221; use_row_as_full_screen_section=&#8221;no&#8221; type=&#8221;full_width&#8221; text_align=&#8221;left&#8221; background_animation=&#8221;none&#8221; padding_bottom=&#8221;45&#8243; css_animation=&#8221;&#8221;][vc_column][vc_single_image image=&#8221;36481&#8243; img_size=&#8221;full&#8221; qode_css_animation=&#8221;&#8221; css=&#8221;.vc_custom_1605017192328{padding-bottom: 30px !important;}&#8221;][vc_column_text]<\/p>\n<h1>Monumentskydd<\/h1>\n<p>[\/vc_column_text][vc_column_text css=&#8221;.vc_custom_1605017246528{padding-bottom: 30px !important;}&#8221;]N\u00e4stan varje mineralsubstrat i en gammal byggnad \u00e4r f\u00f6rorenat med vatten och salt och kr\u00e4ver s\u00e4rskild omsorg n\u00e4r det kommer till renovering. F\u00f6rutom skonsam avfuktning, tygmatt torkning och l\u00e5ngvarig f\u00e4rgstabilitet erbjuder fasadbel\u00e4ggningen fantastiska funktioner. [\/vc_column_text][vc_row_inner row_type=&#8221;row&#8221; type=&#8221;full_width&#8221; use_row_as_full_screen_section_slide=&#8221;no&#8221; text_align=&#8221;left&#8221; css_animation=&#8221;&#8221;][vc_column_inner width=&#8221;1\/3&#8243;][vc_column_text]FELS\u00d6KNING<br \/>\nINUTI[\/vc_column_text][vc_gallery interval=&#8221;3&#8243; images=&#8221;36358,36361,36542&#8243; img_size=&#8221;full&#8221; onclick=&#8221;&#8221; el_class=&#8221;flex-noarrows&#8221;][vc_separator type=&#8221;small&#8221; position=&#8221;left&#8221; border_style=&#8221;&#8221; up=&#8221;18&#8243; down=&#8221;20&#8243; color=&#8221;#d6202d&#8221;][vc_column_text]Skydd mot m\u00f6gel<\/p>\n<p>rumshygien<\/p>\n<p>f\u00f6rebyggande av kondens<\/p>\n<p>fuktkontroll<\/p>\n<p>f\u00f6rb\u00e4ttring av inomhusklimatet<\/p>\n<p>boendekomfort<\/p>\n<p>Luktneutralitet<\/p>\n<p>smutsmotst\u00e5nd<\/p>\n<p>Energi sparande<\/p>\n<p>f\u00e4rgstabilitet<\/p>\n<p>akustisk f\u00f6rb\u00e4ttring<\/p>\n<p>Rumsbelysning genom ljusreflektion[\/vc_column_text][\/vc_column_inner][vc_column_inner width=&#8221;1\/3&#8243;][vc_column_text]SKYDD<br \/>\nHISTORISKA FASADER[\/vc_column_text][vc_gallery interval=&#8221;3&#8243; images=&#8221;36379&#8243; img_size=&#8221;full&#8221; onclick=&#8221;&#8221; el_class=&#8221;flex-noarrows&#8221;][vc_separator type=&#8221;small&#8221; position=&#8221;left&#8221; border_style=&#8221;&#8221; up=&#8221;18&#8243; down=&#8221;20&#8243; color=&#8221;#d6202d&#8221;][vc_column_text]Energi sparande<\/p>\n<p>livsl\u00e4ngd<\/p>\n<p>frihet fr\u00e5n sprickor<\/p>\n<p>robusthet<\/p>\n<p>smutsavst\u00f6tande<\/p>\n<p>fukthantering<\/p>\n<p>brandskyddsmedel<\/p>\n<p>Skonsam avfuktning av historiska fasader<\/p>\n<p>Bevarande av historiska fasader[\/vc_column_text][\/vc_column_inner][vc_column_inner width=&#8221;1\/3&#8243;][vc_column_text]TR\u00c4SKYDD IM<br \/>\nEXTERI\u00d6R[\/vc_column_text][vc_gallery interval=&#8221;3&#8243; images=&#8221;36506,36505,36507&#8243; img_size=&#8221;full&#8221; onclick=&#8221;&#8221; el_class=&#8221;flex-noarrows&#8221;][vc_separator type=&#8221;small&#8221; position=&#8221;left&#8221; border_style=&#8221;&#8221; up=&#8221;18&#8243; down=&#8221;20&#8243; color=&#8221;#d6202d&#8221;][vc_column_text]L\u00e5ngsiktigt v\u00e4derskydd f\u00f6r tr\u00e4<\/p>\n<p>[\/vc_column_text][\/vc_column_inner][\/vc_row_inner][\/vc_column][\/vc_row][vc_row row_type=&#8221;row&#8221; use_row_as_full_screen_section=&#8221;no&#8221; type=&#8221;full_width&#8221; text_align=&#8221;left&#8221; background_animation=&#8221;none&#8221; css_animation=&#8221;&#8221;][vc_column][\/vc_column][\/vc_row]<\/p>\n<\/div>","protected":false},"excerpt":{"rendered":"Monumentskydd N\u00e4stan varje mineralsubstrat i en gammal byggnad \u00e4r f\u00f6rorenat med vatten och salt och kr\u00e4ver s\u00e4rskild omsorg n\u00e4r det kommer till renovering. F\u00f6rutom skonsam avfuktning, tygmatt torkning och l\u00e5ngvarig f\u00e4rgstabilitet erbjuder fasadbel\u00e4ggningen fantastiska funktioner. FELS\u00d6KNING INUTI Skydd mot m\u00f6gel rumshygien f\u00f6rebyggande av kondens fuktkontroll...","protected":false},"author":1,"featured_media":0,"parent":38031,"menu_order":110,"comment_status":"closed","ping_status":"closed","template":"","meta":{"footnotes":""},"class_list":["post-38228","page","type-page","status-publish","hentry"],"_links":{"self":[{"href":"https:\/\/www.climatecoating.com\/sv\/wp-json\/wp\/v2\/pages\/38228","targetHints":{"allow":["GET"]}}],"collection":[{"href":"https:\/\/www.climatecoating.com\/sv\/wp-json\/wp\/v2\/pages"}],"about":[{"href":"https:\/\/www.climatecoating.com\/sv\/wp-json\/wp\/v2\/types\/page"}],"author":[{"embeddable":true,"href":"https:\/\/www.climatecoating.com\/sv\/wp-json\/wp\/v2\/users\/1"}],"replies":[{"embeddable":true,"href":"https:\/\/www.climatecoating.com\/sv\/wp-json\/wp\/v2\/comments?post=38228"}],"version-history":[{"count":0,"href":"https:\/\/www.climatecoating.com\/sv\/wp-json\/wp\/v2\/pages\/38228\/revisions"}],"up":[{"embeddable":true,"href":"https:\/\/www.climatecoating.com\/sv\/wp-json\/wp\/v2\/pages\/38031"}],"wp:attachment":[{"href":"https:\/\/www.climatecoating.com\/sv\/wp-json\/wp\/v2\/media?parent=38228"}],"curies":[{"name":"wp","href":"https:\/\/api.w.org\/{rel}","templated":true}]}}