{"id":38244,"date":"2022-02-21T17:45:30","date_gmt":"2022-02-21T16:45:30","guid":{"rendered":"https:\/\/www.climatecoating.com\/anvaendningsomraden\/tradgard-fritid\/"},"modified":"2022-03-30T19:00:55","modified_gmt":"2022-03-30T17:00:55","slug":"tradgard-fritid","status":"publish","type":"page","link":"https:\/\/www.climatecoating.com\/sv\/anvaendningsomraden\/tradgard-fritid\/","title":{"rendered":"Tr\u00e4dg\u00e5rd &amp; Fritid"},"content":{"rendered":"<div class=\"wpb-content-wrapper\"><p>[vc_row row_type=&#8221;row&#8221; use_row_as_full_screen_section=&#8221;no&#8221; type=&#8221;full_width&#8221; text_align=&#8221;left&#8221; background_animation=&#8221;none&#8221; padding_bottom=&#8221;45&#8243; css_animation=&#8221;&#8221;][vc_column][vc_single_image image=&#8221;36482&#8243; img_size=&#8221;full&#8221; qode_css_animation=&#8221;&#8221; css=&#8221;.vc_custom_1605018940325{padding-bottom: 30px !important;}&#8221;][vc_column_text]<\/p>\n<h1>Tr\u00e4dg\u00e5rd &amp; Fritid<\/h1>\n<p>[\/vc_column_text][vc_column_text css=&#8221;.vc_custom_1612435112611{padding-bottom: 30px !important;}&#8221;]Med det h\u00f6gteknologiska bel\u00e4ggningssystemet f\u00f6r tr\u00e4komponenter utomhus, lyckas ClimateCoating <sup>\u00ae<\/sup> d\u00e4r andra misslyckas: ett \u00f6ver genomsnittligt l\u00e5ngtidsskydd som inte flagar av. En perfekt smink f\u00f6r pergola, staket och fenkoja.<\/p>\n<p><strong>Det vackraste materialet i v\u00e4rlden <\/strong><br \/>\nInget annat material kombinerar fler f\u00f6rdelar vad g\u00e4ller m\u00e5ngfald, design, funktionalitet, k\u00e4nsla, ekologi och livskvalitet \u00e4n tr\u00e4. Tr\u00e4 \u00e4r det \u00e4ldsta och mest naturliga byggmaterial som m\u00e4nniskan k\u00e4nner till. Men eftersom tr\u00e4 \u00e4r s\u00e5 levande reagerar det k\u00e4nsligt p\u00e5 v\u00e4derp\u00e5verkan som fukt, UV-str\u00e5lning, luftf\u00f6roreningar samt svampar, skadedjur och insekter utomhus. Det \u00e4r d\u00e4rf\u00f6r som tr\u00e4 beh\u00f6ver regelbunden v\u00e5rd f\u00f6r att beh\u00e5lla sin sk\u00f6nhet och funktion p\u00e5 l\u00e5ng sikt.<\/p>\n<p><strong>Applikationsexempel<\/strong><br \/>\n Vi erbjuder ogenomskinliga och glaserade bel\u00e4ggningar f\u00f6r alla utomhustr\u00e4komponenter med begr\u00e4nsad dimensionsstabilitet och icke-dimensionell stabilitet. Skydda och f\u00f6rsk\u00f6na till exempel not- och notbr\u00e4dor, korsvirke, f\u00f6nsterluckor, balkongr\u00e4cken, b\u00e4ltros, pergolor och staket. Vill du veta mer? Ta en titt p\u00e5 dessa <a href=\"https:\/\/www.climatecoating.com\/sv\/referenser\/trahus\/\">projekt<\/a> eller skicka oss din <a href=\"https:\/\/www.climatecoating.com\/sv\/produkter\/nature\/\">f\u00f6rfr\u00e5gan om ClimateCoating <sup>\u00ae<\/sup> &#8211; Nature.<\/a>[\/vc_column_text][vc_row_inner row_type=&#8221;row&#8221; type=&#8221;full_width&#8221; use_row_as_full_screen_section_slide=&#8221;no&#8221; text_align=&#8221;left&#8221; css_animation=&#8221;&#8221;][vc_column_inner width=&#8221;1\/4&#8243;][vc_column_text]F\u00c4RGT TR\u00c4SKYDD[\/vc_column_text][vc_gallery interval=&#8221;3&#8243; images=&#8221;36506,36505,36507&#8243; img_size=&#8221;full&#8221; onclick=&#8221;&#8221; el_class=&#8221;flex-noarrows&#8221;][vc_separator type=&#8221;small&#8221; position=&#8221;left&#8221; border_style=&#8221;&#8221; up=&#8221;18&#8243; down=&#8221;20&#8243; color=&#8221;#d6202d&#8221;][\/vc_column_inner][vc_column_inner width=&#8221;3\/4&#8243;][\/vc_column_inner][\/vc_row_inner][vc_column_text]L\u00e5ngsiktigt v\u00e4derskydd f\u00f6r tr\u00e4[\/vc_column_text][\/vc_column][\/vc_row][vc_row row_type=&#8221;row&#8221; use_row_as_full_screen_section=&#8221;no&#8221; type=&#8221;full_width&#8221; text_align=&#8221;left&#8221; background_animation=&#8221;none&#8221; css_animation=&#8221;&#8221;][vc_column][\/vc_column][\/vc_row]<\/p>\n<\/div>","protected":false},"excerpt":{"rendered":"Tr\u00e4dg\u00e5rd &amp; Fritid Med det h\u00f6gteknologiska bel\u00e4ggningssystemet f\u00f6r tr\u00e4komponenter utomhus, lyckas ClimateCoating \u00ae d\u00e4r andra misslyckas: ett \u00f6ver genomsnittligt l\u00e5ngtidsskydd som inte flagar av. En perfekt smink f\u00f6r pergola, staket och fenkoja. Det vackraste materialet i v\u00e4rlden Inget annat material kombinerar fler f\u00f6rdelar vad g\u00e4ller...","protected":false},"author":1,"featured_media":0,"parent":38031,"menu_order":135,"comment_status":"closed","ping_status":"closed","template":"","meta":{"footnotes":""},"class_list":["post-38244","page","type-page","status-publish","hentry"],"_links":{"self":[{"href":"https:\/\/www.climatecoating.com\/sv\/wp-json\/wp\/v2\/pages\/38244","targetHints":{"allow":["GET"]}}],"collection":[{"href":"https:\/\/www.climatecoating.com\/sv\/wp-json\/wp\/v2\/pages"}],"about":[{"href":"https:\/\/www.climatecoating.com\/sv\/wp-json\/wp\/v2\/types\/page"}],"author":[{"embeddable":true,"href":"https:\/\/www.climatecoating.com\/sv\/wp-json\/wp\/v2\/users\/1"}],"replies":[{"embeddable":true,"href":"https:\/\/www.climatecoating.com\/sv\/wp-json\/wp\/v2\/comments?post=38244"}],"version-history":[{"count":0,"href":"https:\/\/www.climatecoating.com\/sv\/wp-json\/wp\/v2\/pages\/38244\/revisions"}],"up":[{"embeddable":true,"href":"https:\/\/www.climatecoating.com\/sv\/wp-json\/wp\/v2\/pages\/38031"}],"wp:attachment":[{"href":"https:\/\/www.climatecoating.com\/sv\/wp-json\/wp\/v2\/media?parent=38244"}],"curies":[{"name":"wp","href":"https:\/\/api.w.org\/{rel}","templated":true}]}}