{"id":38245,"date":"2022-02-21T17:45:30","date_gmt":"2022-02-21T16:45:30","guid":{"rendered":"https:\/\/www.climatecoating.com\/anvaendningsomraden\/industri-och-speciallosningar\/"},"modified":"2022-03-30T17:59:21","modified_gmt":"2022-03-30T15:59:21","slug":"industri-och-speciallosningar","status":"publish","type":"page","link":"https:\/\/www.climatecoating.com\/sv\/anvaendningsomraden\/industri-och-speciallosningar\/","title":{"rendered":"Industri och speciall\u00f6sningar"},"content":{"rendered":"<div class=\"wpb-content-wrapper\"><p>[vc_row row_type=&#8221;row&#8221; use_row_as_full_screen_section=&#8221;no&#8221; type=&#8221;full_width&#8221; text_align=&#8221;left&#8221; background_animation=&#8221;none&#8221; padding_bottom=&#8221;45&#8243; css_animation=&#8221;&#8221;][vc_column][vc_single_image image=&#8221;36480&#8243; img_size=&#8221;full&#8221; qode_css_animation=&#8221;&#8221; css=&#8221;.vc_custom_1605019348238{padding-bottom: 30px !important;}&#8221;][vc_column_text]<\/p>\n<h1>Industri och speciall\u00f6sningar<\/h1>\n<p>[\/vc_column_text][vc_column_text css=&#8221;.vc_custom_1612427797961{padding-bottom: 30px !important;}&#8221;]Det finns utmaningar som inte passar in i n\u00e5gon kategori, till exempel bel\u00e4ggning av plast eller textilier. Eller s\u00e5 handlar det om speciella parametrar, egenskaper eller effekter, som akustik, materialflexibilitet eller katalys. Oavsett vilket problem du letar efter en l\u00f6sning p\u00e5, <a href=\"https:\/\/www.climatecoating.com\/sv\/kontakt\/\">kontakta oss helt enkelt<\/a> n\u00e4r det kommer till bel\u00e4ggningar eller relaterade \u00e4mnen.[\/vc_column_text][\/vc_column][\/vc_row][vc_row row_type=&#8221;row&#8221; use_row_as_full_screen_section=&#8221;no&#8221; type=&#8221;full_width&#8221; text_align=&#8221;left&#8221; background_animation=&#8221;none&#8221; css_animation=&#8221;&#8221;][vc_column][\/vc_column][\/vc_row]<\/p>\n<\/div>","protected":false},"excerpt":{"rendered":"Industri och speciall\u00f6sningar Det finns utmaningar som inte passar in i n\u00e5gon kategori, till exempel bel\u00e4ggning av plast eller textilier. Eller s\u00e5 handlar det om speciella parametrar, egenskaper eller effekter, som akustik, materialflexibilitet eller katalys. Oavsett vilket problem du letar efter en l\u00f6sning p\u00e5, kontakta...","protected":false},"author":1,"featured_media":0,"parent":38031,"menu_order":160,"comment_status":"closed","ping_status":"closed","template":"","meta":{"footnotes":""},"class_list":["post-38245","page","type-page","status-publish","hentry"],"_links":{"self":[{"href":"https:\/\/www.climatecoating.com\/sv\/wp-json\/wp\/v2\/pages\/38245","targetHints":{"allow":["GET"]}}],"collection":[{"href":"https:\/\/www.climatecoating.com\/sv\/wp-json\/wp\/v2\/pages"}],"about":[{"href":"https:\/\/www.climatecoating.com\/sv\/wp-json\/wp\/v2\/types\/page"}],"author":[{"embeddable":true,"href":"https:\/\/www.climatecoating.com\/sv\/wp-json\/wp\/v2\/users\/1"}],"replies":[{"embeddable":true,"href":"https:\/\/www.climatecoating.com\/sv\/wp-json\/wp\/v2\/comments?post=38245"}],"version-history":[{"count":0,"href":"https:\/\/www.climatecoating.com\/sv\/wp-json\/wp\/v2\/pages\/38245\/revisions"}],"up":[{"embeddable":true,"href":"https:\/\/www.climatecoating.com\/sv\/wp-json\/wp\/v2\/pages\/38031"}],"wp:attachment":[{"href":"https:\/\/www.climatecoating.com\/sv\/wp-json\/wp\/v2\/media?parent=38245"}],"curies":[{"name":"wp","href":"https:\/\/api.w.org\/{rel}","templated":true}]}}