{"id":38246,"date":"2022-02-21T17:45:30","date_gmt":"2022-02-21T16:45:30","guid":{"rendered":"https:\/\/www.climatecoating.com\/anvaendningsomraden\/bygg-live\/"},"modified":"2025-11-03T13:04:48","modified_gmt":"2025-11-03T12:04:48","slug":"bygg-live","status":"publish","type":"page","link":"https:\/\/www.climatecoating.com\/sv\/anvaendningsomraden\/bygg-live\/","title":{"rendered":"Bygg live"},"content":{"rendered":"<div class=\"wpb-content-wrapper\"><p>[vc_row row_type=&#8221;row&#8221; use_row_as_full_screen_section=&#8221;no&#8221; type=&#8221;full_width&#8221; text_align=&#8221;left&#8221; background_animation=&#8221;none&#8221; padding_bottom=&#8221;45&#8243; css_animation=&#8221;&#8221;][vc_column][vc_single_image image=&#8221;56255&#8243; img_size=&#8221;full&#8221; css=&#8221;.vc_custom_1762171462715{padding-bottom: 30px !important;}&#8221; qode_css_animation=&#8221;&#8221;][vc_column_text]<\/p>\n<h1>Bygg live<\/h1>\n<p>[\/vc_column_text][vc_column_text css=&#8221;.vc_custom_1605017559591{padding-bottom: 30px !important;}&#8221;]L\u00e5ngsiktig v\u00e4rdebevarande, st\u00f6dd h\u00e4lsosam livsstil och energibesparingspotential \u00e4r f\u00f6rdelarna som ClimateCoating <sup>\u00ae<\/sup> -bel\u00e4ggningar erbjuder j\u00e4mf\u00f6rt med andra v\u00e4ggf\u00e4rger, tak- och fasadbel\u00e4ggningar. Uppt\u00e4ck ett brett utbud av probleml\u00f6sning och m\u00f6jliga anv\u00e4ndningsomr\u00e5den![\/vc_column_text][vc_row_inner row_type=&#8221;row&#8221; type=&#8221;full_width&#8221; use_row_as_full_screen_section_slide=&#8221;no&#8221; text_align=&#8221;left&#8221; css_animation=&#8221;&#8221;][vc_column_inner width=&#8221;1\/4&#8243;][vc_column_text]ANS\u00d6KNINGAR<br \/>\nINUTI[\/vc_column_text][vc_gallery interval=&#8221;5&#8243; images=&#8221;36377,36374,36542,36369,36371&#8243; img_size=&#8221;full&#8221; onclick=&#8221;&#8221; el_class=&#8221;flex-noarrows&#8221;][vc_separator type=&#8221;small&#8221; position=&#8221;left&#8221; border_style=&#8221;&#8221; up=&#8221;18&#8243; down=&#8221;20&#8243; color=&#8221;#d6202d&#8221;][vc_column_text]<a href=\"https:\/\/www.climatecoating.com\/sv\/anvaendningsomraden\/skydd-mot-mogel\/\">Skydd mot m\u00f6gel<\/a><\/p>\n<p>rumshygien<\/p>\n<p>f\u00f6rebyggande av kondens<\/p>\n<p>fuktkontroll<\/p>\n<p>f\u00f6rb\u00e4ttring av inomhusklimatet<\/p>\n<p>boendekomfort<\/p>\n<p>Luktneutralitet<\/p>\n<p>smutsmotst\u00e5nd<\/p>\n<p>Energi sparande<\/p>\n<p>f\u00e4rgstabilitet<\/p>\n<p>akustisk f\u00f6rb\u00e4ttring<\/p>\n<p>F\u00f6rst\u00f6relse av smuts genom fotokatalys<\/p>\n<p>Rumsbelysning genom ljusreflektion<\/p>\n<p>Takplattor f\u00f6rfriskning<\/p>\n<p>Skyddsbel\u00e4ggning f\u00f6r PU-skum[\/vc_column_text][\/vc_column_inner][vc_column_inner width=&#8221;1\/4&#8243;][vc_column_text]ANS\u00d6KNINGAR<br \/>\nUTANF\u00d6R[\/vc_column_text][vc_gallery interval=&#8221;5&#8243; images=&#8221;36357,36367,36545,36380,36376&#8243; img_size=&#8221;full&#8221; onclick=&#8221;&#8221; el_class=&#8221;flex-noarrows&#8221;][vc_separator type=&#8221;small&#8221; position=&#8221;left&#8221; border_style=&#8221;&#8221; up=&#8221;18&#8243; down=&#8221;20&#8243; color=&#8221;#d6202d&#8221;][vc_column_text]Energi sparande<\/p>\n<p>livsl\u00e4ngd<\/p>\n<p>frihet fr\u00e5n sprickor<\/p>\n<p>robusthet<\/p>\n<p>smutsavst\u00f6tande<\/p>\n<p>fukthantering<\/p>\n<p>brandskyddsmedel<\/p>\n<p>Skonsam avfuktning av historiska fasader<\/p>\n<p>Bevarande av historiska fasader<\/p>\n<p>Skyddsbel\u00e4ggning f\u00f6r PU-skum[\/vc_column_text][\/vc_column_inner][vc_column_inner width=&#8221;1\/4&#8243;][vc_column_text]ANS\u00d6KNINGAR<br \/>\nTAK[\/vc_column_text][vc_gallery interval=&#8221;3&#8243; images=&#8221;36359,36540,36539&#8243; img_size=&#8221;full&#8221; onclick=&#8221;&#8221; el_class=&#8221;flex-noarrows&#8221;][vc_separator type=&#8221;small&#8221; position=&#8221;left&#8221; border_style=&#8221;&#8221; up=&#8221;18&#8243; down=&#8221;20&#8243; color=&#8221;#d6202d&#8221;][vc_column_text]<a href=\"https:\/\/www.climatecoating.com\/sv\/anvaendningsomraden\/kostnadsreduktion-for-kylning-och-kylning\/\">Kostnadsreduktion f\u00f6r kylning och kylning<\/a><\/p>\n<p>v\u00e4derskydd<\/p>\n<p>\u00e5tdragning<\/p>\n<p>Termisk avkoppling[\/vc_column_text][\/vc_column_inner][vc_column_inner width=&#8221;1\/4&#8243;][vc_column_text]ANS\u00d6KNINGAR<br \/>\nTR\u00c4[\/vc_column_text][vc_gallery interval=&#8221;3&#8243; images=&#8221;36506,36505,36507&#8243; img_size=&#8221;full&#8221; onclick=&#8221;&#8221; el_class=&#8221;flex-noarrows&#8221;][vc_separator type=&#8221;small&#8221; position=&#8221;left&#8221; border_style=&#8221;&#8221; up=&#8221;18&#8243; down=&#8221;20&#8243; color=&#8221;#d6202d&#8221;][vc_column_text]L\u00e5ngsiktigt v\u00e4derskydd f\u00f6r tr\u00e4[\/vc_column_text][\/vc_column_inner][\/vc_row_inner][\/vc_column][\/vc_row][vc_row row_type=&#8221;row&#8221; use_row_as_full_screen_section=&#8221;no&#8221; type=&#8221;full_width&#8221; text_align=&#8221;left&#8221; background_animation=&#8221;none&#8221; css_animation=&#8221;&#8221;][vc_column][\/vc_column][\/vc_row]<\/p>\n<\/div>","protected":false},"excerpt":{"rendered":"Bygg live L\u00e5ngsiktig v\u00e4rdebevarande, st\u00f6dd h\u00e4lsosam livsstil och energibesparingspotential \u00e4r f\u00f6rdelarna som ClimateCoating \u00ae -bel\u00e4ggningar erbjuder j\u00e4mf\u00f6rt med andra v\u00e4ggf\u00e4rger, tak- och fasadbel\u00e4ggningar. Uppt\u00e4ck ett brett utbud av probleml\u00f6sning och m\u00f6jliga anv\u00e4ndningsomr\u00e5den! ANS\u00d6KNINGAR INUTI Skydd mot m\u00f6gel rumshygien f\u00f6rebyggande av kondens fuktkontroll f\u00f6rb\u00e4ttring av inomhusklimatet...","protected":false},"author":1,"featured_media":0,"parent":38031,"menu_order":105,"comment_status":"closed","ping_status":"closed","template":"","meta":{"footnotes":""},"class_list":["post-38246","page","type-page","status-publish","hentry"],"_links":{"self":[{"href":"https:\/\/www.climatecoating.com\/sv\/wp-json\/wp\/v2\/pages\/38246","targetHints":{"allow":["GET"]}}],"collection":[{"href":"https:\/\/www.climatecoating.com\/sv\/wp-json\/wp\/v2\/pages"}],"about":[{"href":"https:\/\/www.climatecoating.com\/sv\/wp-json\/wp\/v2\/types\/page"}],"author":[{"embeddable":true,"href":"https:\/\/www.climatecoating.com\/sv\/wp-json\/wp\/v2\/users\/1"}],"replies":[{"embeddable":true,"href":"https:\/\/www.climatecoating.com\/sv\/wp-json\/wp\/v2\/comments?post=38246"}],"version-history":[{"count":1,"href":"https:\/\/www.climatecoating.com\/sv\/wp-json\/wp\/v2\/pages\/38246\/revisions"}],"predecessor-version":[{"id":59612,"href":"https:\/\/www.climatecoating.com\/sv\/wp-json\/wp\/v2\/pages\/38246\/revisions\/59612"}],"up":[{"embeddable":true,"href":"https:\/\/www.climatecoating.com\/sv\/wp-json\/wp\/v2\/pages\/38031"}],"wp:attachment":[{"href":"https:\/\/www.climatecoating.com\/sv\/wp-json\/wp\/v2\/media?parent=38246"}],"curies":[{"name":"wp","href":"https:\/\/api.w.org\/{rel}","templated":true}]}}