{"id":38250,"date":"2022-02-21T17:45:31","date_gmt":"2022-02-21T16:45:31","guid":{"rendered":"https:\/\/www.climatecoating.com\/anvaendningsomraden\/livsmedelsindustrin\/"},"modified":"2022-03-07T12:17:12","modified_gmt":"2022-03-07T11:17:12","slug":"livsmedelsindustrin","status":"publish","type":"page","link":"https:\/\/www.climatecoating.com\/sv\/anvaendningsomraden\/livsmedelsindustrin\/","title":{"rendered":"Livsmedelsindustrin"},"content":{"rendered":"<div class=\"wpb-content-wrapper\"><p>[vc_row row_type=&#8221;row&#8221; use_row_as_full_screen_section=&#8221;no&#8221; type=&#8221;full_width&#8221; text_align=&#8221;left&#8221; background_animation=&#8221;none&#8221; padding_bottom=&#8221;45&#8243; css_animation=&#8221;&#8221;][vc_column][vc_single_image image=&#8221;36486&#8243; img_size=&#8221;full&#8221; qode_css_animation=&#8221;&#8221; css=&#8221;.vc_custom_1605018080810{padding-bottom: 30px !important;}&#8221;][vc_column_text]<\/p>\n<h1>Livsmedelsindustrin<\/h1>\n<p>[\/vc_column_text][vc_column_text css=&#8221;.vc_custom_1605018105742{padding-bottom: 30px !important;}&#8221;]Hygien kommer f\u00f6rst. Minskning av kylkostnader andra. ClimateCoating <sup>\u00ae<\/sup> funktionella bel\u00e4ggningar kan ge ett l\u00e5ngsiktigt och effektivt bidrag till b\u00e5da utmaningarna. L\u00e5t oss ge dig r\u00e5d![\/vc_column_text][vc_row_inner row_type=&#8221;row&#8221; type=&#8221;full_width&#8221; use_row_as_full_screen_section_slide=&#8221;no&#8221; text_align=&#8221;left&#8221; css_animation=&#8221;&#8221;][vc_column_inner width=&#8221;1\/2&#8243;][vc_column_text]HYGIEN[\/vc_column_text][vc_gallery interval=&#8221;3&#8243; images=&#8221;36542,36495,36358&#8243; img_size=&#8221;full&#8221; onclick=&#8221;&#8221; el_class=&#8221;flex-noarrows&#8221;][vc_separator type=&#8221;small&#8221; position=&#8221;left&#8221; border_style=&#8221;&#8221; up=&#8221;18&#8243; down=&#8221;20&#8243; color=&#8221;#d6202d&#8221;][vc_column_text]Skydd mot m\u00f6gel<\/p>\n<p>rumshygien<\/p>\n<p>f\u00f6rebyggande av kondens<\/p>\n<p>fuktkontroll<\/p>\n<p>Luktneutralitet<\/p>\n<p>smutsmotst\u00e5nd<\/p>\n<p>Energi sparande<\/p>\n<p>F\u00f6rst\u00f6relse av smuts genom fotokatalys<\/p>\n<p>Rumsbelysning genom ljusreflektion<\/p>\n<p>Takplattor f\u00f6rfriskning[\/vc_column_text][\/vc_column_inner][vc_column_inner width=&#8221;1\/2&#8243;][vc_column_text]BYGGNADSKYLNING[\/vc_column_text][vc_gallery interval=&#8221;3&#8243; images=&#8221;36359,36357,36378&#8243; img_size=&#8221;full&#8221; onclick=&#8221;&#8221; el_class=&#8221;flex-noarrows&#8221;][vc_separator type=&#8221;small&#8221; position=&#8221;left&#8221; border_style=&#8221;&#8221; up=&#8221;18&#8243; down=&#8221;20&#8243; color=&#8221;#d6202d&#8221;][vc_column_text]Energi sparande<\/p>\n<p>livsl\u00e4ngd<\/p>\n<p>frihet fr\u00e5n sprickor<\/p>\n<p>robusthet<\/p>\n<p>smutsavst\u00f6tande<\/p>\n<p>fukthantering<\/p>\n<p>brandskyddsmedel<\/p>\n<p>Kostnadsreduktion f\u00f6r kylning och kylning<\/p>\n<p>v\u00e4derskydd<\/p>\n<p>\u00e5tdragning<\/p>\n<p>Termisk avkoppling[\/vc_column_text][\/vc_column_inner][\/vc_row_inner][\/vc_column][\/vc_row][vc_row row_type=&#8221;row&#8221; use_row_as_full_screen_section=&#8221;no&#8221; type=&#8221;full_width&#8221; text_align=&#8221;left&#8221; background_animation=&#8221;none&#8221; css_animation=&#8221;&#8221;][vc_column][\/vc_column][\/vc_row]<\/p>\n<\/div>","protected":false},"excerpt":{"rendered":"Livsmedelsindustrin Hygien kommer f\u00f6rst. Minskning av kylkostnader andra. ClimateCoating \u00ae funktionella bel\u00e4ggningar kan ge ett l\u00e5ngsiktigt och effektivt bidrag till b\u00e5da utmaningarna. L\u00e5t oss ge dig r\u00e5d! HYGIEN Skydd mot m\u00f6gel rumshygien f\u00f6rebyggande av kondens fuktkontroll Luktneutralitet smutsmotst\u00e5nd Energi sparande F\u00f6rst\u00f6relse av smuts genom fotokatalys...","protected":false},"author":1,"featured_media":0,"parent":38031,"menu_order":115,"comment_status":"closed","ping_status":"closed","template":"","meta":{"footnotes":""},"class_list":["post-38250","page","type-page","status-publish","hentry"],"_links":{"self":[{"href":"https:\/\/www.climatecoating.com\/sv\/wp-json\/wp\/v2\/pages\/38250","targetHints":{"allow":["GET"]}}],"collection":[{"href":"https:\/\/www.climatecoating.com\/sv\/wp-json\/wp\/v2\/pages"}],"about":[{"href":"https:\/\/www.climatecoating.com\/sv\/wp-json\/wp\/v2\/types\/page"}],"author":[{"embeddable":true,"href":"https:\/\/www.climatecoating.com\/sv\/wp-json\/wp\/v2\/users\/1"}],"replies":[{"embeddable":true,"href":"https:\/\/www.climatecoating.com\/sv\/wp-json\/wp\/v2\/comments?post=38250"}],"version-history":[{"count":0,"href":"https:\/\/www.climatecoating.com\/sv\/wp-json\/wp\/v2\/pages\/38250\/revisions"}],"up":[{"embeddable":true,"href":"https:\/\/www.climatecoating.com\/sv\/wp-json\/wp\/v2\/pages\/38031"}],"wp:attachment":[{"href":"https:\/\/www.climatecoating.com\/sv\/wp-json\/wp\/v2\/media?parent=38250"}],"curies":[{"name":"wp","href":"https:\/\/api.w.org\/{rel}","templated":true}]}}