{"id":38266,"date":"2022-02-21T17:45:33","date_gmt":"2022-02-21T16:45:33","guid":{"rendered":"https:\/\/www.climatecoating.com\/anvaendningsomraden\/jordbruk-djurhallning\/"},"modified":"2022-03-30T17:58:01","modified_gmt":"2022-03-30T15:58:01","slug":"jordbruk-djurhallning","status":"publish","type":"page","link":"https:\/\/www.climatecoating.com\/sv\/anvaendningsomraden\/jordbruk-djurhallning\/","title":{"rendered":"Jordbruk &amp; djurh\u00e5llning"},"content":{"rendered":"<div class=\"wpb-content-wrapper\"><p>[vc_row row_type=&#8221;row&#8221; use_row_as_full_screen_section=&#8221;no&#8221; type=&#8221;full_width&#8221; text_align=&#8221;left&#8221; background_animation=&#8221;none&#8221; padding_bottom=&#8221;45&#8243; css_animation=&#8221;&#8221;][vc_column][vc_single_image image=&#8221;36485&#8243; img_size=&#8221;full&#8221; qode_css_animation=&#8221;&#8221; css=&#8221;.vc_custom_1605019142328{padding-bottom: 30px !important;}&#8221;][vc_column_text]<\/p>\n<h1>Jordbruk &amp; djurh\u00e5llning<\/h1>\n<p>[\/vc_column_text][vc_column_text css=&#8221;.vc_custom_1612426583983{padding-bottom: 30px !important;}&#8221;]Jordbruksf\u00f6retagare m\u00e5ste agera s\u00e4rskilt ekonomiskt. Med v\u00e4ggf\u00e4rgerna, putsen och takbel\u00e4ggningarna fr\u00e5n ClimateCoating <sup>\u00ae<\/sup> kan strukturen i stall, lador, lager eller ridanl\u00e4ggningar skyddas utm\u00e4rkt. Om du sparar energi, undviker m\u00f6gel- eller algtillv\u00e4xt och avsev\u00e4rt minskar ytf\u00f6roreningar, s\u00e5 har du tre merv\u00e4rden p\u00e5 din sida.[\/vc_column_text][vc_row_inner row_type=&#8221;row&#8221; type=&#8221;full_width&#8221; use_row_as_full_screen_section_slide=&#8221;no&#8221; text_align=&#8221;left&#8221; css_animation=&#8221;&#8221;][vc_column_inner width=&#8221;1\/4&#8243;][vc_column_text]ANS\u00d6KNINGAR<br \/>\nINUTI[\/vc_column_text][vc_gallery interval=&#8221;3&#8243; images=&#8221;36542,36495,36358&#8243; img_size=&#8221;full&#8221; onclick=&#8221;&#8221; el_class=&#8221;flex-noarrows&#8221;][vc_separator type=&#8221;small&#8221; position=&#8221;left&#8221; border_style=&#8221;&#8221; up=&#8221;18&#8243; down=&#8221;20&#8243; color=&#8221;#d6202d&#8221;][vc_column_text]Rumshygien och skydd mot m\u00f6gel<\/p>\n<p>F\u00f6rebyggande av kondens och fuktkontroll<\/p>\n<p>Rumsklimatf\u00f6rb\u00e4ttring och boendekomfort<\/p>\n<p>Smutsbest\u00e4ndighet och fotokatalys<\/p>\n<p>Energibesparing och ekonomi<\/p>\n<p>Takplattor f\u00f6rfriskning<\/p>\n<p>Rumsbelysning genom ljusreflektion<\/p>\n<p>Skyddsbel\u00e4ggning f\u00f6r PU-skum[\/vc_column_text][\/vc_column_inner][vc_column_inner width=&#8221;1\/4&#8243;][vc_column_text]ANS\u00d6KNINGAR<br \/>\nUTANF\u00d6R[\/vc_column_text][vc_gallery interval=&#8221;3&#8243; images=&#8221;36357,36380,36378&#8243; img_size=&#8221;full&#8221; onclick=&#8221;&#8221; el_class=&#8221;flex-noarrows&#8221;][vc_separator type=&#8221;small&#8221; position=&#8221;left&#8221; border_style=&#8221;&#8221; up=&#8221;18&#8243; down=&#8221;20&#8243; color=&#8221;#d6202d&#8221;][vc_column_text]F\u00f6rb\u00e4ttra byggnadens energibalans<\/p>\n<p>H\u00e5llbarhet, frihet fr\u00e5n sprickor och robusthet<\/p>\n<p>Minskning av alger, mossa och svamptillv\u00e4xt<\/p>\n<p>Fuktighetshantering och temperaturreglering<\/p>\n<p>Historiska fasader: skonsam avfuktning och v\u00e4rdebevarande<\/p>\n<p>brandskyddsmedel<\/p>\n<p>Skyddsbel\u00e4ggning f\u00f6r PU-skum[\/vc_column_text][\/vc_column_inner][vc_column_inner width=&#8221;1\/4&#8243;][vc_column_text]ANS\u00d6KNINGAR<br \/>\nTAK[\/vc_column_text][vc_gallery interval=&#8221;3&#8243; images=&#8221;36359,36539,36540&#8243; img_size=&#8221;full&#8221; onclick=&#8221;&#8221; el_class=&#8221;flex-noarrows&#8221;][vc_separator type=&#8221;small&#8221; position=&#8221;left&#8221; border_style=&#8221;&#8221; up=&#8221;18&#8243; down=&#8221;20&#8243; color=&#8221;#d6202d&#8221;][vc_column_text]<a href=\"https:\/\/www.climatecoating.com\/sv\/anvaendningsomraden\/kostnadsreduktion-for-kylning-och-kylning\/\">Kylning och minskning av kylkapaciteten<\/a><\/p>\n<p>V\u00e4derskydd och l\u00e5ng livsl\u00e4ngd<\/p>\n<p>\u00e5tdragning<\/p>\n<p>termisk avkoppling[\/vc_column_text][\/vc_column_inner][vc_column_inner width=&#8221;1\/4&#8243;][vc_column_text]ANS\u00d6KNINGAR<br \/>\nTR\u00c4[\/vc_column_text][vc_gallery interval=&#8221;3&#8243; images=&#8221;36506,36505,36507&#8243; img_size=&#8221;full&#8221; onclick=&#8221;&#8221; el_class=&#8221;flex-noarrows&#8221;][vc_separator type=&#8221;small&#8221; position=&#8221;left&#8221; border_style=&#8221;&#8221; up=&#8221;18&#8243; down=&#8221;20&#8243; color=&#8221;#d6202d&#8221;][vc_column_text]L\u00e5ngsiktigt v\u00e4derskydd[\/vc_column_text][\/vc_column_inner][\/vc_row_inner][\/vc_column][\/vc_row][vc_row row_type=&#8221;row&#8221; use_row_as_full_screen_section=&#8221;no&#8221; type=&#8221;full_width&#8221; text_align=&#8221;left&#8221; background_animation=&#8221;none&#8221; css_animation=&#8221;&#8221;][vc_column][\/vc_column][\/vc_row]<\/p>\n<\/div>","protected":false},"excerpt":{"rendered":"Jordbruk &amp; djurh\u00e5llning Jordbruksf\u00f6retagare m\u00e5ste agera s\u00e4rskilt ekonomiskt. Med v\u00e4ggf\u00e4rgerna, putsen och takbel\u00e4ggningarna fr\u00e5n ClimateCoating \u00ae kan strukturen i stall, lador, lager eller ridanl\u00e4ggningar skyddas utm\u00e4rkt. Om du sparar energi, undviker m\u00f6gel- eller algtillv\u00e4xt och avsev\u00e4rt minskar ytf\u00f6roreningar, s\u00e5 har du tre merv\u00e4rden p\u00e5 din...","protected":false},"author":1,"featured_media":0,"parent":38031,"menu_order":140,"comment_status":"closed","ping_status":"closed","template":"","meta":{"footnotes":""},"class_list":["post-38266","page","type-page","status-publish","hentry"],"_links":{"self":[{"href":"https:\/\/www.climatecoating.com\/sv\/wp-json\/wp\/v2\/pages\/38266","targetHints":{"allow":["GET"]}}],"collection":[{"href":"https:\/\/www.climatecoating.com\/sv\/wp-json\/wp\/v2\/pages"}],"about":[{"href":"https:\/\/www.climatecoating.com\/sv\/wp-json\/wp\/v2\/types\/page"}],"author":[{"embeddable":true,"href":"https:\/\/www.climatecoating.com\/sv\/wp-json\/wp\/v2\/users\/1"}],"replies":[{"embeddable":true,"href":"https:\/\/www.climatecoating.com\/sv\/wp-json\/wp\/v2\/comments?post=38266"}],"version-history":[{"count":0,"href":"https:\/\/www.climatecoating.com\/sv\/wp-json\/wp\/v2\/pages\/38266\/revisions"}],"up":[{"embeddable":true,"href":"https:\/\/www.climatecoating.com\/sv\/wp-json\/wp\/v2\/pages\/38031"}],"wp:attachment":[{"href":"https:\/\/www.climatecoating.com\/sv\/wp-json\/wp\/v2\/media?parent=38266"}],"curies":[{"name":"wp","href":"https:\/\/api.w.org\/{rel}","templated":true}]}}