{"id":38267,"date":"2022-02-21T17:45:33","date_gmt":"2022-02-21T16:45:33","guid":{"rendered":"https:\/\/www.climatecoating.com\/anvaendningsomraden\/kostnadsreduktion-for-kylning-och-kylning\/"},"modified":"2022-03-30T17:59:50","modified_gmt":"2022-03-30T15:59:50","slug":"kostnadsreduktion-for-kylning-och-kylning","status":"publish","type":"page","link":"https:\/\/www.climatecoating.com\/sv\/anvaendningsomraden\/kostnadsreduktion-for-kylning-och-kylning\/","title":{"rendered":"Kostnadsreduktion f\u00f6r kylning och kylning"},"content":{"rendered":"<div class=\"wpb-content-wrapper\"><p>[vc_row row_type=&#8221;row&#8221; use_row_as_full_screen_section=&#8221;no&#8221; type=&#8221;full_width&#8221; text_align=&#8221;left&#8221; background_animation=&#8221;none&#8221; padding_bottom=&#8221;45&#8243; css_animation=&#8221;&#8221;][vc_column][vc_column_text css=&#8221;.vc_custom_1605177899210{padding-bottom: 30px !important;}&#8221;]<\/p>\n<h1>Kostnadsreduktion f\u00f6r kylning och kylning<\/h1>\n<p>[\/vc_column_text][vc_single_image image=&#8221;36431&#8243; img_size=&#8221;full&#8221; qode_css_animation=&#8221;&#8221; css=&#8221;.vc_custom_1603351461583{padding-bottom: 30px !important;}&#8221;][\/vc_column][\/vc_row][vc_row row_type=&#8221;row&#8221; use_row_as_full_screen_section=&#8221;no&#8221; type=&#8221;full_width&#8221; text_align=&#8221;left&#8221; background_animation=&#8221;none&#8221; padding_bottom=&#8221;45&#8243; css_animation=&#8221;&#8221; el_class=&#8221;reverse_order&#8221;][vc_column width=&#8221;1\/4&#8243;]<div class=\"ult_row_spacer\"><div class=\"ult-sticky-anchor\"><div class=\"ult-sticky-section ult-sticky \"  data-gutter= '100' data-stick_behaviour= 'stick_with_scroll_row'  data-sticky_position= 'top' data-mobile='no' data-support='no'>[vc_raw_html]PGRpdiBpZD0ibGVmdG1lbnUiPgo8dWwgY2xhc3M9InN1Yi1tZW51IHN1Yi1tZW51c21hbGwiPgoJPGxpIGlkPSJtZW51LWl0ZW0tMjI4NzIiIGNsYXNzPSJtZW51LWl0ZW0gbWVudS1pdGVtLXR5cGUtcG9zdF90eXBlIG1lbnUtaXRlbS1vYmplY3QtcGFnZSBjbXctbGV2ZWwtMiBtZW51LWl0ZW0tMjI4NzIiPjxhIGhyZWY9IiMxIj5Iw7ZnYSByZWZsZWt0aW9uc3bDpHJkZW4gLSBuw6RzdGFuIHNvbSBzbsO2PC9hPjwvbGk+Cgk8bGkgaWQ9Im1lbnUtaXRlbS0yMjg3NSIgY2xhc3M9Im1lbnUtaXRlbSBtZW51LWl0ZW0tdHlwZS1wb3N0X3R5cGUgbWVudS1pdGVtLW9iamVjdC1wYWdlIGNtdy1sZXZlbC0yIG1lbnUtaXRlbS0yMjg3NSI+PGEgaHJlZj0iIzIiPktvc3RuYWRzbWluc2tuaW5nIGdlbm9tIHBhc3NpdiBsdWZ0a29uZGl0aW9uZXJpbmc8L2E+PC9saT4KCTxsaSBpZD0ibWVudS1pdGVtLTIyODc5IiBjbGFzcz0ibWVudS1pdGVtIG1lbnUtaXRlbS10eXBlLXBvc3RfdHlwZSBtZW51LWl0ZW0tb2JqZWN0LXBhZ2UgY213LWxldmVsLTIgbWVudS1pdGVtLTIyODc5Ij48YSBocmVmPSIjMyI+RsO2cmzDpG5nZCBsaXZzbMOkbmdkIHDDpSB0YWtrb25zdHJ1a3Rpb25lbjwvYT48L2xpPgo8L3VsPgo8L2Rpdj4=[\/vc_raw_html]<\/div><div class=\"ult-space\"><\/div><\/div><\/div>[\/vc_column][vc_column width=&#8221;3\/4&#8243;][vc_raw_html]PGEgY2xhc3M9ImFuY2hvciIgbmFtZT0iMSI+PC9hPg==[\/vc_raw_html][vc_separator type=&#8221;normal&#8221; border_style=&#8221;&#8221; down=&#8221;30&#8243;][vc_column_text css=&#8221;.vc_custom_1603884116230{padding-bottom: 30px !important;}&#8221;]<\/p>\n<h2>H\u00f6ga reflektionsv\u00e4rden &#8211; n\u00e4stan som sn\u00f6<\/h2>\n<p>ThermoActive takbel\u00e4ggning kan reflektera mer \u00e4n 91 % av solljuset. Detta \u00e4r ett bevisat h\u00f6gsta v\u00e4rde. Ren sn\u00f6 reflekterar 100 % av solljuset.[\/vc_column_text][vc_raw_html]PGEgY2xhc3M9ImFuY2hvciIgbmFtZT0iMiI+PC9hPg==[\/vc_raw_html][vc_separator type=&#8221;normal&#8221; border_style=&#8221;&#8221; down=&#8221;30&#8243;][vc_column_text css=&#8221;.vc_custom_1603884147764{padding-bottom: 30px !important;}&#8221;]<\/p>\n<h2>Kostnadsminskning genom passiv luftkonditionering<\/h2>\n<p>Den reflekterande bel\u00e4ggningen ThermoActive absorberar fukt som avdunstar och kyler p\u00e5 grund av solstr\u00e5lning. Taket beh\u00f6ver inte n\u00f6dv\u00e4ndigtvis vara vitbelagt. Relativt h\u00f6g kylprestanda genom avdunstning uppn\u00e5s \u00e4ven med m\u00f6rkare nyanser. F\u00f6ljaktligen<br \/>\nenergif\u00f6rbrukningen f\u00f6r kylning kan i alla fall minska och ett bidrag till minskningen av CO2 kan g\u00f6ras.[\/vc_column_text][vc_raw_html]PGEgY2xhc3M9ImFuY2hvciIgbmFtZT0iMyI+PC9hPg==[\/vc_raw_html][vc_separator type=&#8221;normal&#8221; border_style=&#8221;&#8221; down=&#8221;30&#8243;][vc_column_text css=&#8221;.vc_custom_1603884182317{padding-bottom: 30px !important;}&#8221;]<\/p>\n<h2>F\u00f6rl\u00e4ngd livsl\u00e4ngd p\u00e5 takkonstruktionen<\/h2>\n<p>ThermoActives utm\u00e4rkta elasticitet g\u00f6r det m\u00f6jligt att \u00f6verbrygga material\u00f6verg\u00e5ngar utan problem vid temperaturer fr\u00e5n -40\u00b0C till +150\u00b0C. Taket f\u00f6rblir vattent\u00e4tt.<br \/>\nBel\u00e4ggningen \u00e4r extremt robust och ok\u00e4nslig f\u00f6r milj\u00f6p\u00e5verkan som syror, alkalier, ozon, kv\u00e4ve och svaveloxider. Dessutom \u00e4r bel\u00e4ggningen extremt UV-best\u00e4ndig. Ingen spr\u00f6dhet, ingen flagnande f\u00e4rg, ingen vittring och s\u00e5 l\u00e4nge.<\/p>\n<p>Allt detta f\u00f6rl\u00e4nger livsl\u00e4ngden p\u00e5 takkonstruktionen och minskar underh\u00e5llskostnaderna.<\/p>\n<p><strong>Vill du veta mer?<\/strong><br \/>\n<a href=\"https:\/\/www.climatecoating.com\/sv\/kontakt\/\"><strong>F\u00e5 kontakt!<\/strong><\/a>[\/vc_column_text][vc_video link=&#8221;https:\/\/www.youtube.com\/watch?v=Lilz-969SIo&#8221;][\/vc_column][\/vc_row][vc_row row_type=&#8221;row&#8221; use_row_as_full_screen_section=&#8221;no&#8221; type=&#8221;full_width&#8221; text_align=&#8221;left&#8221; background_animation=&#8221;none&#8221; css_animation=&#8221;&#8221;][vc_column][vc_column_text]<\/p>\n<h3>Produkter<\/h3>\n<p>[\/vc_column_text][vc_separator type=&#8221;small&#8221; position=&#8221;left&#8221; border_style=&#8221;&#8221; up=&#8221;18&#8243; down=&#8221;20&#8243; color=&#8221;#d6202d&#8221;]<div class=\"woocommerce columns-4 \"><ul class=\"products columns-4 clearfix default\">        <li class=\"product type-product post-38143 status-publish first instock product_cat-anvaendningsomraden product_cat-utanfoer product_cat-bygg-live product_cat-livsmedelsindustrin product_cat-tillverkning product_cat-offentliga-byggnader product_cat-jordbruk-djurhallning has-post-thumbnail taxable shipping-taxable purchasable product-type-variable\">\n\n                        <div class=\"top-product-section\">\n\n                <a class=\"product_list_thumb_link\" href=\"https:\/\/www.climatecoating.com\/sv\/produkt\/thermoactive\/\">\n                    <span class=\"image-wrapper\">\n                    <img loading=\"lazy\" decoding=\"async\" width=\"300\" height=\"300\" src=\"https:\/\/www.climatecoating.com\/wp-content\/uploads\/2025\/10\/12L500ml_THERMOACTIVE_m_frei-2-8-300x300.png\" class=\"attachment-woocommerce_thumbnail size-woocommerce_thumbnail\" alt=\"ThermoActive 12,5l\" srcset=\"https:\/\/www.climatecoating.com\/wp-content\/uploads\/2025\/10\/12L500ml_THERMOACTIVE_m_frei-2-8-300x300.png 300w, https:\/\/www.climatecoating.com\/wp-content\/uploads\/2025\/10\/12L500ml_THERMOACTIVE_m_frei-2-8-100x100.png 100w, https:\/\/www.climatecoating.com\/wp-content\/uploads\/2025\/10\/12L500ml_THERMOACTIVE_m_frei-2-8-600x600.png 600w, https:\/\/www.climatecoating.com\/wp-content\/uploads\/2025\/10\/12L500ml_THERMOACTIVE_m_frei-2-8-1024x1024.png 1024w, https:\/\/www.climatecoating.com\/wp-content\/uploads\/2025\/10\/12L500ml_THERMOACTIVE_m_frei-2-8-150x150.png 150w, https:\/\/www.climatecoating.com\/wp-content\/uploads\/2025\/10\/12L500ml_THERMOACTIVE_m_frei-2-8-768x768.png 768w, https:\/\/www.climatecoating.com\/wp-content\/uploads\/2025\/10\/12L500ml_THERMOACTIVE_m_frei-2-8-1536x1536.png 1536w, https:\/\/www.climatecoating.com\/wp-content\/uploads\/2025\/10\/12L500ml_THERMOACTIVE_m_frei-2-8-550x550.png 550w, https:\/\/www.climatecoating.com\/wp-content\/uploads\/2025\/10\/12L500ml_THERMOACTIVE_m_frei-2-8-500x500.png 500w, https:\/\/www.climatecoating.com\/wp-content\/uploads\/2025\/10\/12L500ml_THERMOACTIVE_m_frei-2-8-1000x1000.png 1000w, https:\/\/www.climatecoating.com\/wp-content\/uploads\/2025\/10\/12L500ml_THERMOACTIVE_m_frei-2-8-700x700.png 700w, https:\/\/www.climatecoating.com\/wp-content\/uploads\/2025\/10\/12L500ml_THERMOACTIVE_m_frei-2-8-1100x1100.png 1100w, https:\/\/www.climatecoating.com\/wp-content\/uploads\/2025\/10\/12L500ml_THERMOACTIVE_m_frei-2-8.png 1920w\" sizes=\"auto, (max-width: 300px) 100vw, 300px\" \/>                    <\/span>\n                <\/a>\n\n                <div class=\"add-to-cart-button-outer\"><div class=\"add-to-cart-button-inner\"><div class=\"add-to-cart-button-inner2\"><a href=\"https:\/\/www.climatecoating.com\/sv\/produkt\/thermoactive\/\" aria-describedby=\"woocommerce_loop_add_to_cart_link_describedby_38143\" data-quantity=\"1\" class=\"qbutton add-to-cart-button button product_type_variable add_to_cart_button\" data-product_id=\"38143\" data-product_sku=\"\" aria-label=\"V\u00e4lj alternativ f\u00f6r \u201dThermoActive\u201d\" rel=\"nofollow\">Optionen w\u00e4hlen<\/a><\/div><\/div><\/div>\t<span id=\"woocommerce_loop_add_to_cart_link_describedby_38143\" class=\"screen-reader-text\">\n\t\tDen h\u00e4r produkten har flera varianter. De olika alternativen kan v\u00e4ljas p\u00e5 produktsidan\t<\/span>\n\n            <\/div>\n\n            <div class=\"product_info_box\">\n\t            <span class=\"product-categories\"><a href=\"https:\/\/www.climatecoating.com\/sv\/anvaendningsomraden\/\" rel=\"tag\">anv\u00e4ndningsomr\u00e5den<\/a>, <a href=\"https:\/\/www.climatecoating.com\/sv\/produkter\/utanfoer\/\" rel=\"tag\">Utanf\u00f6r<\/a>, <a href=\"https:\/\/www.climatecoating.com\/sv\/anvaendningsomraden\/bygg-live\/\" rel=\"tag\">Bygg live<\/a>, <a href=\"https:\/\/www.climatecoating.com\/sv\/anvaendningsomraden\/livsmedelsindustrin\/\" rel=\"tag\">livsmedelsindustrin<\/a>, <a href=\"https:\/\/www.climatecoating.com\/sv\/anvaendningsomraden\/tillverkning\/\" rel=\"tag\">Tillverkning<\/a>, <a href=\"https:\/\/www.climatecoating.com\/sv\/anvaendningsomraden\/offentliga-byggnader\/\" rel=\"tag\">Offentliga byggnader<\/a>, <a href=\"https:\/\/www.climatecoating.com\/sv\/anvaendningsomraden\/jordbruk-djurhallning\/\" rel=\"tag\">Jordbruk &amp; djurh\u00e5llning<\/a><\/span>\n                <a href=\"https:\/\/www.climatecoating.com\/sv\/produkt\/thermoactive\/\" class=\"product-category\">\n                    <span class=\"product-title\">ThermoActive<\/span>\n\n                    \n\n\t<span class=\"price\">ab <span class=\"woocommerce-Price-amount amount\"><bdi>117,95&nbsp;<span class=\"woocommerce-Price-currencySymbol\">&euro;<\/span><\/bdi><\/span><\/span>\n\n\t<p class=\"price price-unit smaller wc-gzd-additional-info wc-gzd-additional-info-loop\"><span class=\"woocommerce-Price-amount amount\">23,59&nbsp;<span class=\"woocommerce-Price-currencySymbol\">&euro;<\/span><\/span> \/  <span class=\"unit\">l<\/span><\/p>\n\n                <\/a>\n            <\/div>\n\n            \n\t<p class=\"wc-gzd-additional-info wc-gzd-additional-info-loop tax-info\">incl. VAT<\/p>\n\n\t<p class=\"wc-gzd-additional-info wc-gzd-additional-info-loop shipping-costs-info\">zzgl. <a href=\"https:\/\/www.climatecoating.com\/shop\/versand\/\" target=\"_blank\">Versandkosten<\/a><\/p>\n\n\n\t<p class=\"wc-gzd-additional-info wc-gzd-additional-info-loop product-units-wrapper product-units\">Produkt enth\u00e4lt: 5 <span class=\"unit\">l<\/span> &ndash; 12,5 <span class=\"unit\">l<\/span> <\/p>\n<div class=\"add-to-cart-button-outer\"><div class=\"add-to-cart-button-inner\"><div class=\"add-to-cart-button-inner2\"><a href=\"https:\/\/www.climatecoating.com\/sv\/produkt\/thermoactive\/\" aria-describedby=\"woocommerce_loop_add_to_cart_link_describedby_38143\" data-quantity=\"1\" class=\"qbutton add-to-cart-button button product_type_variable add_to_cart_button\" data-product_id=\"38143\" data-product_sku=\"\" aria-label=\"V\u00e4lj alternativ f\u00f6r \u201dThermoActive\u201d\" rel=\"nofollow\">Optionen w\u00e4hlen<\/a><\/div><\/div><\/div>\t<span id=\"woocommerce_loop_add_to_cart_link_describedby_38143\" class=\"screen-reader-text\">\n\t\tDen h\u00e4r produkten har flera varianter. De olika alternativen kan v\u00e4ljas p\u00e5 produktsidan\t<\/span>\n        <\/li>\n\n        <\/ul>\n<\/div>[\/vc_column][\/vc_row][vc_row row_type=&#8221;row&#8221; use_row_as_full_screen_section=&#8221;no&#8221; type=&#8221;full_width&#8221; text_align=&#8221;left&#8221; background_animation=&#8221;none&#8221; css_animation=&#8221;&#8221; css=&#8221;.vc_custom_1605014654715{padding-bottom: 30px !important;}&#8221;][vc_column][vc_column_text]<\/p>\n<h3>Referenser<\/h3>\n<p>[\/vc_column_text][vc_separator type=&#8221;small&#8221; position=&#8221;left&#8221; border_style=&#8221;&#8221; up=&#8221;18&#8243; down=&#8221;20&#8243; color=&#8221;#d6202d&#8221;]<div class='projects_holder_outer v4 portfolio_with_space portfolio_standard  qode-filter-position-top'>\n\t    \t<div class='projects_holder clearfix v4 standard portfolio_default_image '>\n\t\t<article class=\"mix portfolio_category_2255\">\n    <div class='image_holder default_hover'>\n        \n<span class='image'><img loading=\"lazy\" decoding=\"async\" width=\"550\" height=\"498\" src=\"https:\/\/www.climatecoating.com\/wp-content\/uploads\/2020\/07\/Mehrfamilienhaus-in-Kapfenberg_05-550x498.jpg\" class=\"attachment-portfolio-default size-portfolio-default wp-post-image\" alt=\"Hyreshus i Kapfenberg 05\" srcset=\"https:\/\/www.climatecoating.com\/wp-content\/uploads\/2020\/07\/Mehrfamilienhaus-in-Kapfenberg_05-550x498.jpg 550w, https:\/\/www.climatecoating.com\/wp-content\/uploads\/2020\/07\/Mehrfamilienhaus-in-Kapfenberg_05-480x434.jpg 480w, https:\/\/www.climatecoating.com\/wp-content\/uploads\/2020\/07\/Mehrfamilienhaus-in-Kapfenberg_05-125x112.jpg 125w\" sizes=\"auto, (max-width: 550px) 100vw, 550px\" \/><\/span>\n                    <a class='portfolio_link_class' href='https:\/\/www.climatecoating.com\/sv\/referenser\/referens\/hyreshus-i-kapfenberg\/' target='_self'><\/a>\n\t\t\n        <div class=\"portfolio_shader\"><\/div>\n\t\t<div class=\"icons_holder\">\n\t<div class=\"icons_holder_inner\">\n\t\t\t\t\t<a class='portfolio_lightbox' title='Kostnadsreduktion f\u00f6r kylning och kylning' href='https:\/\/www.climatecoating.com\/wp-content\/uploads\/2020\/07\/Mehrfamilienhaus-in-Kapfenberg_05.jpg' data-rel='prettyPhoto[pretty_photo_gallery]'><\/a>\n\t\t\t\t\t<\/div>\n<\/div>\n    <\/div>\n\n    <div class='portfolio_description ' >\n            <h4 class=\"portfolio_title\" ><a href=\"https:\/\/www.climatecoating.com\/sv\/referenser\/referens\/hyreshus-i-kapfenberg\/\" target=\"_self\"> Hyreshus i Kapfenberg<\/a><\/h4>\n<h6 class=\"portfolio_subtitle\"> <\/h6>    <\/div>\n<\/article>\n<article class=\"mix portfolio_category_2255\">\n    <div class='image_holder default_hover'>\n        \n<span class='image'><img loading=\"lazy\" decoding=\"async\" width=\"550\" height=\"498\" src=\"https:\/\/www.climatecoating.com\/wp-content\/uploads\/2021\/02\/Wohnbloecke-in-Botkyrka_01-550x498.jpg\" class=\"attachment-portfolio-default size-portfolio-default wp-post-image\" alt=\"Flerfamiljshus i Botkyrka 01\" srcset=\"https:\/\/www.climatecoating.com\/wp-content\/uploads\/2021\/02\/Wohnbloecke-in-Botkyrka_01-550x498.jpg 550w, https:\/\/www.climatecoating.com\/wp-content\/uploads\/2021\/02\/Wohnbloecke-in-Botkyrka_01-480x434.jpg 480w, https:\/\/www.climatecoating.com\/wp-content\/uploads\/2021\/02\/Wohnbloecke-in-Botkyrka_01-125x112.jpg 125w\" sizes=\"auto, (max-width: 550px) 100vw, 550px\" \/><\/span>\n                    <a class='portfolio_link_class' href='https:\/\/www.climatecoating.com\/sv\/referenser\/referens\/flerfamiljshus-i-botkyrka\/' target='_self'><\/a>\n\t\t\n        <div class=\"portfolio_shader\"><\/div>\n\t\t<div class=\"icons_holder\">\n\t<div class=\"icons_holder_inner\">\n\t\t\t\t\t<a class='portfolio_lightbox' title='Kostnadsreduktion f\u00f6r kylning och kylning' href='https:\/\/www.climatecoating.com\/wp-content\/uploads\/2021\/02\/Wohnbloecke-in-Botkyrka_01.jpg' data-rel='prettyPhoto[pretty_photo_gallery]'><\/a>\n\t\t\t\t\t<\/div>\n<\/div>\n    <\/div>\n\n    <div class='portfolio_description ' >\n            <h4 class=\"portfolio_title\" ><a href=\"https:\/\/www.climatecoating.com\/sv\/referenser\/referens\/flerfamiljshus-i-botkyrka\/\" target=\"_self\"> Flerfamiljshus i Botkyrka<\/a><\/h4>\n<h6 class=\"portfolio_subtitle\"> <\/h6>    <\/div>\n<\/article>\n<article class=\"mix portfolio_category_2255\">\n    <div class='image_holder default_hover'>\n        \n<span class='image'><img loading=\"lazy\" decoding=\"async\" width=\"550\" height=\"498\" src=\"https:\/\/www.climatecoating.com\/wp-content\/uploads\/2020\/07\/Mehrfamilienhaus-in-Jonava_03-550x498.jpg\" class=\"attachment-portfolio-default size-portfolio-default wp-post-image\" alt=\"Hyreshus i Jonava 03\" srcset=\"https:\/\/www.climatecoating.com\/wp-content\/uploads\/2020\/07\/Mehrfamilienhaus-in-Jonava_03-550x498.jpg 550w, https:\/\/www.climatecoating.com\/wp-content\/uploads\/2020\/07\/Mehrfamilienhaus-in-Jonava_03-480x434.jpg 480w, https:\/\/www.climatecoating.com\/wp-content\/uploads\/2020\/07\/Mehrfamilienhaus-in-Jonava_03-125x112.jpg 125w\" sizes=\"auto, (max-width: 550px) 100vw, 550px\" \/><\/span>\n                    <a class='portfolio_link_class' href='https:\/\/www.climatecoating.com\/sv\/referenser\/referens\/hyreshus-i-jonava\/' target='_self'><\/a>\n\t\t\n        <div class=\"portfolio_shader\"><\/div>\n\t\t<div class=\"icons_holder\">\n\t<div class=\"icons_holder_inner\">\n\t\t\t\t\t<a class='portfolio_lightbox' title='Kostnadsreduktion f\u00f6r kylning och kylning' href='https:\/\/www.climatecoating.com\/wp-content\/uploads\/2020\/07\/Mehrfamilienhaus-in-Jonava_03.jpg' data-rel='prettyPhoto[pretty_photo_gallery]'><\/a>\n\t\t\t\t\t<\/div>\n<\/div>\n    <\/div>\n\n    <div class='portfolio_description ' >\n            <h4 class=\"portfolio_title\" ><a href=\"https:\/\/www.climatecoating.com\/sv\/referenser\/referens\/hyreshus-i-jonava\/\" target=\"_self\"> Hyreshus i Jonava<\/a><\/h4>\n<h6 class=\"portfolio_subtitle\"> <\/h6>    <\/div>\n<\/article>\n<article class=\"mix portfolio_category_2255\">\n    <div class='image_holder default_hover'>\n        \n<span class='image'><img loading=\"lazy\" decoding=\"async\" width=\"550\" height=\"498\" src=\"https:\/\/www.climatecoating.com\/wp-content\/uploads\/2021\/02\/Die-Waermestrommessung-zu-Rom_01-550x498.jpg\" class=\"attachment-portfolio-default size-portfolio-default wp-post-image\" alt=\"V\u00e4rmefl\u00f6desm\u00e4tningen f\u00f6r Rom 01\" srcset=\"https:\/\/www.climatecoating.com\/wp-content\/uploads\/2021\/02\/Die-Waermestrommessung-zu-Rom_01-550x498.jpg 550w, https:\/\/www.climatecoating.com\/wp-content\/uploads\/2021\/02\/Die-Waermestrommessung-zu-Rom_01-480x434.jpg 480w, https:\/\/www.climatecoating.com\/wp-content\/uploads\/2021\/02\/Die-Waermestrommessung-zu-Rom_01-125x112.jpg 125w\" sizes=\"auto, (max-width: 550px) 100vw, 550px\" \/><\/span>\n                    <a class='portfolio_link_class' href='https:\/\/www.climatecoating.com\/sv\/referenser\/referens\/varmeflodesmatningen-i-rom\/' target='_self'><\/a>\n\t\t\n        <div class=\"portfolio_shader\"><\/div>\n\t\t<div class=\"icons_holder\">\n\t<div class=\"icons_holder_inner\">\n\t\t\t\t\t<a class='portfolio_lightbox' title='Kostnadsreduktion f\u00f6r kylning och kylning' href='https:\/\/www.climatecoating.com\/wp-content\/uploads\/2021\/02\/Die-Waermestrommessung-zu-Rom_01.jpg' data-rel='prettyPhoto[pretty_photo_gallery]'><\/a>\n\t\t\t\t\t<\/div>\n<\/div>\n    <\/div>\n\n    <div class='portfolio_description ' >\n            <h4 class=\"portfolio_title\" ><a href=\"https:\/\/www.climatecoating.com\/sv\/referenser\/referens\/varmeflodesmatningen-i-rom\/\" target=\"_self\"> V\u00e4rmefl\u00f6desm\u00e4tningen i Rom<\/a><\/h4>\n<h6 class=\"portfolio_subtitle\"> <\/h6>    <\/div>\n<\/article>\n\t\t\t\t\t<div class='filler'><\/div>\n\t\t\t\t\t\t\t\t\t<div class='filler'><\/div>\n\t\t\t\t\t\t\t\t\t<div class='filler'><\/div>\n\t\t\t\t\t\t\t\t\t<div class='filler'><\/div>\n\t\t\t\t\t<\/div>\n\n    \n\t\t\t<div class=\"portfolio_paging\"><span rel=\"10\" class=\"load_more\"><a href=\"https:\/\/www.climatecoating.com\/sv\/wp-json\/wp\/v2\/pages\/38267\/page\/2\/\" >Visa mer<\/a><\/span><\/div>\n\t\t<div class=\"portfolio_paging_loading\"><a href=\"javascript: void(0)\" class=\"qbutton\">Loading...<\/a><\/div>\n\t<\/div>\n[\/vc_column][\/vc_row][vc_row row_type=&#8221;row&#8221; use_row_as_full_screen_section=&#8221;no&#8221; type=&#8221;full_width&#8221; text_align=&#8221;left&#8221; background_animation=&#8221;none&#8221; css_animation=&#8221;&#8221;][vc_column][\/vc_column][\/vc_row]<\/p>\n<\/div>","protected":false},"excerpt":{"rendered":"Vintern 2015\/2016 Som bekant \u00e4r det medvetet nonsens att m\u00e4ta ett provexemplar belagt med ClimateCoating \u00ae i v\u00e4rmeplattan, eftersom det med denna metod inte l\u00e4ngre finns n\u00e5gon yta \u2013 ingen yta, ingen ytaktivitet. Vidare, med varmbox- och klimatkammare i laboratoriet, har det uppst\u00e5tt erfarenheter av...","protected":false},"author":1,"featured_media":0,"parent":38031,"menu_order":9999,"comment_status":"closed","ping_status":"closed","template":"","meta":{"footnotes":""},"class_list":["post-38267","page","type-page","status-publish","hentry"],"_links":{"self":[{"href":"https:\/\/www.climatecoating.com\/sv\/wp-json\/wp\/v2\/pages\/38267","targetHints":{"allow":["GET"]}}],"collection":[{"href":"https:\/\/www.climatecoating.com\/sv\/wp-json\/wp\/v2\/pages"}],"about":[{"href":"https:\/\/www.climatecoating.com\/sv\/wp-json\/wp\/v2\/types\/page"}],"author":[{"embeddable":true,"href":"https:\/\/www.climatecoating.com\/sv\/wp-json\/wp\/v2\/users\/1"}],"replies":[{"embeddable":true,"href":"https:\/\/www.climatecoating.com\/sv\/wp-json\/wp\/v2\/comments?post=38267"}],"version-history":[{"count":0,"href":"https:\/\/www.climatecoating.com\/sv\/wp-json\/wp\/v2\/pages\/38267\/revisions"}],"up":[{"embeddable":true,"href":"https:\/\/www.climatecoating.com\/sv\/wp-json\/wp\/v2\/pages\/38031"}],"wp:attachment":[{"href":"https:\/\/www.climatecoating.com\/sv\/wp-json\/wp\/v2\/media?parent=38267"}],"curies":[{"name":"wp","href":"https:\/\/api.w.org\/{rel}","templated":true}]}}