{"id":38274,"date":"2022-02-21T17:45:34","date_gmt":"2022-02-21T16:45:34","guid":{"rendered":"https:\/\/www.climatecoating.com\/anvaendningsomraden\/tillverkning\/"},"modified":"2022-02-21T17:45:36","modified_gmt":"2022-02-21T16:45:36","slug":"tillverkning","status":"publish","type":"page","link":"https:\/\/www.climatecoating.com\/sv\/anvaendningsomraden\/tillverkning\/","title":{"rendered":"Tillverkning"},"content":{"rendered":"<div class=\"wpb-content-wrapper\"><p>[vc_row row_type=&#8221;row&#8221; use_row_as_full_screen_section=&#8221;no&#8221; type=&#8221;full_width&#8221; text_align=&#8221;left&#8221; background_animation=&#8221;none&#8221; padding_bottom=&#8221;45&#8243; css_animation=&#8221;&#8221;][vc_column][vc_single_image image=&#8221;36488&#8243; img_size=&#8221;full&#8221; qode_css_animation=&#8221;&#8221; css=&#8221;.vc_custom_1605018310308{padding-bottom: 30px !important;}&#8221;][vc_column_text]<\/p>\n<h1>Tillverkning<\/h1>\n<p>[\/vc_column_text][vc_column_text css=&#8221;.vc_custom_1612437494024{padding-bottom: 30px !important;}&#8221;]Fabrikshallar, produktionsrum, atelj\u00e9er \u2013 alla har v\u00e4ggar, tak, fasader och tak. Fr\u00e5n snygg v\u00e4ggf\u00e4rg till funktionell takbel\u00e4ggning, vi kan st\u00f6dja dig i ditt projekt med ClimateCoating <sup>\u00ae<\/sup> . Du har alltid f\u00f6rdelen av att skydda milj\u00f6n och resurserna i din varukorg.[\/vc_column_text][vc_row_inner row_type=&#8221;row&#8221; type=&#8221;full_width&#8221; use_row_as_full_screen_section_slide=&#8221;no&#8221; text_align=&#8221;left&#8221; css_animation=&#8221;&#8221;][vc_column_inner width=&#8221;1\/3&#8243;][vc_column_text]APPLIKATIONER INOMHUS[\/vc_column_text][vc_gallery interval=&#8221;3&#8243; images=&#8221;36374,36377,36542&#8243; img_size=&#8221;full&#8221; onclick=&#8221;&#8221; el_class=&#8221;flex-noarrows&#8221;][vc_separator type=&#8221;small&#8221; position=&#8221;left&#8221; border_style=&#8221;&#8221; up=&#8221;18&#8243; down=&#8221;20&#8243; color=&#8221;#d6202d&#8221;][vc_column_text]f\u00f6rebyggande av kondens<\/p>\n<p>fuktkontroll<\/p>\n<p>Luktneutralitet<\/p>\n<p>smutsmotst\u00e5nd<\/p>\n<p>Energi sparande<\/p>\n<p>akustisk f\u00f6rb\u00e4ttring<\/p>\n<p>F\u00f6rst\u00f6relse av smuts genom fotokatalys<\/p>\n<p>Rumsbelysning genom ljusreflektion<\/p>\n<p>Takplattor f\u00f6rfriskning[\/vc_column_text][\/vc_column_inner][vc_column_inner width=&#8221;1\/3&#8243;][vc_column_text]BYGGNADS EXTERI\u00d6R[\/vc_column_text][vc_gallery interval=&#8221;3&#8243; images=&#8221;36357,36378,36506&#8243; img_size=&#8221;full&#8221; onclick=&#8221;&#8221; el_class=&#8221;flex-noarrows&#8221;][vc_separator type=&#8221;small&#8221; position=&#8221;left&#8221; border_style=&#8221;&#8221; up=&#8221;18&#8243; down=&#8221;20&#8243; color=&#8221;#d6202d&#8221;][vc_column_text]Energi sparande<\/p>\n<p>livsl\u00e4ngd<\/p>\n<p>frihet fr\u00e5n sprickor<\/p>\n<p>robusthet<\/p>\n<p>smutsavst\u00f6tande<\/p>\n<p>fukthantering<\/p>\n<p>brandskyddsmedel<\/p>\n<p>L\u00e5ngsiktigt v\u00e4derskydd f\u00f6r tr\u00e4[\/vc_column_text][\/vc_column_inner][vc_column_inner width=&#8221;1\/3&#8243;][vc_column_text]TAKSTRUKTURER[\/vc_column_text][vc_gallery interval=&#8221;3&#8243; images=&#8221;36359,36539,36540&#8243; img_size=&#8221;full&#8221; onclick=&#8221;&#8221; el_class=&#8221;flex-noarrows&#8221;][vc_separator type=&#8221;small&#8221; position=&#8221;left&#8221; border_style=&#8221;&#8221; up=&#8221;18&#8243; down=&#8221;20&#8243; color=&#8221;#d6202d&#8221;][vc_column_text]Kostnadsreduktion f\u00f6r kylning och kylning<\/p>\n<p>v\u00e4derskydd<\/p>\n<p>\u00e5tdragning<\/p>\n<p>Termisk avkoppling[\/vc_column_text][\/vc_column_inner][\/vc_row_inner][\/vc_column][\/vc_row][vc_row row_type=&#8221;row&#8221; use_row_as_full_screen_section=&#8221;no&#8221; type=&#8221;full_width&#8221; text_align=&#8221;left&#8221; background_animation=&#8221;none&#8221; css_animation=&#8221;&#8221;][vc_column][\/vc_column][\/vc_row]<\/p>\n<\/div>","protected":false},"excerpt":{"rendered":"Tillverkning Fabrikshallar, produktionsrum, atelj\u00e9er \u2013 alla har v\u00e4ggar, tak, fasader och tak. Fr\u00e5n snygg v\u00e4ggf\u00e4rg till funktionell takbel\u00e4ggning, vi kan st\u00f6dja dig i ditt projekt med ClimateCoating \u00ae . Du har alltid f\u00f6rdelen av att skydda milj\u00f6n och resurserna i din varukorg. APPLIKATIONER INOMHUS f\u00f6rebyggande...","protected":false},"author":1,"featured_media":0,"parent":38031,"menu_order":120,"comment_status":"closed","ping_status":"closed","template":"","meta":{"footnotes":""},"class_list":["post-38274","page","type-page","status-publish","hentry"],"_links":{"self":[{"href":"https:\/\/www.climatecoating.com\/sv\/wp-json\/wp\/v2\/pages\/38274","targetHints":{"allow":["GET"]}}],"collection":[{"href":"https:\/\/www.climatecoating.com\/sv\/wp-json\/wp\/v2\/pages"}],"about":[{"href":"https:\/\/www.climatecoating.com\/sv\/wp-json\/wp\/v2\/types\/page"}],"author":[{"embeddable":true,"href":"https:\/\/www.climatecoating.com\/sv\/wp-json\/wp\/v2\/users\/1"}],"replies":[{"embeddable":true,"href":"https:\/\/www.climatecoating.com\/sv\/wp-json\/wp\/v2\/comments?post=38274"}],"version-history":[{"count":0,"href":"https:\/\/www.climatecoating.com\/sv\/wp-json\/wp\/v2\/pages\/38274\/revisions"}],"up":[{"embeddable":true,"href":"https:\/\/www.climatecoating.com\/sv\/wp-json\/wp\/v2\/pages\/38031"}],"wp:attachment":[{"href":"https:\/\/www.climatecoating.com\/sv\/wp-json\/wp\/v2\/media?parent=38274"}],"curies":[{"name":"wp","href":"https:\/\/api.w.org\/{rel}","templated":true}]}}