{"id":38312,"date":"2022-02-21T17:45:38","date_gmt":"2022-02-21T16:45:38","guid":{"rendered":"https:\/\/www.climatecoating.com\/foretag\/service\/"},"modified":"2023-04-26T18:36:33","modified_gmt":"2023-04-26T16:36:33","slug":"service","status":"publish","type":"page","link":"https:\/\/www.climatecoating.com\/sv\/foretag\/service\/","title":{"rendered":"Service"},"content":{"rendered":"<div class=\"wpb-content-wrapper\"><p>[vc_row row_type=&#8221;row&#8221; use_row_as_full_screen_section=&#8221;no&#8221; type=&#8221;full_width&#8221; text_align=&#8221;left&#8221; background_animation=&#8221;none&#8221; padding_bottom=&#8221;45&#8243; css_animation=&#8221;&#8221;][vc_column][vc_single_image image=&#8221;36499&#8243; img_size=&#8221;full&#8221; qode_css_animation=&#8221;&#8221; css=&#8221;.vc_custom_1604618064781{padding-bottom: 30px !important;}&#8221;][\/vc_column][\/vc_row][vc_row row_type=&#8221;row&#8221; use_row_as_full_screen_section=&#8221;no&#8221; type=&#8221;full_width&#8221; text_align=&#8221;left&#8221; background_animation=&#8221;none&#8221; css_animation=&#8221;&#8221;][vc_column width=&#8221;1\/4&#8243; el_class=&#8221;serviceboxes&#8221;]<div class=\"templatera_shortcode\"><div     class=\"vc_row wpb_row section vc_row-fluid backlink\" style=' text-align:left;'><div class=\" full_section_inner clearfix\"><div class=\"wpb_column vc_column_container vc_col-sm-12\"><div class=\"vc_column-inner\"><div class=\"wpb_wrapper\"><div class=\"ult_row_spacer\"><div class=\"ult-sticky-anchor\"><div class=\"ult-sticky-section ult-sticky \"  data-gutter= '100' data-stick_behaviour= 'stick_with_scroll_row'  data-sticky_position= 'top' data-mobile='no' data-support='no'><div  class=\"wpb_widgetised_column wpb_content_element\">\n\t\t<div class=\"wpb_wrapper\">\n\t\t\t\n\t\t\t\n\t\t<\/div>\n\t<\/div>\n<\/div><div class=\"ult-space\"><\/div><\/div><\/div><\/div><\/div><\/div><\/div><\/div><\/div>[\/vc_column][vc_column width=&#8221;3\/4&#8243;][vc_column_text css=&#8221;.vc_custom_1610449799770{padding-bottom: 20px !important;}&#8221;]<\/p>\n<h1>Service<\/h1>\n<p>[\/vc_column_text][vc_row_inner row_type=&#8221;row&#8221; type=&#8221;full_width&#8221; use_row_as_full_screen_section_slide=&#8221;no&#8221; text_align=&#8221;left&#8221; css_animation=&#8221;&#8221; css=&#8221;.vc_custom_1610450945201{padding-bottom: 30px !important;}&#8221;][vc_column_inner width=&#8221;1\/3&#8243;]<div class=\"image_with_text\"><img decoding=\"async\" src=\"https:\/\/www.climatecoating.com\/wp-content\/uploads\/2020\/12\/service_Planer-Beratung.jpg\" alt=\"Service - Planer Beratung\" \/><h2 >R\u00e5d till planerare<\/h2><span style=\"margin: 6px 0px;\" class=\"separator transparent\"><\/span>Dina projekt \u00e4r v\u00e5rt dagliga arbete. Vi st\u00f6djer dig med bel\u00e4ggningsuppgifter fr\u00e5n planering till genomf\u00f6rande.<\/div>[\/vc_column_inner][vc_column_inner width=&#8221;1\/3&#8243;]<div class=\"image_with_text\"><img decoding=\"async\" src=\"https:\/\/www.climatecoating.com\/wp-content\/uploads\/2020\/12\/service_Farbfaecher.jpg\" alt=\"Service - Farbf\u00e4cher\" \/><h2 >Olika f\u00e4rger f\u00f6r ditt projekt<\/h2><span style=\"margin: 6px 0px;\" class=\"separator transparent\"><\/span>Du s\u00e4tter tonen. Vi f\u00f6rverkligar dina f\u00e4rgdr\u00f6mmar \u2013 med mer \u00e4n 100 000 f\u00e4rgnyanser, \u00e4ven enligt RAL, NCS eller andra vanliga f\u00e4rgsystem.<\/div>[\/vc_column_inner][vc_column_inner width=&#8221;1\/3&#8243;]<div class=\"image_with_text\"><img decoding=\"async\" src=\"https:\/\/www.climatecoating.com\/wp-content\/uploads\/2020\/12\/service_Broschuere-Werbemittel.jpg\" alt=\"Service - Brosch\u00fcre Werbemittel\" \/><h2 >Speciell produktinformation<\/h2><span style=\"margin: 6px 0px;\" class=\"separator transparent\"><\/span>Informera dig sj\u00e4lv. <a href=\"https:\/\/www.climatecoating.com\/sv\/media-bibliotek\/\">H\u00e4r hittar du aktuell produktinformation som nedladdning eller interaktivt.<\/a><\/div>[\/vc_column_inner][\/vc_row_inner][vc_row_inner row_type=&#8221;row&#8221; type=&#8221;full_width&#8221; use_row_as_full_screen_section_slide=&#8221;no&#8221; text_align=&#8221;left&#8221; css_animation=&#8221;&#8221; css=&#8221;.vc_custom_1610451346022{padding-bottom: 20px !important;}&#8221;][vc_column_inner width=&#8221;1\/3&#8243;]<div class=\"image_with_text\"><img decoding=\"async\" src=\"https:\/\/www.climatecoating.com\/wp-content\/uploads\/2020\/12\/service_Versand.jpg\" alt=\"Service - Versand\" \/><h2 >Global frakt<\/h2><span style=\"margin: 6px 0px;\" class=\"separator transparent\"><\/span>Beh\u00f6ver du olika typer av containrar i Asien med kort varsel? Vi ordnar alla transporter f\u00f6r dig, efter dina \u00f6nskem\u00e5l.<\/div>[\/vc_column_inner][vc_column_inner width=&#8221;1\/3&#8243;]<div class=\"image_with_text\"><img decoding=\"async\" src=\"https:\/\/www.climatecoating.com\/wp-content\/uploads\/2020\/12\/service_Referenzen.jpg\" alt=\"Service - Referenzen\" \/><h2 >V\u00e4rldsomsp\u00e4nnande referenser<\/h2><span style=\"margin: 6px 0px;\" class=\"separator transparent\"><\/span>\u00d6vertyga dig sj\u00e4lv om bel\u00e4ggningsl\u00f6sningar och bem\u00e4strade utmaningar. <a href=\"https:\/\/www.climatecoating.com\/sv\/referenser\/\">Dyk ner i v\u00e5ra vittnesm\u00e5l.<\/a><\/div>[\/vc_column_inner][vc_column_inner width=&#8221;1\/3&#8243;]<div class=\"image_with_text\"><img decoding=\"async\" src=\"https:\/\/www.climatecoating.com\/wp-content\/uploads\/2020\/12\/service_SocialMedia.jpg\" alt=\"Service - SocialMedia\" \/><h2 >sociala media<\/h2><span style=\"margin: 6px 0px;\" class=\"separator transparent\"><\/span>Du hittar oss och v\u00e5ra partners h\u00e4r:<\/p>\n<ul>\n<li><a href=\"https:\/\/www.facebook.com\/climatecoating\">Facebook<\/a><\/li>\n<li><a href=\"https:\/\/www.youtube.com\/channel\/UCSMRr-e31t2xlUXyIAlmw-Q\">Youtube<\/a><\/li>\n<\/ul>\n<p><\/div>[\/vc_column_inner][\/vc_row_inner][vc_column_text css=&#8221;.vc_custom_1610451352838{padding-bottom: 30px !important;}&#8221;]Vi st\u00f6ttar dig g\u00e4rna med v\u00e5r expertis och v\u00e5rt globala n\u00e4tverk.<br \/>\n<a href=\"https:\/\/www.climatecoating.com\/sv\/kontakt-2\/\">Anv\u00e4nd oss!<\/a>[\/vc_column_text][\/vc_column][\/vc_row]<\/p>\n<\/div>","protected":false},"excerpt":{"rendered":"Service R\u00e5d till planerareDina projekt \u00e4r v\u00e5rt dagliga arbete. Vi st\u00f6djer dig med bel\u00e4ggningsuppgifter fr\u00e5n planering till genomf\u00f6rande.Olika f\u00e4rger f\u00f6r ditt projektDu s\u00e4tter tonen. Vi f\u00f6rverkligar dina f\u00e4rgdr\u00f6mmar \u2013 med mer \u00e4n 100 000 f\u00e4rgnyanser, \u00e4ven enligt RAL, NCS eller andra vanliga f\u00e4rgsystem.Speciell produktinformationInformera dig...","protected":false},"author":1,"featured_media":0,"parent":38159,"menu_order":685,"comment_status":"closed","ping_status":"closed","template":"","meta":{"footnotes":""},"class_list":["post-38312","page","type-page","status-publish","hentry"],"_links":{"self":[{"href":"https:\/\/www.climatecoating.com\/sv\/wp-json\/wp\/v2\/pages\/38312","targetHints":{"allow":["GET"]}}],"collection":[{"href":"https:\/\/www.climatecoating.com\/sv\/wp-json\/wp\/v2\/pages"}],"about":[{"href":"https:\/\/www.climatecoating.com\/sv\/wp-json\/wp\/v2\/types\/page"}],"author":[{"embeddable":true,"href":"https:\/\/www.climatecoating.com\/sv\/wp-json\/wp\/v2\/users\/1"}],"replies":[{"embeddable":true,"href":"https:\/\/www.climatecoating.com\/sv\/wp-json\/wp\/v2\/comments?post=38312"}],"version-history":[{"count":0,"href":"https:\/\/www.climatecoating.com\/sv\/wp-json\/wp\/v2\/pages\/38312\/revisions"}],"up":[{"embeddable":true,"href":"https:\/\/www.climatecoating.com\/sv\/wp-json\/wp\/v2\/pages\/38159"}],"wp:attachment":[{"href":"https:\/\/www.climatecoating.com\/sv\/wp-json\/wp\/v2\/media?parent=38312"}],"curies":[{"name":"wp","href":"https:\/\/api.w.org\/{rel}","templated":true}]}}