{"id":38452,"date":"2022-02-21T17:59:13","date_gmt":"2022-02-21T16:59:13","guid":{"rendered":"https:\/\/www.climatecoating.com\/hem\/"},"modified":"2025-12-12T10:39:16","modified_gmt":"2025-12-12T09:39:16","slug":"hem","status":"publish","type":"page","link":"https:\/\/www.climatecoating.com\/sv\/","title":{"rendered":"Hem"},"content":{"rendered":"<div class=\"wpb-content-wrapper\"><p>[vc_row row_type=&#8221;row&#8221; use_row_as_full_screen_section=&#8221;no&#8221; type=&#8221;grid&#8221; text_align=&#8221;left&#8221; background_animation=&#8221;none&#8221; css_animation=&#8221;&#8221;][vc_column][vc_column_text]<\/p>\n<h1 class=\"homeheadone\">ClimateCoating <sup>\u00ae<\/sup> \u2013<br \/>\nintelligenta funktionella bel\u00e4ggningar f\u00f6r byggnader, interi\u00f6rer och industriella applikationer.<br \/>\nMilj\u00f6v\u00e4nlig. Kraftfull. effektiv.<\/h1>\n<h2 class=\"homeheadtwo\">Gjord i Tyskland. gjord f\u00f6r dig<\/h2>\n<p>[\/vc_column_text][vc_separator type=&#8221;normal&#8221; border_style=&#8221;&#8221; thickness=&#8221;1&#8243; up=&#8221;10&#8243; down=&#8221;0&#8243; color=&#8221;#c4c4c4&#8243;][\/vc_column][\/vc_row][vc_row row_type=&#8221;row&#8221; use_row_as_full_screen_section=&#8221;no&#8221; type=&#8221;grid&#8221; text_align=&#8221;left&#8221; background_animation=&#8221;none&#8221; padding_top=&#8221;26&#8243; css_animation=&#8221;&#8221; background_color=&#8221;#ffffff&#8221;][vc_column width=&#8221;1\/2&#8243;][vc_raw_html css=&#8221;.vc_custom_1765532333921{padding-right: 10px !important;}&#8221;]JTNDYSUyMGhyZWYlM0QlMjJodHRwcyUzQSUyRiUyRnd3dy55b3V0dWJlLmNvbSUyRmVtYmVkJTJGVEZIX3UzbTdJRkElM0ZhdXRvcGxheSUzRDElMjIlMjBjbGFzcyUzRCUyMnZpZGVvLXRodW1ibmFpbCUyMiUzRSUwRCUwQSUyMCUyMCUzQ2ltZyUyMHNyYyUzRCUyMmh0dHBzJTNBJTJGJTJGaW1nLnlvdXR1YmUuY29tJTJGdmklMkZURkhfdTNtN0lGQSUyRm1heHJlc2RlZmF1bHQuanBnJTIyJTIwYWx0JTNEJTIyVmlkZW8lMjBUaHVtYm5haWwlMjIlM0UlMEQlMEElM0MlMkZhJTNFJTBEJTBBJTBEJTBBJTNDc3R5bGUlM0UlMEQlMEEudmlkZW8tdGh1bWJuYWlsJTIwJTdCJTBEJTBBJTIwJTIwZGlzcGxheSUzQSUyMGJsb2NrJTNCJTBEJTBBJTIwJTIwd2lkdGglM0ElMjAxMDAlMjUlM0IlMEQlMEElMjAlMjBtYXgtd2lkdGglM0ElMjA1MzNweCUzQiUyMCUyRiUyQSUyMEJyZWl0ZSUyMGRlcyUyMFBsYXllcnMlMjAlMkElMkYlMEQlMEElMjAlMjBhc3BlY3QtcmF0aW8lM0ElMjAxNiUyMCUyRiUyMDklM0IlMjAlMkYlMkElMjBoJUMzJUE0bHQlMjBkYXMlMjBTZWl0ZW52ZXJoJUMzJUE0bHRuaXMlMjAlMkElMkYlMEQlMEElMjAlMjBvdmVyZmxvdyUzQSUyMGhpZGRlbiUzQiUwRCUwQSU3RCUwRCUwQSUwRCUwQS52aWRlby10aHVtYm5haWwlMjBpbWclMjAlN0IlMEQlMEElMjAlMjB3aWR0aCUzQSUyMDEwMCUyNSUzQiUwRCUwQSUyMCUyMGhlaWdodCUzQSUyMDEwMCUyNSUzQiUwRCUwQSUyMCUyMG9iamVjdC1maXQlM0ElMjBjb3ZlciUzQiUyMCUyRiUyQSUyMGYlQzMlQkNsbHQlMjBkZW4lMjBDb250YWluZXIlMkMlMjBrZWluZSUyMHNjaHdhcnplbiUyMEJhbGtlbiUyMCUyQSUyRiUwRCUwQSUyMCUyMGRpc3BsYXklM0ElMjBibG9jayUzQiUwRCUwQSU3RCUwRCUwQSUzQyUyRnN0eWxlJTNF[\/vc_raw_html][\/vc_column][vc_column width=&#8221;1\/2&#8243;][vc_column_text]<\/p>\n<h3 class=\"homeheadthree\">Teknik som \u00f6vertygar<\/h3>\n<p>[\/vc_column_text][vc_separator type=&#8221;small&#8221; position=&#8221;left&#8221; border_style=&#8221;&#8221; up=&#8221;18&#8243; down=&#8221;20&#8243; color=&#8221;#d6202d&#8221;][vc_column_text]ClimateCoating <sup>\u00ae<\/sup> -produkter hj\u00e4lper fysiskt att spara material, energi och arbetsresurser. Den unika reflekterande membranteknologin skyddar byggmaterial p\u00e5 l\u00e5ng sikt, bevarar v\u00e4rden f\u00f6r framtida generationer och skyddar milj\u00f6n.<\/p>\n<p>Oavsett om man ska undvika m\u00f6gel i fuktiga rum som badrum, k\u00e4llare och k\u00f6k, f\u00f6r l\u00e5ngsiktiga algfria fasader eller f\u00f6r att skydda tak fr\u00e5n uppv\u00e4rmning \u2013 ClimateCoating <sup>\u00ae<\/sup> -bel\u00e4ggningar hj\u00e4lper till att l\u00f6sa problem och \u00f6vertyga kunder \u00f6ver hela v\u00e4rlden.<\/p>\n<p><a href=\"https:\/\/www.climatecoating.com\/sv\/produkter\/\">Till produkttekniken<\/a>[\/vc_column_text][\/vc_column][\/vc_row][vc_row row_type=&#8221;row&#8221; use_row_as_full_screen_section=&#8221;no&#8221; type=&#8221;grid&#8221; text_align=&#8221;left&#8221; background_animation=&#8221;none&#8221; padding_top=&#8221;30&#8243; padding_bottom=&#8221;0&#8243; css_animation=&#8221;&#8221;][vc_column][vc_separator type=&#8221;normal&#8221; border_style=&#8221;&#8221; thickness=&#8221;1&#8243; up=&#8221;10&#8243; down=&#8221;0&#8243; color=&#8221;#c4c4c4&#8243;][\/vc_column][\/vc_row][vc_row row_type=&#8221;row&#8221; use_row_as_full_screen_section=&#8221;no&#8221; type=&#8221;grid&#8221; text_align=&#8221;left&#8221; background_animation=&#8221;none&#8221; padding_top=&#8221;29&#8243; css_animation=&#8221;&#8221; background_color=&#8221;#ffffff&#8221;][vc_column width=&#8221;1\/2&#8243;][vc_column_text]<\/p>\n<h3 class=\"homeheadthree\">anv\u00e4ndningsomr\u00e5den<\/h3>\n<p>[\/vc_column_text][vc_separator type=&#8221;small&#8221; position=&#8221;left&#8221; border_style=&#8221;&#8221; up=&#8221;18&#8243; down=&#8221;20&#8243; color=&#8221;#d6202d&#8221;][vc_column_text]Fasader, tak, interi\u00f6rer, tr\u00e4komponenter samt containrar och tankar \u00e4r de klassiska anv\u00e4ndningsomr\u00e5dena f\u00f6r ClimateCoating <sup>\u00ae<\/sup> -produkter. Oavsett om det \u00e4r i den svala norra, i den varma s\u00f6dern eller i den fuktiga \u00f6ster, spelar bel\u00e4ggningarnas fysiska aktiva principer sina trumfkort i n\u00e4stan varje klimatzon.<\/p>\n<p>F\u00f6r inomhusbruk skapar produkttekniken ett h\u00e4lsosamt rumsklimat, tillsammans med resursbevarande och en h\u00e5llbar minskning av energif\u00f6rbrukningen. F\u00f6r uteytan inneb\u00e4r det ett skydd mot v\u00e4drets inverkan samtidigt som det p\u00e5verkar byggnadens energibalans positivt. Tekniken har f\u00e5tt flera utm\u00e4rkelser f\u00f6r detta.<\/p>\n<p><a href=\"https:\/\/www.climatecoating.com\/sv\/anvaendningsomraden\/\">Till anv\u00e4ndningsomr\u00e5dena<\/a>[\/vc_column_text][\/vc_column][vc_column width=&#8221;1\/2&#8243;][vc_single_image image=&#8221;36474&#8243; img_size=&#8221;full&#8221; qode_css_animation=&#8221;element_from_fade&#8221; transition_delay=&#8221;0.2&#8243;][\/vc_column][\/vc_row][vc_row row_type=&#8221;row&#8221; use_row_as_full_screen_section=&#8221;no&#8221; type=&#8221;grid&#8221; text_align=&#8221;left&#8221; background_animation=&#8221;none&#8221; padding_top=&#8221;30&#8243; padding_bottom=&#8221;0&#8243; css_animation=&#8221;&#8221;][vc_column][vc_separator type=&#8221;normal&#8221; border_style=&#8221;&#8221; thickness=&#8221;1&#8243; up=&#8221;10&#8243; down=&#8221;0&#8243; color=&#8221;#c4c4c4&#8243;][\/vc_column][\/vc_row][vc_row row_type=&#8221;row&#8221; use_row_as_full_screen_section=&#8221;no&#8221; type=&#8221;grid&#8221; text_align=&#8221;left&#8221; background_animation=&#8221;none&#8221; padding_top=&#8221;69&#8243; padding_bottom=&#8221;40&#8243; css_animation=&#8221;&#8221; background_color=&#8221;#ffffff&#8221;][vc_column width=&#8221;1\/3&#8243;][vc_column_text]<\/p>\n<h4 class=\"homeheadfour\">D\u00e4rav klimatbel\u00e4ggning<\/h4>\n<p>[\/vc_column_text][vc_separator type=&#8221;transparent&#8221; border_style=&#8221;&#8221; thickness=&#8221;1&#8243; up=&#8221;7&#8243; down=&#8221;0&#8243;][vc_column_text]<\/p>\n<h5>Milj\u00f6v\u00e4nlig<\/h5>\n<p>[\/vc_column_text][vc_separator type=&#8221;small&#8221; position=&#8221;left&#8221; border_style=&#8221;&#8221; up=&#8221;18&#8243; down=&#8221;20&#8243; color=&#8221;#d6202d&#8221;][vc_column_text]Produkterna uppfyller en av v\u00e4rldens str\u00e4ngaste standarder f\u00f6r kemiska utsl\u00e4pp och b\u00e4r &#8220;Greenguard&#8221;-certifikatet i guld. Anv\u00e4ndningen av v\u00e5ra produkter hj\u00e4lper till att minska CO <sub>2<\/sub> -f\u00f6rbrukningen eftersom mindre energi kr\u00e4vs f\u00f6r uppv\u00e4rmning eller kylning. Och du kan lita p\u00e5 att vi uppfyller de h\u00f6ga kraven inom kvalitets- och milj\u00f6ledning enligt DIN EN ISO 9001:2015 och 14001:2015.[\/vc_column_text][vc_separator type=&#8221;transparent&#8221; border_style=&#8221;&#8221; up=&#8221;49&#8243; down=&#8221;0&#8243;][\/vc_column][vc_column width=&#8221;1\/3&#8243;][vc_column_text]<\/p>\n<h4 class=\"homeheadfour\">D\u00e4rav klimatbel\u00e4ggning<\/h4>\n<p>[\/vc_column_text][vc_separator type=&#8221;transparent&#8221; border_style=&#8221;&#8221; thickness=&#8221;1&#8243; up=&#8221;7&#8243; down=&#8221;0&#8243;][vc_column_text]<\/p>\n<h5>Kraftfull<\/h5>\n<p>[\/vc_column_text][vc_separator type=&#8221;small&#8221; position=&#8221;left&#8221; border_style=&#8221;&#8221; up=&#8221;18&#8243; down=&#8221;20&#8243; color=&#8221;#d6202d&#8221;][vc_column_text]Produktteknologin, receptet och dispersionens h\u00f6gkvalitativa komponenter skapade egenskaper som mycket h\u00f6g solljusreflektion och l\u00e5ngvarig f\u00e4rgstabilitet, smutsbest\u00e4ndighet och robusthet, elasticitet och h\u00e5llbarhet. F\u00e4rgerna och v\u00e4ggf\u00e4rgerna erbjuder en h\u00e5llbarhet och stabilitet \u00f6ver genomsnittet som du kan lita p\u00e5.[\/vc_column_text][vc_separator type=&#8221;transparent&#8221; border_style=&#8221;&#8221; up=&#8221;49&#8243; down=&#8221;0&#8243;][\/vc_column][vc_column width=&#8221;1\/3&#8243;][vc_column_text]<\/p>\n<h4 class=\"homeheadfour\">D\u00e4rav klimatbel\u00e4ggning<\/h4>\n<p>[\/vc_column_text][vc_separator type=&#8221;transparent&#8221; border_style=&#8221;&#8221; thickness=&#8221;1&#8243; up=&#8221;7&#8243; down=&#8221;0&#8243;][vc_column_text]<\/p>\n<h5>effektiv<\/h5>\n<p>[\/vc_column_text][vc_separator type=&#8221;small&#8221; position=&#8221;left&#8221; border_style=&#8221;&#8221; up=&#8221;18&#8243; down=&#8221;20&#8243; color=&#8221;#d6202d&#8221;][vc_column_text]ClimateCoating <sup>\u00ae<\/sup> -produkter erbjuder praktiska l\u00f6sningar p\u00e5 problem. M\u00f6gel p\u00e5 v\u00e4ggar, alger, mossa, sk\u00f6ra och smutsiga fasader bek\u00e4mpas, f\u00f6rebyggs eller undviks effektivt. Uppv\u00e4rmningen av tak, interi\u00f6rer, containrar eller tankar minskar avsev\u00e4rt. Alla positiva effekter visar sig som \u00f6vertygande f\u00f6rdelar med tid, budget och attraktivitet.[\/vc_column_text][vc_separator type=&#8221;transparent&#8221; border_style=&#8221;&#8221; up=&#8221;49&#8243; down=&#8221;0&#8243;][\/vc_column][\/vc_row][vc_row row_type=&#8221;row&#8221; use_row_as_full_screen_section=&#8221;no&#8221; type=&#8221;grid&#8221; text_align=&#8221;left&#8221; background_animation=&#8221;none&#8221; css_animation=&#8221;&#8221;][vc_column][vc_separator type=&#8221;normal&#8221; border_style=&#8221;&#8221;][\/vc_column][\/vc_row][vc_row row_type=&#8221;row&#8221; use_row_as_full_screen_section=&#8221;no&#8221; type=&#8221;full_width&#8221; text_align=&#8221;center&#8221; background_animation=&#8221;none&#8221; css_animation=&#8221;&#8221;][vc_column][vc_column_text]<\/p>\n<h3 style=\"text-align: center;\">ClimateCoating och SICC i siffror<\/h3>\n<p>[\/vc_column_text][vc_row_inner row_type=&#8221;row&#8221; type=&#8221;grid&#8221; use_row_as_full_screen_section_slide=&#8221;no&#8221; text_align=&#8221;left&#8221; padding_top=&#8221;40&#8243; padding_bottom=&#8221;40&#8243; css_animation=&#8221;&#8221; el_class=&#8221;equal&#8221;][vc_column_inner width=&#8221;1\/4&#8243; css=&#8221;.vc_custom_1613982841115{background-image: url(https:\/\/www.climatecoating.com\/wp-content\/uploads\/2020\/11\/Zahlen-54Anzahl.jpg?id=23606) !important;background-position: center !important;background-repeat: no-repeat !important;background-size: cover !important;}&#8221; offset=&#8221;vc_col-lg-3 vc_col-md-2 vc_col-xs-12&#8243;]<div class=\"q_counter_holder  center\" style=\"\"><span class=\"counter  random\" style=\"color: #ffffff;\">54<\/span><p class=\"counter_text\" style=\"color: #ffffff;\">Antal samarbetsl\u00e4nder och partners<\/p><\/div>[\/vc_column_inner][vc_column_inner width=&#8221;1\/4&#8243; css=&#8221;.vc_custom_1613982867424{background-image: url(https:\/\/www.climatecoating.com\/wp-content\/uploads\/2020\/11\/Zahlen-2003Das-Jahr.jpg?id=23608) !important;background-position: center !important;background-repeat: no-repeat !important;background-size: cover !important;}&#8221; offset=&#8221;vc_col-lg-3 vc_col-md-2 vc_col-xs-12&#8243;]<div class=\"q_counter_holder  center\" style=\"\"><span class=\"counter  random\" style=\"color: #ffffff;\">2003<\/span><p class=\"counter_text\" style=\"color: #ffffff;\">\u00c5ret SICC Coatings startade i Berlin<\/p><\/div>[\/vc_column_inner][vc_column_inner width=&#8221;1\/4&#8243; css=&#8221;.vc_custom_1613982882313{background-image: url(https:\/\/www.climatecoating.com\/wp-content\/uploads\/2020\/11\/Zahlen-Basisprodukte.jpg?id=23604) !important;background-position: center !important;background-repeat: no-repeat !important;background-size: cover !important;}&#8221; offset=&#8221;vc_col-lg-3 vc_col-md-2 vc_col-xs-12&#8243;]<div class=\"q_counter_holder  center\" style=\"\"><span class=\"counter  random\" style=\"color: #ffffff;\">22<\/span><p class=\"counter_text\" style=\"color: #ffffff;\">Basprodukter f\u00f6r exteri\u00f6r, interi\u00f6r, tak och tr\u00e4<\/p><\/div>[\/vc_column_inner][vc_column_inner width=&#8221;1\/4&#8243; css=&#8221;.vc_custom_1613982929879{background-image: url(https:\/\/www.climatecoating.com\/wp-content\/uploads\/2020\/10\/Projekte-Realsiert_283x200px-1.jpg?id=23163) !important;background-position: center !important;background-repeat: no-repeat !important;background-size: cover !important;}&#8221; offset=&#8221;vc_col-lg-3 vc_col-md-2 vc_col-xs-12&#8243;]<div class=\"q_counter_holder  center\" style=\"\"><span class=\"counter  random\" style=\"color: #ffffff;\">35.000<\/span><p class=\"counter_text\" style=\"color: #ffffff;\">Projekt genomf\u00f6rda i Europa, Asien, Afrika, Amerika<\/p><\/div>[\/vc_column_inner][\/vc_row_inner][\/vc_column][\/vc_row][vc_row row_type=&#8221;row&#8221; use_row_as_full_screen_section=&#8221;no&#8221; type=&#8221;grid&#8221; text_align=&#8221;left&#8221; background_animation=&#8221;none&#8221; css_animation=&#8221;&#8221;][vc_column][vc_separator type=&#8221;normal&#8221; border_style=&#8221;&#8221;][\/vc_column][\/vc_row][vc_row row_type=&#8221;row&#8221; use_row_as_full_screen_section=&#8221;no&#8221; type=&#8221;grid&#8221; text_align=&#8221;left&#8221; background_animation=&#8221;none&#8221; css_animation=&#8221;&#8221; css=&#8221;.vc_custom_1595509034713{margin-top: 30px !important;margin-bottom: 80px !important;}&#8221;][vc_column]<div class='qode_carousels_holder clearfix with_space'><div class='qode_carousels '  data-number_of_items = 5><ul class='slides'><li class='item'><div class=\"carousel_item_holder\"><a href='https:\/\/www.climatecoating.com\/unternehmen\/auszeichnungen-zertifikate\/' target='_self'><span class='first_image_holder '><img src='https:\/\/www.climatecoating.com\/wp-content\/uploads\/2025\/10\/ECO-EPD-Logo-rgb.png' alt='Environmental Product Declaration'><\/span><\/a><\/div><\/li><li class='item'><div class=\"carousel_item_holder\"><a href='https:\/\/www.climatecoating.com\/unternehmen\/auszeichnungen-zertifikate\/' target='_self'><span class='first_image_holder '><img src='https:\/\/www.climatecoating.com\/wp-content\/uploads\/2023\/03\/ADZ-Siegel-SICC-Coatings-GmbH_web.jpg' alt='Utm\u00e4rkelsen Framtidens arbetsgivare'><\/span><\/a><\/div><\/li><li class='item'><div class=\"carousel_item_holder\"><a href='https:\/\/www.climatecoating.com\/unternehmen\/auszeichnungen-zertifikate\/' target='_self'><span class='first_image_holder '><img src='https:\/\/www.climatecoating.com\/wp-content\/uploads\/2022\/07\/zertifikat_crrc.png' alt='Certifikat fr\u00e5n Cool Roof Rating Council'><\/span><\/a><\/div><\/li><li class='item'><div class=\"carousel_item_holder\"><a href='https:\/\/www.climatecoating.com\/sv\/foretag\/utmarkelser-och-certifikat\/' target='_self'><span class='first_image_holder '><img src='https:\/\/www.climatecoating.com\/wp-content\/uploads\/2020\/06\/zertifikat_german_innovation.jpg' alt='German Innovation Award'><\/span><\/a><\/div><\/li><li class='item'><div class=\"carousel_item_holder\"><a href='https:\/\/www.climatecoating.com\/sv\/foretag\/utmarkelser-och-certifikat\/' target='_self'><span class='first_image_holder '><img src='https:\/\/www.climatecoating.com\/wp-content\/uploads\/2020\/11\/zertifikat_green_building_material.jpg' alt='Certifikat gr\u00f6nt byggmaterial'><\/span><\/a><\/div><\/li><li class='item'><div class=\"carousel_item_holder\"><a href='https:\/\/www.climatecoating.com\/sv\/foretag\/utmarkelser-och-certifikat\/' target='_self'><span class='first_image_holder '><img src='https:\/\/www.climatecoating.com\/wp-content\/uploads\/2020\/11\/zertifikat_energy_efficiency_award.jpg' alt='Energieffektivitetspris'><\/span><\/a><\/div><\/li><li class='item'><div class=\"carousel_item_holder\"><a href='https:\/\/www.climatecoating.com\/sv\/foretag\/utmarkelser-och-certifikat\/' target='_self'><span class='first_image_holder '><img src='https:\/\/www.climatecoating.com\/wp-content\/uploads\/2020\/06\/zertifikat_prix_de_linnovation.jpg' alt='Pris f\u00f6r innovation'><\/span><\/a><\/div><\/li><li class='item'><div class=\"carousel_item_holder\"><a href='https:\/\/www.climatecoating.com\/sv\/foretag\/utmarkelser-och-certifikat\/' target='_self'><span class='first_image_holder '><img src='https:\/\/www.climatecoating.com\/wp-content\/uploads\/2020\/06\/zertifikat_narodowy_institut.jpg' alt='Certifikat Narodovy Institute'><\/span><\/a><\/div><\/li><li class='item'><div class=\"carousel_item_holder\"><a href='https:\/\/www.climatecoating.com\/sv\/foretag\/utmarkelser-och-certifikat\/' target='_self'><span class='first_image_holder '><img src='https:\/\/www.climatecoating.com\/wp-content\/uploads\/2020\/06\/zertifikat_deutsches_patent_und_markenamt.jpg' alt='Intyg fr\u00e5n det tyska patent- och varum\u00e4rkesverket'><\/span><\/a><\/div><\/li><li class='item'><div class=\"carousel_item_holder\"><a href='https:\/\/www.climatecoating.com\/sv\/foretag\/utmarkelser-och-certifikat\/' target='_self'><span class='first_image_holder '><img src='https:\/\/www.climatecoating.com\/wp-content\/uploads\/2020\/06\/zertifikat_csbt.jpg' alt='CSTB-certifikat'><\/span><\/a><\/div><\/li><li class='item'><div class=\"carousel_item_holder\"><span class='first_image_holder '><img src='https:\/\/www.climatecoating.com\/wp-content\/uploads\/2020\/12\/trenner-1.png' alt='separator'><\/span><\/div><\/li><li class='item'><div class=\"carousel_item_holder\"><a href='https:\/\/www.climatecoating.com\/sv\/foretag\/utmarkelser-och-certifikat\/' target='_self'><span class='first_image_holder '><img src='https:\/\/www.climatecoating.com\/wp-content\/uploads\/2020\/11\/zertifikat_impb.png' alt='Certifikat IMPiB'><\/span><\/a><\/div><\/li><li class='item'><div class=\"carousel_item_holder\"><a href='https:\/\/www.climatecoating.com\/sv\/foretag\/utmarkelser-och-certifikat\/' target='_self'><span class='first_image_holder '><img src='https:\/\/www.climatecoating.com\/wp-content\/uploads\/2020\/06\/zertifikat_greenguard.jpg' alt='Greenguard-certifikat'><\/span><\/a><\/div><\/li><li class='item'><div class=\"carousel_item_holder\"><a href='https:\/\/www.climatecoating.com\/sv\/foretag\/utmarkelser-och-certifikat\/' target='_self'><span class='first_image_holder '><img src='https:\/\/www.climatecoating.com\/wp-content\/uploads\/2020\/06\/zertifikat_energie_effizienz_made_in_germany.jpg' alt='Energieffektivitetscertifikat Tillverkat i Tyskland'><\/span><\/a><\/div><\/li><li class='item'><div class=\"carousel_item_holder\"><a href='https:\/\/www.climatecoating.com\/sv\/foretag\/utmarkelser-och-certifikat\/' target='_self'><span class='first_image_holder '><img src='https:\/\/www.climatecoating.com\/wp-content\/uploads\/2020\/06\/zertifikat_energy_globe.jpg' alt='Energy Globe Award'><\/span><\/a><\/div><\/li><li class='item'><div class=\"carousel_item_holder\"><a href='https:\/\/www.climatecoating.com\/sv\/foretag\/utmarkelser-och-certifikat\/' target='_self'><span class='first_image_holder '><img src='https:\/\/www.climatecoating.com\/wp-content\/uploads\/2020\/06\/zertifikat_srebrny_full.jpg' alt='Intyg Srebrny'><\/span><\/a><\/div><\/li><li class='item'><div class=\"carousel_item_holder\"><a href='https:\/\/www.climatecoating.com\/sv\/foretag\/utmarkelser-och-certifikat\/' target='_self'><span class='first_image_holder '><img src='https:\/\/www.climatecoating.com\/wp-content\/uploads\/2020\/06\/zertifikat_r_and_d_services.jpg' alt='Certifikat f\u00f6r FoU-tj\u00e4nster'><\/span><\/a><\/div><\/li><li class='item'><div class=\"carousel_item_holder\"><a href='https:\/\/www.climatecoating.com\/sv\/foretag\/utmarkelser-och-certifikat\/' target='_self'><span class='first_image_holder '><img src='https:\/\/www.climatecoating.com\/wp-content\/uploads\/2020\/06\/zertifikat_aec.jpg' alt='All Electric Challenge-pris'><\/span><\/a><\/div><\/li><\/ul><ul class=\"caroufredsel-direction-nav\"><li class=\"caroufredsel-prev-holder\"><a id=\"caroufredsel-prev\" class=\"qode_carousel_prev caroufredsel-navigation-item caroufredsel-prev\" href=\"javascript: void(0)\"><span class=\"arrow_carrot-left\"><\/span><\/a><\/li><li class=\"caroufredsel-next-holder\"><a class=\"qode_carousel_next caroufredsel-next caroufredsel-navigation-item\" id=\"caroufredsel-next\" href=\"javascript: void(0)\"><span class=\"arrow_carrot-right\"><\/span><\/a><\/li><\/ul><\/div><\/div>[\/vc_column][\/vc_row]<\/p>\n<\/div>","protected":false},"excerpt":{"rendered":"<p>[vc_row row_type=&#8221;row&#8221; use_row_as_full_screen_section=&#8221;no&#8221; type=&#8221;grid&#8221; text_align=&#8221;left&#8221; background_animation=&#8221;none&#8221; css_animation=&#8221;&#8221;][vc_column][vc_column_text] ClimateCoating \u00ae \u2013 intelligenta funktionella bel\u00e4ggningar f\u00f6r byggnader, interi\u00f6rer och industriella applikationer. Milj\u00f6v\u00e4nlig. Kraftfull. effektiv. Gjord i Tyskland. gjord f\u00f6r dig [\/vc_column_text][vc_separator type=&#8221;normal&#8221; border_style=&#8221;&#8221; thickness=&#8221;1&#8243; up=&#8221;10&#8243; down=&#8221;0&#8243; color=&#8221;#c4c4c4&#8243;][\/vc_column][\/vc_row][vc_row row_type=&#8221;row&#8221; use_row_as_full_screen_section=&#8221;no&#8221; type=&#8221;grid&#8221; text_align=&#8221;left&#8221; background_animation=&#8221;none&#8221; padding_top=&#8221;26&#8243; css_animation=&#8221;&#8221; background_color=&#8221;#ffffff&#8221;][vc_column width=&#8221;1\/2&#8243;][vc_raw_html css=&#8221;.vc_custom_1765532333921{padding-right:&#8230;<\/p>\n","protected":false},"author":1,"featured_media":0,"parent":0,"menu_order":0,"comment_status":"closed","ping_status":"closed","template":"full_width.php","meta":{"footnotes":""},"class_list":["post-38452","page","type-page","status-publish","hentry"],"_links":{"self":[{"href":"https:\/\/www.climatecoating.com\/sv\/wp-json\/wp\/v2\/pages\/38452","targetHints":{"allow":["GET"]}}],"collection":[{"href":"https:\/\/www.climatecoating.com\/sv\/wp-json\/wp\/v2\/pages"}],"about":[{"href":"https:\/\/www.climatecoating.com\/sv\/wp-json\/wp\/v2\/types\/page"}],"author":[{"embeddable":true,"href":"https:\/\/www.climatecoating.com\/sv\/wp-json\/wp\/v2\/users\/1"}],"replies":[{"embeddable":true,"href":"https:\/\/www.climatecoating.com\/sv\/wp-json\/wp\/v2\/comments?post=38452"}],"version-history":[{"count":2,"href":"https:\/\/www.climatecoating.com\/sv\/wp-json\/wp\/v2\/pages\/38452\/revisions"}],"predecessor-version":[{"id":61045,"href":"https:\/\/www.climatecoating.com\/sv\/wp-json\/wp\/v2\/pages\/38452\/revisions\/61045"}],"wp:attachment":[{"href":"https:\/\/www.climatecoating.com\/sv\/wp-json\/wp\/v2\/media?parent=38452"}],"curies":[{"name":"wp","href":"https:\/\/api.w.org\/{rel}","templated":true}]}}