{"id":40300,"date":"2022-03-23T18:27:28","date_gmt":"2022-03-23T17:27:28","guid":{"rendered":"https:\/\/www.climatecoating.com\/produkter\/"},"modified":"2022-08-31T14:20:23","modified_gmt":"2022-08-31T12:20:23","slug":"produkter-oeversikt","status":"publish","type":"page","link":"https:\/\/www.climatecoating.com\/sv\/produkter-oeversikt\/","title":{"rendered":"Produkter"},"content":{"rendered":"<div class=\"wpb-content-wrapper\"><p>[vc_row row_type=&#8221;row&#8221; use_row_as_full_screen_section=&#8221;no&#8221; type=&#8221;full_width&#8221; text_align=&#8221;left&#8221; background_animation=&#8221;none&#8221; css_animation=&#8221;&#8221;][vc_column][vc_column_text]<\/p>\n<h1>Produkter<\/h1>\n<p>[\/vc_column_text][\/vc_column][\/vc_row][vc_row row_type=&#8221;row&#8221; use_row_as_full_screen_section=&#8221;no&#8221; type=&#8221;full_width&#8221; text_align=&#8221;left&#8221; background_animation=&#8221;none&#8221; css_animation=&#8221;&#8221;][vc_column width=&#8221;2\/3&#8243;][vc_column_text]<sup>ClimateCoating\u00ae-<\/sup> produkter erbjuder <strong>praktiska l\u00f6sningar p\u00e5 problem<\/strong> . M\u00f6gel p\u00e5 v\u00e4ggar, algtillv\u00e4xt, sk\u00f6ra och smutsiga fasader bek\u00e4mpas eller f\u00f6rhindras effektivt. Intr\u00e4ngning av fukt genom \u00f6sregn minskar eller undviks. Uppv\u00e4rmningen av tak, interi\u00f6rer, containrar eller tankar minskar avsev\u00e4rt.<\/p>\n<p><strong>Reflekterande membranteknologi<br \/>\n<\/strong> Hemligheten ligger i de specialutvecklade <strong>glaskeramiska ih\u00e5liga kropparna<\/strong> som omsluter ett <strong>vakuum<\/strong> . Vi har kombinerat dessa glaskeramiska ih\u00e5liga kroppar med en extremt vidh\u00e4ftande, specialutvecklad dispersion och utvalda aktivatorer. Efter applicering bildar bel\u00e4ggningen ett s\u00e5 kallat reflekterande membran.<\/p>\n<p>Effekten och f\u00f6rdelarna med bel\u00e4ggningen \u00e4r baserade p\u00e5 dessa <strong>processer av byggnadsfysik:<\/strong> Reflektion, riktad avdunstning och anti-elektrostatisk. Den extraordin\u00e4ra materialbest\u00e4ndigheten g\u00f6r bel\u00e4ggningarna robusta, anpassningsbara och mycket h\u00e5llbara.<\/p>\n<p><strong>Det milj\u00f6m\u00e4ssiga pluset:<\/strong> Alla ClimateCoating <sup>\u00ae<\/sup> -produkter \u00e4r vattenbaserade och fria fr\u00e5n l\u00f6sningsmedel.<br \/>\n<strong>Designf\u00f6rdelen:<\/strong> n\u00e4stan alla f\u00e4rgnyanser \u00e4r m\u00f6jliga.[\/vc_column_text][\/vc_column][vc_column width=&#8221;1\/3&#8243;][vc_single_image image=&#8221;36400&#8243; img_size=&#8221;full&#8221; add_caption=&#8221;yes&#8221; alignment=&#8221;right&#8221; onclick=&#8221;custom_link&#8221; img_link_target=&#8221;_blank&#8221; qode_css_animation=&#8221;&#8221; link=&#8221;https:\/\/www.youtube.com\/watch?v=wZovk682oss&#8221;][\/vc_column][\/vc_row][vc_row row_type=&#8221;row&#8221; use_row_as_full_screen_section=&#8221;no&#8221; type=&#8221;full_width&#8221; text_align=&#8221;left&#8221; background_animation=&#8221;none&#8221; css_animation=&#8221;&#8221;][vc_column][vc_separator type=&#8221;normal&#8221; border_style=&#8221;&#8221; thickness=&#8221;1&#8243; color=&#8221;#c4c4c4&#8243;][\/vc_column][\/vc_row][vc_row row_type=&#8221;row&#8221; use_row_as_full_screen_section=&#8221;no&#8221; type=&#8221;full_width&#8221; text_align=&#8221;left&#8221; background_animation=&#8221;none&#8221; css_animation=&#8221;&#8221;][vc_column width=&#8221;1\/4&#8243;][vc_single_image image=&#8221;37319&#8243; style=&#8221;vc_box_shadow&#8221; onclick=&#8221;link_image&#8221; qode_css_animation=&#8221;&#8221;][\/vc_column][vc_column width=&#8221;1\/4&#8243;][vc_column_text]<strong>Allt du beh\u00f6ver veta. Produkt\u00f6versikten f\u00f6r nedladdning.<\/strong><\/p>\n<p><a href=\"https:\/\/www.climatecoating.com\/wp-content\/uploads\/2022\/01\/Leporello_DL_18S_EN.pdf\" target=\"_blank\" rel=\"noopener\">Leporello<\/a> PDF | <a href=\"mailto:siedentopf@sicc.de\">Skriv ut p\u00e5 beg\u00e4ran<\/a>[\/vc_column_text][\/vc_column][vc_column width=&#8221;1\/4&#8243;][vc_column_text]<strong>Svar p\u00e5 individuella ans\u00f6kningsfr\u00e5gor p\u00e5:<\/strong><\/p>\n<p><strong>Fon +49 (0)30 500196-0<\/strong>[\/vc_column_text][\/vc_column][vc_column width=&#8221;1\/4&#8243;][vc_column_text]<strong>Vill du best\u00e4lla, lista eller byta produkter?<\/strong><\/p>\n<p><a href=\"mailto:steiert@sicc.de\" target=\"_blank\" rel=\"noopener\">Kontakta s\u00e4ljledningen.<\/a>[\/vc_column_text][\/vc_column][\/vc_row][vc_row row_type=&#8221;row&#8221; use_row_as_full_screen_section=&#8221;no&#8221; type=&#8221;full_width&#8221; text_align=&#8221;left&#8221; background_animation=&#8221;none&#8221; css_animation=&#8221;&#8221;][vc_column][vc_separator type=&#8221;normal&#8221; border_style=&#8221;&#8221; thickness=&#8221;1&#8243; color=&#8221;#c4c4c4&#8243;][\/vc_column][\/vc_row]<\/p>\n<\/div>","protected":false},"excerpt":{"rendered":"<p>[vc_row row_type=&#8221;row&#8221; use_row_as_full_screen_section=&#8221;no&#8221; type=&#8221;full_width&#8221; text_align=&#8221;left&#8221; background_animation=&#8221;none&#8221; css_animation=&#8221;&#8221;][vc_column][vc_column_text] Produkter [\/vc_column_text][\/vc_column][\/vc_row][vc_row row_type=&#8221;row&#8221; use_row_as_full_screen_section=&#8221;no&#8221; type=&#8221;full_width&#8221; text_align=&#8221;left&#8221; background_animation=&#8221;none&#8221; css_animation=&#8221;&#8221;][vc_column width=&#8221;2\/3&#8243;][vc_column_text]ClimateCoating\u00ae- produkter erbjuder praktiska l\u00f6sningar p\u00e5 problem . M\u00f6gel p\u00e5 v\u00e4ggar, algtillv\u00e4xt, sk\u00f6ra och smutsiga fasader bek\u00e4mpas eller f\u00f6rhindras effektivt. Intr\u00e4ngning av fukt genom \u00f6sregn minskar eller undviks. Uppv\u00e4rmningen av&#8230;<\/p>\n","protected":false},"author":1,"featured_media":0,"parent":0,"menu_order":200,"comment_status":"closed","ping_status":"closed","template":"","meta":{"footnotes":""},"class_list":["post-40300","page","type-page","status-publish","hentry"],"_links":{"self":[{"href":"https:\/\/www.climatecoating.com\/sv\/wp-json\/wp\/v2\/pages\/40300","targetHints":{"allow":["GET"]}}],"collection":[{"href":"https:\/\/www.climatecoating.com\/sv\/wp-json\/wp\/v2\/pages"}],"about":[{"href":"https:\/\/www.climatecoating.com\/sv\/wp-json\/wp\/v2\/types\/page"}],"author":[{"embeddable":true,"href":"https:\/\/www.climatecoating.com\/sv\/wp-json\/wp\/v2\/users\/1"}],"replies":[{"embeddable":true,"href":"https:\/\/www.climatecoating.com\/sv\/wp-json\/wp\/v2\/comments?post=40300"}],"version-history":[{"count":0,"href":"https:\/\/www.climatecoating.com\/sv\/wp-json\/wp\/v2\/pages\/40300\/revisions"}],"wp:attachment":[{"href":"https:\/\/www.climatecoating.com\/sv\/wp-json\/wp\/v2\/media?parent=40300"}],"curies":[{"name":"wp","href":"https:\/\/api.w.org\/{rel}","templated":true}]}}