{"id":40418,"date":"2022-03-23T18:48:17","date_gmt":"2022-03-23T17:48:17","guid":{"rendered":"https:\/\/www.climatecoating.com\/produkter-2\/trakonservering\/"},"modified":"2022-03-23T18:48:26","modified_gmt":"2022-03-23T17:48:26","slug":"trakonservering","status":"publish","type":"page","link":"https:\/\/www.climatecoating.com\/sv\/produkter-oeversikt\/trakonservering\/","title":{"rendered":"Tr\u00e4konservering"},"content":{"rendered":"<div class=\"wpb-content-wrapper\"><p>[vc_row row_type=&#8221;row&#8221; use_row_as_full_screen_section=&#8221;no&#8221; type=&#8221;full_width&#8221; text_align=&#8221;left&#8221; background_animation=&#8221;none&#8221; padding_top=&#8221;50&#8243; css_animation=&#8221;&#8221;][vc_column][vc_column_text]<\/p>\n<h1>Produkter &#8211; Tr\u00e4skydd<\/h1>\n<p>[\/vc_column_text]<div class=\"woocommerce columns-4 \"><ul class=\"products columns-4 clearfix default\">        <li class=\"product type-product post-38198 status-publish first instock product_cat-anvaendningsomraden product_cat-traskydd has-post-thumbnail taxable shipping-taxable purchasable product-type-variable\">\n\n                        <div class=\"top-product-section\">\n\n                <a class=\"product_list_thumb_link\" href=\"https:\/\/www.climatecoating.com\/sv\/produkt\/nature\/\">\n                    <span class=\"image-wrapper\">\n                    <img loading=\"lazy\" decoding=\"async\" width=\"300\" height=\"300\" src=\"https:\/\/www.climatecoating.com\/wp-content\/uploads\/2020\/07\/19L_Eimer_NATURE-m_frei-300x300.png\" class=\"attachment-woocommerce_thumbnail size-woocommerce_thumbnail\" alt=\"Naturtr\u00e4skydd\" srcset=\"https:\/\/www.climatecoating.com\/wp-content\/uploads\/2020\/07\/19L_Eimer_NATURE-m_frei-300x300.png 300w, https:\/\/www.climatecoating.com\/wp-content\/uploads\/2020\/07\/19L_Eimer_NATURE-m_frei-100x100.png 100w, https:\/\/www.climatecoating.com\/wp-content\/uploads\/2020\/07\/19L_Eimer_NATURE-m_frei-600x600.png 600w, https:\/\/www.climatecoating.com\/wp-content\/uploads\/2020\/07\/19L_Eimer_NATURE-m_frei-1024x1024.png 1024w, https:\/\/www.climatecoating.com\/wp-content\/uploads\/2020\/07\/19L_Eimer_NATURE-m_frei-150x150.png 150w, https:\/\/www.climatecoating.com\/wp-content\/uploads\/2020\/07\/19L_Eimer_NATURE-m_frei-768x768.png 768w, https:\/\/www.climatecoating.com\/wp-content\/uploads\/2020\/07\/19L_Eimer_NATURE-m_frei-1536x1536.png 1536w, https:\/\/www.climatecoating.com\/wp-content\/uploads\/2020\/07\/19L_Eimer_NATURE-m_frei-550x550.png 550w, https:\/\/www.climatecoating.com\/wp-content\/uploads\/2020\/07\/19L_Eimer_NATURE-m_frei-500x500.png 500w, https:\/\/www.climatecoating.com\/wp-content\/uploads\/2020\/07\/19L_Eimer_NATURE-m_frei-1000x1000.png 1000w, https:\/\/www.climatecoating.com\/wp-content\/uploads\/2020\/07\/19L_Eimer_NATURE-m_frei-700x700.png 700w, https:\/\/www.climatecoating.com\/wp-content\/uploads\/2020\/07\/19L_Eimer_NATURE-m_frei-1100x1100.png 1100w, https:\/\/www.climatecoating.com\/wp-content\/uploads\/2020\/07\/19L_Eimer_NATURE-m_frei.png 1920w\" sizes=\"auto, (max-width: 300px) 100vw, 300px\" \/>                    <\/span>\n                <\/a>\n\n                <div class=\"add-to-cart-button-outer\"><div class=\"add-to-cart-button-inner\"><div class=\"add-to-cart-button-inner2\"><a href=\"https:\/\/www.climatecoating.com\/sv\/produkt\/nature\/\" aria-describedby=\"woocommerce_loop_add_to_cart_link_describedby_38198\" data-quantity=\"1\" class=\"qbutton add-to-cart-button button product_type_variable add_to_cart_button\" data-product_id=\"38198\" data-product_sku=\"\" aria-label=\"V\u00e4lj alternativ f\u00f6r \u201dNature\u201d\" rel=\"nofollow\">Optionen w\u00e4hlen<\/a><\/div><\/div><\/div>\t<span id=\"woocommerce_loop_add_to_cart_link_describedby_38198\" class=\"screen-reader-text\">\n\t\tDen h\u00e4r produkten har flera varianter. De olika alternativen kan v\u00e4ljas p\u00e5 produktsidan\t<\/span>\n\n            <\/div>\n\n            <div class=\"product_info_box\">\n\t            <span class=\"product-categories\"><a href=\"https:\/\/www.climatecoating.com\/sv\/anvaendningsomraden\/\" rel=\"tag\">anv\u00e4ndningsomr\u00e5den<\/a>, <a href=\"https:\/\/www.climatecoating.com\/sv\/produkter\/traskydd\/\" rel=\"tag\">tr\u00e4skydd<\/a><\/span>\n                <a href=\"https:\/\/www.climatecoating.com\/sv\/produkt\/nature\/\" class=\"product-category\">\n                    <span class=\"product-title\">Nature<\/span>\n\n                    \n\n\t<span class=\"price\">ab <span class=\"woocommerce-Price-amount amount\"><bdi>29,95&nbsp;<span class=\"woocommerce-Price-currencySymbol\">&euro;<\/span><\/bdi><\/span><\/span>\n\n\n                <\/a>\n            <\/div>\n\n            \n\t<p class=\"wc-gzd-additional-info wc-gzd-additional-info-loop tax-info\">incl. VAT<\/p>\n\n\t<p class=\"wc-gzd-additional-info wc-gzd-additional-info-loop shipping-costs-info\">zzgl. <a href=\"https:\/\/www.climatecoating.com\/shop\/versand\/\" target=\"_blank\">Versandkosten<\/a><\/p>\n\n\n<div class=\"add-to-cart-button-outer\"><div class=\"add-to-cart-button-inner\"><div class=\"add-to-cart-button-inner2\"><a href=\"https:\/\/www.climatecoating.com\/sv\/produkt\/nature\/\" aria-describedby=\"woocommerce_loop_add_to_cart_link_describedby_38198\" data-quantity=\"1\" class=\"qbutton add-to-cart-button button product_type_variable add_to_cart_button\" data-product_id=\"38198\" data-product_sku=\"\" aria-label=\"V\u00e4lj alternativ f\u00f6r \u201dNature\u201d\" rel=\"nofollow\">Optionen w\u00e4hlen<\/a><\/div><\/div><\/div>\t<span id=\"woocommerce_loop_add_to_cart_link_describedby_38198\" class=\"screen-reader-text\">\n\t\tDen h\u00e4r produkten har flera varianter. De olika alternativen kan v\u00e4ljas p\u00e5 produktsidan\t<\/span>\n        <\/li>\n\n                <li class=\"product type-product post-38115 status-publish instock product_cat-anvaendningsomraden product_cat-traskydd has-post-thumbnail taxable shipping-taxable product-type-variable\">\n\n                        <div class=\"top-product-section\">\n\n                <a class=\"product_list_thumb_link\" href=\"https:\/\/www.climatecoating.com\/sv\/produkt\/natureglaze\/\">\n                    <span class=\"image-wrapper\">\n                    <img loading=\"lazy\" decoding=\"async\" width=\"300\" height=\"300\" src=\"https:\/\/www.climatecoating.com\/wp-content\/uploads\/2020\/07\/19L_Eimer_NATURE-GLAZE-m_frei-300x300.png\" class=\"attachment-woocommerce_thumbnail size-woocommerce_thumbnail\" alt=\"naturglasyr\" srcset=\"https:\/\/www.climatecoating.com\/wp-content\/uploads\/2020\/07\/19L_Eimer_NATURE-GLAZE-m_frei-300x300.png 300w, https:\/\/www.climatecoating.com\/wp-content\/uploads\/2020\/07\/19L_Eimer_NATURE-GLAZE-m_frei-100x100.png 100w, https:\/\/www.climatecoating.com\/wp-content\/uploads\/2020\/07\/19L_Eimer_NATURE-GLAZE-m_frei-600x600.png 600w, https:\/\/www.climatecoating.com\/wp-content\/uploads\/2020\/07\/19L_Eimer_NATURE-GLAZE-m_frei-1024x1024.png 1024w, https:\/\/www.climatecoating.com\/wp-content\/uploads\/2020\/07\/19L_Eimer_NATURE-GLAZE-m_frei-150x150.png 150w, https:\/\/www.climatecoating.com\/wp-content\/uploads\/2020\/07\/19L_Eimer_NATURE-GLAZE-m_frei-768x768.png 768w, https:\/\/www.climatecoating.com\/wp-content\/uploads\/2020\/07\/19L_Eimer_NATURE-GLAZE-m_frei-1536x1536.png 1536w, https:\/\/www.climatecoating.com\/wp-content\/uploads\/2020\/07\/19L_Eimer_NATURE-GLAZE-m_frei-550x550.png 550w, https:\/\/www.climatecoating.com\/wp-content\/uploads\/2020\/07\/19L_Eimer_NATURE-GLAZE-m_frei-500x500.png 500w, https:\/\/www.climatecoating.com\/wp-content\/uploads\/2020\/07\/19L_Eimer_NATURE-GLAZE-m_frei-1000x1000.png 1000w, https:\/\/www.climatecoating.com\/wp-content\/uploads\/2020\/07\/19L_Eimer_NATURE-GLAZE-m_frei-700x700.png 700w, https:\/\/www.climatecoating.com\/wp-content\/uploads\/2020\/07\/19L_Eimer_NATURE-GLAZE-m_frei-1100x1100.png 1100w, https:\/\/www.climatecoating.com\/wp-content\/uploads\/2020\/07\/19L_Eimer_NATURE-GLAZE-m_frei.png 1920w\" sizes=\"auto, (max-width: 300px) 100vw, 300px\" \/>                    <\/span>\n                <\/a>\n\n                <div class=\"add-to-cart-button-outer\"><div class=\"add-to-cart-button-inner\"><div class=\"add-to-cart-button-inner2\"><a href=\"https:\/\/www.climatecoating.com\/sv\/produkt\/natureglaze\/\" aria-describedby=\"woocommerce_loop_add_to_cart_link_describedby_38115\" data-quantity=\"1\" class=\"qbutton add-to-cart-button button product_type_variable\" data-product_id=\"38115\" data-product_sku=\"\" aria-label=\"V\u00e4lj alternativ f\u00f6r \u201dNatureGlaze\u201d\" rel=\"nofollow\">Optionen w\u00e4hlen<\/a><\/div><\/div><\/div>\t<span id=\"woocommerce_loop_add_to_cart_link_describedby_38115\" class=\"screen-reader-text\">\n\t\t\t<\/span>\n\n            <\/div>\n\n            <div class=\"product_info_box\">\n\t            <span class=\"product-categories\"><a href=\"https:\/\/www.climatecoating.com\/sv\/anvaendningsomraden\/\" rel=\"tag\">anv\u00e4ndningsomr\u00e5den<\/a>, <a href=\"https:\/\/www.climatecoating.com\/sv\/produkter\/traskydd\/\" rel=\"tag\">tr\u00e4skydd<\/a><\/span>\n                <a href=\"https:\/\/www.climatecoating.com\/sv\/produkt\/natureglaze\/\" class=\"product-category\">\n                    <span class=\"product-title\">NatureGlaze<\/span>\n\n                    \n\n\n\n                <\/a>\n            <\/div>\n\n            \n\n\n\n<div class=\"add-to-cart-button-outer\"><div class=\"add-to-cart-button-inner\"><div class=\"add-to-cart-button-inner2\"><a href=\"https:\/\/www.climatecoating.com\/sv\/produkt\/natureglaze\/\" aria-describedby=\"woocommerce_loop_add_to_cart_link_describedby_38115\" data-quantity=\"1\" class=\"qbutton add-to-cart-button button product_type_variable\" data-product_id=\"38115\" data-product_sku=\"\" aria-label=\"V\u00e4lj alternativ f\u00f6r \u201dNatureGlaze\u201d\" rel=\"nofollow\">Optionen w\u00e4hlen<\/a><\/div><\/div><\/div>\t<span id=\"woocommerce_loop_add_to_cart_link_describedby_38115\" class=\"screen-reader-text\">\n\t\t\t<\/span>\n        <\/li>\n\n                <li class=\"product type-product post-38141 status-publish instock product_cat-anvaendningsomraden product_cat-traskydd has-post-thumbnail taxable shipping-taxable purchasable product-type-variable\">\n\n                        <div class=\"top-product-section\">\n\n                <a class=\"product_list_thumb_link\" href=\"https:\/\/www.climatecoating.com\/sv\/produkt\/natureprimer\/\">\n                    <span class=\"image-wrapper\">\n                    <img loading=\"lazy\" decoding=\"async\" width=\"300\" height=\"300\" src=\"https:\/\/www.climatecoating.com\/wp-content\/uploads\/2020\/07\/19L_Eimer_NATURE-PRIMER-m_frei-300x300.png\" class=\"attachment-woocommerce_thumbnail size-woocommerce_thumbnail\" alt=\"NaturePrimer\" srcset=\"https:\/\/www.climatecoating.com\/wp-content\/uploads\/2020\/07\/19L_Eimer_NATURE-PRIMER-m_frei-300x300.png 300w, https:\/\/www.climatecoating.com\/wp-content\/uploads\/2020\/07\/19L_Eimer_NATURE-PRIMER-m_frei-100x100.png 100w, https:\/\/www.climatecoating.com\/wp-content\/uploads\/2020\/07\/19L_Eimer_NATURE-PRIMER-m_frei-600x600.png 600w, https:\/\/www.climatecoating.com\/wp-content\/uploads\/2020\/07\/19L_Eimer_NATURE-PRIMER-m_frei-1024x1024.png 1024w, https:\/\/www.climatecoating.com\/wp-content\/uploads\/2020\/07\/19L_Eimer_NATURE-PRIMER-m_frei-150x150.png 150w, https:\/\/www.climatecoating.com\/wp-content\/uploads\/2020\/07\/19L_Eimer_NATURE-PRIMER-m_frei-768x768.png 768w, https:\/\/www.climatecoating.com\/wp-content\/uploads\/2020\/07\/19L_Eimer_NATURE-PRIMER-m_frei-1536x1536.png 1536w, https:\/\/www.climatecoating.com\/wp-content\/uploads\/2020\/07\/19L_Eimer_NATURE-PRIMER-m_frei-550x550.png 550w, https:\/\/www.climatecoating.com\/wp-content\/uploads\/2020\/07\/19L_Eimer_NATURE-PRIMER-m_frei-500x500.png 500w, https:\/\/www.climatecoating.com\/wp-content\/uploads\/2020\/07\/19L_Eimer_NATURE-PRIMER-m_frei-1000x1000.png 1000w, https:\/\/www.climatecoating.com\/wp-content\/uploads\/2020\/07\/19L_Eimer_NATURE-PRIMER-m_frei-700x700.png 700w, https:\/\/www.climatecoating.com\/wp-content\/uploads\/2020\/07\/19L_Eimer_NATURE-PRIMER-m_frei-1100x1100.png 1100w, https:\/\/www.climatecoating.com\/wp-content\/uploads\/2020\/07\/19L_Eimer_NATURE-PRIMER-m_frei.png 1920w\" sizes=\"auto, (max-width: 300px) 100vw, 300px\" \/>                    <\/span>\n                <\/a>\n\n                <div class=\"add-to-cart-button-outer\"><div class=\"add-to-cart-button-inner\"><div class=\"add-to-cart-button-inner2\"><a href=\"https:\/\/www.climatecoating.com\/sv\/produkt\/natureprimer\/\" aria-describedby=\"woocommerce_loop_add_to_cart_link_describedby_38141\" data-quantity=\"1\" class=\"qbutton add-to-cart-button button product_type_variable add_to_cart_button\" data-product_id=\"38141\" data-product_sku=\"\" aria-label=\"V\u00e4lj alternativ f\u00f6r \u201dNaturePrimer\u201d\" rel=\"nofollow\">Optionen w\u00e4hlen<\/a><\/div><\/div><\/div>\t<span id=\"woocommerce_loop_add_to_cart_link_describedby_38141\" class=\"screen-reader-text\">\n\t\tDen h\u00e4r produkten har flera varianter. De olika alternativen kan v\u00e4ljas p\u00e5 produktsidan\t<\/span>\n\n            <\/div>\n\n            <div class=\"product_info_box\">\n\t            <span class=\"product-categories\"><a href=\"https:\/\/www.climatecoating.com\/sv\/anvaendningsomraden\/\" rel=\"tag\">anv\u00e4ndningsomr\u00e5den<\/a>, <a href=\"https:\/\/www.climatecoating.com\/sv\/produkter\/traskydd\/\" rel=\"tag\">tr\u00e4skydd<\/a><\/span>\n                <a href=\"https:\/\/www.climatecoating.com\/sv\/produkt\/natureprimer\/\" class=\"product-category\">\n                    <span class=\"product-title\">NaturePrimer<\/span>\n\n                    \n\n\t<span class=\"price\">ab <span class=\"woocommerce-Price-amount amount\"><bdi>19,95&nbsp;<span class=\"woocommerce-Price-currencySymbol\">&euro;<\/span><\/bdi><\/span><\/span>\n\n\n                <\/a>\n            <\/div>\n\n            \n\t<p class=\"wc-gzd-additional-info wc-gzd-additional-info-loop tax-info\">incl. VAT<\/p>\n\n\t<p class=\"wc-gzd-additional-info wc-gzd-additional-info-loop shipping-costs-info\">zzgl. <a href=\"https:\/\/www.climatecoating.com\/shop\/versand\/\" target=\"_blank\">Versandkosten<\/a><\/p>\n\n\n<div class=\"add-to-cart-button-outer\"><div class=\"add-to-cart-button-inner\"><div class=\"add-to-cart-button-inner2\"><a href=\"https:\/\/www.climatecoating.com\/sv\/produkt\/natureprimer\/\" aria-describedby=\"woocommerce_loop_add_to_cart_link_describedby_38141\" data-quantity=\"1\" class=\"qbutton add-to-cart-button button product_type_variable add_to_cart_button\" data-product_id=\"38141\" data-product_sku=\"\" aria-label=\"V\u00e4lj alternativ f\u00f6r \u201dNaturePrimer\u201d\" rel=\"nofollow\">Optionen w\u00e4hlen<\/a><\/div><\/div><\/div>\t<span id=\"woocommerce_loop_add_to_cart_link_describedby_38141\" class=\"screen-reader-text\">\n\t\tDen h\u00e4r produkten har flera varianter. De olika alternativen kan v\u00e4ljas p\u00e5 produktsidan\t<\/span>\n        <\/li>\n\n        <\/ul>\n<\/div>[\/vc_column][\/vc_row]<\/p>\n<\/div>","protected":false},"excerpt":{"rendered":"<p>[vc_row row_type=&#8221;row&#8221; use_row_as_full_screen_section=&#8221;no&#8221; type=&#8221;full_width&#8221; text_align=&#8221;left&#8221; background_animation=&#8221;none&#8221; padding_top=&#8221;50&#8243; css_animation=&#8221;&#8221;][vc_column][vc_column_text] Produkter &#8211; Tr\u00e4skydd [\/vc_column_text][\/vc_column][\/vc_row]<\/p>\n","protected":false},"author":1,"featured_media":0,"parent":40300,"menu_order":240,"comment_status":"closed","ping_status":"closed","template":"","meta":{"footnotes":""},"class_list":["post-40418","page","type-page","status-publish","hentry"],"_links":{"self":[{"href":"https:\/\/www.climatecoating.com\/sv\/wp-json\/wp\/v2\/pages\/40418","targetHints":{"allow":["GET"]}}],"collection":[{"href":"https:\/\/www.climatecoating.com\/sv\/wp-json\/wp\/v2\/pages"}],"about":[{"href":"https:\/\/www.climatecoating.com\/sv\/wp-json\/wp\/v2\/types\/page"}],"author":[{"embeddable":true,"href":"https:\/\/www.climatecoating.com\/sv\/wp-json\/wp\/v2\/users\/1"}],"replies":[{"embeddable":true,"href":"https:\/\/www.climatecoating.com\/sv\/wp-json\/wp\/v2\/comments?post=40418"}],"version-history":[{"count":0,"href":"https:\/\/www.climatecoating.com\/sv\/wp-json\/wp\/v2\/pages\/40418\/revisions"}],"up":[{"embeddable":true,"href":"https:\/\/www.climatecoating.com\/sv\/wp-json\/wp\/v2\/pages\/40300"}],"wp:attachment":[{"href":"https:\/\/www.climatecoating.com\/sv\/wp-json\/wp\/v2\/media?parent=40418"}],"curies":[{"name":"wp","href":"https:\/\/api.w.org\/{rel}","templated":true}]}}