{"id":44907,"date":"2023-02-24T14:22:53","date_gmt":"2023-02-24T13:22:53","guid":{"rendered":"https:\/\/www.climatecoating.com\/kalkyl\/"},"modified":"2024-08-21T17:42:21","modified_gmt":"2024-08-21T15:42:21","slug":"calculus","status":"publish","type":"page","link":"https:\/\/www.climatecoating.com\/sv\/calculus\/","title":{"rendered":"Kalkyl"},"content":{"rendered":"<div class=\"wpb-content-wrapper\"><p>[vc_row row_type=&#8221;row&#8221; use_row_as_full_screen_section=&#8221;no&#8221; type=&#8221;full_width&#8221; text_align=&#8221;left&#8221; background_animation=&#8221;none&#8221; padding_bottom=&#8221;45&#8243; css_animation=&#8221;&#8221;][vc_column][vc_single_image image=&#8221;44820&#8243; img_size=&#8221;full&#8221; qode_css_animation=&#8221;&#8221;][vc_column_text css=&#8221;.vc_custom_1677228153488{margin-top: 20px !important;}&#8221;]<\/p>\n<h1>Temperaturkalkylatorn <sup>Calculus\u00ae<\/sup><\/h1>\n<p>[\/vc_column_text][\/vc_column][\/vc_row][vc_row row_type=&#8221;row&#8221; use_row_as_full_screen_section=&#8221;no&#8221; type=&#8221;full_width&#8221; text_align=&#8221;left&#8221; background_animation=&#8221;none&#8221; padding_bottom=&#8221;45&#8243; css_animation=&#8221;&#8221; css=&#8221;.vc_custom_1677187662616{margin-top: -40px !important;}&#8221;][vc_column width=&#8221;1\/2&#8243;][vc_column_text css=&#8221;.vc_custom_1724253671190{padding-bottom: 30px !important;}&#8221;]<sup>Calculus\u00ae<\/sup> \u00e4r ett AI-baserat webbverktyg f\u00f6r att f\u00f6ruts\u00e4ga skillnaden i inomhustemperatur och h\u00e4rleda potentiella energibesparingar n\u00e4r v\u00e4ggar och\/eller tak bel\u00e4ggs med <sup>ClimateCoating\u00ae-produkterna<\/sup> ThermoProtect och ThermoActive.<br \/>\nDen artificiella intelligensen (AI) har tr\u00e4nats och tr\u00e4nas fortfarande med stora m\u00e4ngder data fr\u00e5n hela v\u00e4rlden, inklusive fr\u00e5n mycket varma klimat.  Algoritmen anv\u00e4nder data fr\u00e5n byggnadsfysik: reflektion av solstr\u00e5lning. <sup>Calculus\u00ae<\/sup> g\u00f6r det enklare att ber\u00e4kna kostnader och energieffektivitet f\u00f6r byggnader. Detta underl\u00e4ttar planeringen av energikonceptet f\u00f6r olika byggnadstyper under klimatm\u00e4ssigt olika f\u00f6rh\u00e5llanden. Webbverktyget utvecklas hela tiden. Vi tar g\u00e4rna emot dina f\u00f6rslag och fr\u00e5gor via <a href=\"#feedback\">formul\u00e4ret<\/a>. &#8230;&#8230;&#8230;&#8230;&#8230;&#8230;&#8230;&#8230;&#8230;&#8230;&#8230;&#8230;&#8230;&#8230;&#8230;&#8230;&#8230;&#8230;&#8230;&#8230;&#8230; <strong>Den 15 maj 2024 tilldelades <sup>Calculus\u00ae<\/sup> utm\u00e4rkelsen &#8220;Ger<\/strong><strong>man Innovation Award Special&#8221;.<br \/>\nTill <a href=\"https:\/\/www.climatecoating.com\/verleihung-german-innovation-award-special\/\" target=\"_blank\" rel=\"noopener\">nyheterna<\/a>. <\/strong><\/p>\n<p><img loading=\"lazy\" decoding=\"async\" class=\"alignleft size-full wp-image-52028\" title=\"Tyskt innovationspris-2024-Special\" src=\"https:\/\/www.climatecoating.com\/wp-content\/uploads\/2024\/08\/German-Innovation-Award-2024-Special-e1764768260224.jpg\" alt=\"tysk innovation 2024 certifikat\" width=\"254\" height=\"201\"><\/p>\n<p>&nbsp;<\/p>\n<p>&nbsp;<\/p>\n<p>&nbsp;<\/p>\n<p>&nbsp;<\/p>\n<p>&nbsp;  &#8230;&#8230;&#8230;&#8230;&#8230;&#8230;&#8230;&#8230;&#8230;&#8230;&#8230;&#8230;&#8230;&#8230;&#8230;&#8230;&#8230;&#8230;&#8230;&#8230;&#8230;[\/vc_column_text][\/vc_column][vc_column width=&#8221;1\/2&#8243; css=&#8221;.vc_custom_1677187654806{padding-top: 25px !important;}&#8221;][vc_single_image image=&#8221;44861&#8243; img_size=&#8221;full&#8221; onclick=&#8221;custom_link&#8221; img_link_target=&#8221;_blank&#8221; qode_css_animation=&#8221;&#8221; link=&#8221;https:\/\/ki.sicc-coatings.de\/index\/de?&#8221;][\/vc_column][\/vc_row][vc_row row_type=&#8221;row&#8221; use_row_as_full_screen_section=&#8221;no&#8221; type=&#8221;full_width&#8221; text_align=&#8221;left&#8221; background_animation=&#8221;none&#8221; padding_bottom=&#8221;45&#8243; css_animation=&#8221;&#8221;][vc_column width=&#8221;1\/2&#8243;][vc_column_text css=&#8221;.vc_custom_1694610465920{padding-bottom: 30px !important;}&#8221;]<\/p>\n<h2>Att n\u00e5 m\u00e5let med bara n\u00e5gra f\u00e5 parametrar<\/h2>\n<p>  Ange dessa uppgifter:  <\/p>\n<ul>\n<li>Plats och byggnadstyp (valf\u00e4lt),<\/li>\n<li>Luftkonditionerad eller icke-klimatiserad (frivilligt f\u00e4lt)<\/li>\n<li>Typ av byggnadsdel, byggnadsdelens dimensioner, geografisk orientering (kompassriktning), befintlig isolering.<\/li>\n<\/ul>\n<p>  Resultatet i form av ett diagram visar temperaturutvecklingen f\u00f6r varje m\u00e5nad under \u00e5ret i byggnaden &#8211; med och utan bel\u00e4ggning. Dessutom anges den genomsnittliga inomhustemperaturen (MKT = mean kinetic temperature) i en byggnad och hur den kan minskas totalt sett per \u00e5r med hj\u00e4lp av bel\u00e4ggning. Resultaten kan laddas ner som en PDF-download. F\u00f6re eller under anv\u00e4ndningen av det AI-baserade webbverktyget \u00e4r det b\u00e4st att l\u00e4sa<strong> <a href=\"https:\/\/www.climatecoating.com\/wp-content\/uploads\/dlm_uploads\/2023\/09\/Gebrauchsanweisung-KI-Calculus.pdf\" target=\"_blank\" rel=\"noopener\">KI-Calculus bruksanvisning f\u00f6r anv\u00e4ndning<\/a><\/strong> innan eller medan du anv\u00e4nder det AI-baserade webbverktyget.[\/vc_column_text]<a href=\"https:\/\/ki.sicc-coatings.de\/index\/de?\" target=\"_blank\" data-hover-background-color='#d6202d' data-hover-border-color='#d6202d' data-hover-color='#ffffff' class=\"qbutton  qbutton_with_icon\" style=\"color: #ffffff; border-color: #d6202d; background-color: #d6202d;\">Till temperaturkalkylatorn Calculus\u00ae<i class=\"qode_icon_font_awesome fa fa-arrow-right button_icon\" style=\"\" ><\/i><\/a>[\/vc_column][vc_column width=&#8221;1\/2&#8243;][vc_single_image image=&#8221;44840&#8243; img_size=&#8221;full&#8221; onclick=&#8221;custom_link&#8221; img_link_target=&#8221;_blank&#8221; qode_css_animation=&#8221;&#8221; link=&#8221;https:\/\/ki.sicc-coatings.de\/index\/de?&#8221;][vc_raw_html css=&#8221;.vc_custom_1677241592043{padding-bottom: 30px !important;}&#8221;]PGEgaWQ9ImZlZWRiYWNrIj48L2E+[\/vc_raw_html][\/vc_column][\/vc_row][vc_row row_type=&#8221;row&#8221; use_row_as_full_screen_section=&#8221;no&#8221; type=&#8221;full_width&#8221; text_align=&#8221;left&#8221; background_animation=&#8221;none&#8221; padding_bottom=&#8221;45&#8243; css_animation=&#8221;&#8221;][vc_column][vc_column_text css=&#8221;.vc_custom_1677241364765{padding-bottom: 30px !important;}&#8221; el_id=&#8221;feedback&#8221;]<\/p>\n<h2>Formul\u00e4r f\u00f6r \u00e5terkoppling<\/h2>\n<p>[\/vc_column_text]\n<div class=\"wpcf7 no-js\" id=\"wpcf7-f44891-o1\" lang=\"sv-SE\" dir=\"ltr\" data-wpcf7-id=\"44891\">\n<div class=\"screen-reader-response\"><p role=\"status\" aria-live=\"polite\" aria-atomic=\"true\"><\/p> <ul><\/ul><\/div>\n<form action=\"\/sv\/wp-json\/wp\/v2\/pages\/44907#wpcf7-f44891-o1\" method=\"post\" class=\"wpcf7-form init default wpcf7-acceptance-as-validation\" aria-label=\"Kontaktformul\u00e4r\" novalidate=\"novalidate\" data-status=\"init\">\n<fieldset class=\"hidden-fields-container\"><input type=\"hidden\" name=\"_wpcf7\" value=\"44891\" \/><input type=\"hidden\" name=\"_wpcf7_version\" value=\"6.1.5\" \/><input type=\"hidden\" name=\"_wpcf7_locale\" value=\"sv_SE\" \/><input type=\"hidden\" name=\"_wpcf7_unit_tag\" value=\"wpcf7-f44891-o1\" \/><input type=\"hidden\" name=\"_wpcf7_container_post\" value=\"0\" \/><input type=\"hidden\" name=\"_wpcf7_posted_data_hash\" value=\"\" \/><input type=\"hidden\" name=\"_wpcf7_recaptcha_response\" value=\"\" \/>\n<\/fieldset>\n<p><label>Ditt namn (obligatoriskt f\u00e4lt)<br \/>\n<span class=\"wpcf7-form-control-wrap\" data-name=\"your-name\"><input size=\"40\" maxlength=\"400\" class=\"wpcf7-form-control wpcf7-text wpcf7-validates-as-required\" aria-required=\"true\" aria-invalid=\"false\" value=\"\" type=\"text\" name=\"your-name\" \/><\/span> <\/label>\n<\/p>\n<p><label>Din e-postadress (obligatoriskt f\u00e4lt)<br \/>\n<span class=\"wpcf7-form-control-wrap\" data-name=\"your-email\"><input size=\"40\" maxlength=\"400\" class=\"wpcf7-form-control wpcf7-email wpcf7-validates-as-required wpcf7-text wpcf7-validates-as-email\" aria-required=\"true\" aria-invalid=\"false\" value=\"\" type=\"email\" name=\"your-email\" \/><\/span> <\/label>\n<\/p>\n<p><label>Mina f\u00f6rslag och fr\u00e5gor (obligatoriskt f\u00e4lt)<br \/>\n<span class=\"wpcf7-form-control-wrap\" data-name=\"your-message\"><textarea cols=\"40\" rows=\"10\" maxlength=\"2000\" class=\"wpcf7-form-control wpcf7-textarea\" aria-invalid=\"false\" name=\"your-message\"><\/textarea><\/span> <\/label>\n<\/p>\n<p><label>Jag vill ha ett svar (obligatoriskt f\u00e4lt)<\/label><br \/>\n<span class=\"wpcf7-form-control-wrap\" data-name=\"Antwort\"><span class=\"wpcf7-form-control wpcf7-checkbox wpcf7-validates-as-required\"><span class=\"wpcf7-list-item first\"><label><input type=\"checkbox\" name=\"Antwort[]\" value=\"Och\" \/><span class=\"wpcf7-list-item-label\">Och<\/span><\/label><\/span><span class=\"wpcf7-list-item last\"><label><input type=\"checkbox\" name=\"Antwort[]\" value=\"Nej\" \/><span class=\"wpcf7-list-item-label\">Nej<\/span><\/label><\/span><\/span><\/span>\n<\/p>\n<p><span id=\"wpcf7-69f20049ef8ab-wrapper\" class=\"wpcf7-form-control-wrap Lieblingsfarbe-wrap\" style=\"display:none !important; visibility:hidden !important;\"><label for=\"lieblingsfarbe\" class=\"hp-message\">L\u00e4mna detta f\u00e4lt tomt.<\/label><input id=\"lieblingsfarbe\"  class=\"wpcf7-form-control wpcf7-text\" type=\"text\" name=\"Lieblingsfarbe\" value=\"\" size=\"40\" tabindex=\"-1\" autocomplete=\"new-password\" \/><\/span><br \/>\n<span class=\"wpcf7-form-control-wrap\" data-name=\"cmplz-acceptance\"><span class=\"wpcf7-form-control wpcf7-acceptance\"><span class=\"wpcf7-list-item\"><label><input type=\"checkbox\" name=\"cmplz-acceptance\" value=\"1\" aria-invalid=\"false\" \/><span class=\"wpcf7-list-item-label\">F\u00f6r att skicka detta formul\u00e4r m\u00e5ste du godk\u00e4nna v\u00e5r <a href=\"#?cmplz_region_redirect=true\">sekretesspolicy<\/a>.<\/span><\/label><\/span><\/span><\/span>\n<\/p>\n<p><input class=\"wpcf7-form-control wpcf7-submit has-spinner\" type=\"submit\" value=\"S\u00e4nda\" \/>\n<\/p><div class=\"wpcf7-response-output\" aria-hidden=\"true\"><\/div>\n<\/form>\n<\/div>\n[\/vc_column][\/vc_row]<\/p>\n<\/div>","protected":false},"excerpt":{"rendered":"<p>[vc_row row_type=&#8221;row&#8221; use_row_as_full_screen_section=&#8221;no&#8221; type=&#8221;full_width&#8221; text_align=&#8221;left&#8221; background_animation=&#8221;none&#8221; padding_bottom=&#8221;45&#8243; css_animation=&#8221;&#8221;][vc_column][vc_single_image image=&#8221;44820&#8243; img_size=&#8221;full&#8221; qode_css_animation=&#8221;&#8221;][vc_column_text css=&#8221;.vc_custom_1677228153488{margin-top: 20px !important;}&#8221;] Temperaturkalkylatorn Calculus\u00ae [\/vc_column_text][\/vc_column][\/vc_row][vc_row row_type=&#8221;row&#8221; use_row_as_full_screen_section=&#8221;no&#8221; type=&#8221;full_width&#8221; text_align=&#8221;left&#8221; background_animation=&#8221;none&#8221; padding_bottom=&#8221;45&#8243; css_animation=&#8221;&#8221; css=&#8221;.vc_custom_1677187662616{margin-top: -40px !important;}&#8221;][vc_column width=&#8221;1\/2&#8243;][vc_column_text css=&#8221;.vc_custom_1724253671190{padding-bottom: 30px !important;}&#8221;]Calculus\u00ae \u00e4r ett AI-baserat webbverktyg f\u00f6r att f\u00f6ruts\u00e4ga skillnaden i inomhustemperatur och h\u00e4rleda potentiella energibesparingar&#8230;<\/p>\n","protected":false},"author":1,"featured_media":0,"parent":0,"menu_order":800,"comment_status":"closed","ping_status":"closed","template":"","meta":{"footnotes":""},"class_list":["post-44907","page","type-page","status-publish","hentry"],"_links":{"self":[{"href":"https:\/\/www.climatecoating.com\/sv\/wp-json\/wp\/v2\/pages\/44907","targetHints":{"allow":["GET"]}}],"collection":[{"href":"https:\/\/www.climatecoating.com\/sv\/wp-json\/wp\/v2\/pages"}],"about":[{"href":"https:\/\/www.climatecoating.com\/sv\/wp-json\/wp\/v2\/types\/page"}],"author":[{"embeddable":true,"href":"https:\/\/www.climatecoating.com\/sv\/wp-json\/wp\/v2\/users\/1"}],"replies":[{"embeddable":true,"href":"https:\/\/www.climatecoating.com\/sv\/wp-json\/wp\/v2\/comments?post=44907"}],"version-history":[{"count":0,"href":"https:\/\/www.climatecoating.com\/sv\/wp-json\/wp\/v2\/pages\/44907\/revisions"}],"wp:attachment":[{"href":"https:\/\/www.climatecoating.com\/sv\/wp-json\/wp\/v2\/media?parent=44907"}],"curies":[{"name":"wp","href":"https:\/\/api.w.org\/{rel}","templated":true}]}}