{"id":61498,"date":"2022-02-21T17:42:06","date_gmt":"2022-02-21T16:42:06","guid":{"rendered":"https:\/\/www.climatecoating.com\/foretag\/ordlista\/"},"modified":"2026-02-03T15:52:02","modified_gmt":"2026-02-03T14:52:02","slug":"kundomrade","status":"publish","type":"page","link":"https:\/\/www.climatecoating.com\/sv\/kundomrade\/","title":{"rendered":"Kundomr\u00e5de"},"content":{"rendered":"<div class=\"wpb-content-wrapper\"><p>[vc_row row_type=&#8221;row&#8221; use_row_as_full_screen_section=&#8221;no&#8221; type=&#8221;full_width&#8221; text_align=&#8221;left&#8221; background_animation=&#8221;none&#8221; css_animation=&#8221;&#8221;][vc_column][vc_single_image image=&#8221;62734&#8243; img_size=&#8221;full&#8221; css=&#8221;.vc_custom_1766060041546{padding-bottom: 30px !important;}&#8221; qode_css_animation=&#8221;&#8221;][\/vc_column][\/vc_row][vc_row row_type=&#8221;row&#8221; use_row_as_full_screen_section=&#8221;no&#8221; type=&#8221;full_width&#8221; text_align=&#8221;left&#8221; background_animation=&#8221;none&#8221; padding_bottom=&#8221;45&#8243; css_animation=&#8221;&#8221;][vc_column width=&#8221;1\/4&#8243;]<div class=\"ult_row_spacer\"><div class=\"ult-sticky-anchor\"><div class=\"ult-sticky-section ult-sticky \"  data-gutter= '100' data-stick_behaviour= 'stick_with_scroll_row'  data-sticky_position= 'top' data-mobile='no' data-support='no'>[vc_raw_html css=&#8221;&#8221;]JTVCY213aXphcmQlMjB3aWRnZXQlM0QyJTJGJTVE[\/vc_raw_html]<\/div><div class=\"ult-space\"><\/div><\/div><\/div>[\/vc_column][vc_column width=&#8221;3\/4&#8243;][vc_column_text css=&#8221;.vc_custom_1766480460093{padding-bottom: 30px !important;}&#8221;]<\/p>\n<h1>Kundomr\u00e5de<\/h1>\n<p>Kundomr\u00e5det <strong data-start=\"339\" data-end=\"356\">SICC Coatings<\/strong> \u00e4r din centrala plattform f\u00f6r kunskap, digitala verktyg och praktiska l\u00f6sningar n\u00e4r det g\u00e4ller klimataktiva funktionella f\u00e4rger. Det hj\u00e4lper dig att planera projekt p\u00e5 ett effektivt s\u00e4tt, fatta v\u00e4lgrundade beslut och utnyttja den fulla potentialen i v\u00e5r teknik.<\/p>\n<p data-start=\"646\" data-end=\"886\"><strong data-start=\"646\" data-end=\"664\">\ud83d\udd0d KI-Calculus<\/strong><br data-start=\"664\" data-end=\"667\" \/>Intelligenta planeringshj\u00e4lpmedel f\u00f6r utv\u00e4rdering av energieffektivitet, CO\u2082-reduktion och besparingspotential. Simulera scenarier och f\u00e5 ett tillf\u00f6rlitligt underlag f\u00f6r beslutsfattande &#8211; snabbt, transparent och baserat p\u00e5 data.<\/p>\n<p data-start=\"888\" data-end=\"1066\"><strong data-start=\"888\" data-end=\"904\">\ud83d\udcc1 Media center<\/strong><br data-start=\"904\" data-end=\"907\" \/>Centraliserad tillg\u00e5ng till videor om v\u00e5ra produkter och deras f\u00f6rdelar, produktteknik och mycket mer &#8211; tydliga, aktuella och tillg\u00e4ngliga n\u00e4r som helst.<\/p>\n<p data-start=\"1068\" data-end=\"1309\"><strong data-start=\"1068\" data-end=\"1085\">\ud83c\udf0d Referenser<\/strong><br data-start=\"1085\" data-end=\"1088\" \/>L\u00e5t dig inspireras av genomf\u00f6rda projekt \u00f6ver hela v\u00e4rlden. Uppt\u00e4ck praktiska till\u00e4mpningsexempel och ta reda p\u00e5 hur v\u00e5ra l\u00f6sningar fungerar i olika klimatzoner och anv\u00e4ndningsomr\u00e5den.<\/p>\n<p data-start=\"1311\" data-end=\"1476\"><strong data-start=\"1311\" data-end=\"1320\">\u2753 FAQ<\/strong><br data-start=\"1320\" data-end=\"1323\" \/>Kompakta svar p\u00e5 vanliga fr\u00e5gor om teknik, till\u00e4mpning, effekt och implementering &#8211; tydligt presenterade f\u00f6r planering, samr\u00e5d och beslutsfattande.<\/p>\n<p data-start=\"1478\" data-end=\"1664\"><strong data-start=\"1478\" data-end=\"1489\">\ud83d\udcf0 Blogg<\/strong><br data-start=\"1489\" data-end=\"1492\" \/>Aktuella artiklar om teknik, h\u00e5llbarhet, forskning och marknadstrender. H\u00e5ll dig informerad om innovationer och utveckling inom omr\u00e5det klimataktiva ytor.<\/p>\n<p data-start=\"1666\" data-end=\"1833\">\ud83d\udcd8 <strong data-start=\"1666\" data-end=\"1680\">Ordlista<\/strong><br data-start=\"1680\" data-end=\"1683\" \/>Snabb orientering i specialiserad terminologi. Tydligt f\u00f6rklarade termer ger trygghet vid hantering av tekniskt och vetenskapligt inneh\u00e5ll.<\/p>\n<p>[\/vc_column_text][\/vc_column][\/vc_row]<\/p>\n<\/div>","protected":false},"excerpt":{"rendered":"<p>[vc_row row_type=&#8221;row&#8221; use_row_as_full_screen_section=&#8221;no&#8221; type=&#8221;full_width&#8221; text_align=&#8221;left&#8221; background_animation=&#8221;none&#8221; css_animation=&#8221;&#8221;][vc_column][vc_single_image image=&#8221;62734&#8243; img_size=&#8221;full&#8221; css=&#8221;.vc_custom_1766060041546{padding-bottom: 30px !important;}&#8221; qode_css_animation=&#8221;&#8221;][\/vc_column][\/vc_row][vc_row row_type=&#8221;row&#8221; use_row_as_full_screen_section=&#8221;no&#8221; type=&#8221;full_width&#8221; text_align=&#8221;left&#8221; background_animation=&#8221;none&#8221; padding_bottom=&#8221;45&#8243; css_animation=&#8221;&#8221;][vc_column width=&#8221;1\/4&#8243;][\/vc_column][vc_column width=&#8221;3\/4&#8243;][vc_column_text css=&#8221;.vc_custom_1766480460093{padding-bottom: 30px !important;}&#8221;] Kundomr\u00e5de Kundomr\u00e5det SICC Coatings \u00e4r din centrala plattform f\u00f6r kunskap, digitala verktyg och praktiska l\u00f6sningar n\u00e4r det g\u00e4ller klimataktiva funktionella&#8230;<\/p>\n","protected":false},"author":1,"featured_media":0,"parent":0,"menu_order":600,"comment_status":"closed","ping_status":"closed","template":"","meta":{"footnotes":""},"class_list":["post-61498","page","type-page","status-publish","hentry"],"_links":{"self":[{"href":"https:\/\/www.climatecoating.com\/sv\/wp-json\/wp\/v2\/pages\/61498","targetHints":{"allow":["GET"]}}],"collection":[{"href":"https:\/\/www.climatecoating.com\/sv\/wp-json\/wp\/v2\/pages"}],"about":[{"href":"https:\/\/www.climatecoating.com\/sv\/wp-json\/wp\/v2\/types\/page"}],"author":[{"embeddable":true,"href":"https:\/\/www.climatecoating.com\/sv\/wp-json\/wp\/v2\/users\/1"}],"replies":[{"embeddable":true,"href":"https:\/\/www.climatecoating.com\/sv\/wp-json\/wp\/v2\/comments?post=61498"}],"version-history":[{"count":8,"href":"https:\/\/www.climatecoating.com\/sv\/wp-json\/wp\/v2\/pages\/61498\/revisions"}],"predecessor-version":[{"id":63022,"href":"https:\/\/www.climatecoating.com\/sv\/wp-json\/wp\/v2\/pages\/61498\/revisions\/63022"}],"wp:attachment":[{"href":"https:\/\/www.climatecoating.com\/sv\/wp-json\/wp\/v2\/media?parent=61498"}],"curies":[{"name":"wp","href":"https:\/\/api.w.org\/{rel}","templated":true}]}}