{"id":38098,"date":"2020-07-22T22:26:08","date_gmt":"2020-07-22T20:26:08","guid":{"rendered":"https:\/\/www.climatecoating.com\/produkte\/historia\/"},"modified":"2024-12-10T17:00:32","modified_gmt":"2024-12-10T16:00:32","slug":"history","status":"publish","type":"product","link":"https:\/\/www.climatecoating.com\/sv\/produkt\/history\/","title":{"rendered":"History"},"content":{"rendered":"<p>N\u00e4stan varje mineralsubstrat i en gammal byggnad \u00e4r f\u00f6rorenat med vatten och salt. Detta f\u00f6rklarar kravet p\u00e5 monumentskydd f\u00f6r en optimal bel\u00e4ggning som \u00e4r \u00f6ppen f\u00f6r kapill\u00e4rer och diffusion, som absolut f\u00f6rhindrar salt- och fuktuppbyggnad och \u00e4ven \u00e4r avsedd att motst\u00e5 alla moderna milj\u00f6p\u00e5frestningar.<\/p>\n<p><strong>Skonsammare kapill\u00e4rtorkning<\/strong><br \/>\nDen mest effektiva avfuktningsmekanismen \u00e4r kapill\u00e4rtorkning, d\u00e4r vatten och salt transporteras fr\u00e5n insidan till utsidan av v\u00e4ggytan. Historik m\u00f6jligg\u00f6r en skonsammare avfuktning upp till byggnadens j\u00e4mviktsfukthalt och f\u00f6rhindrar som en hygric diod ny fuktintr\u00e4ngning, till exempel fr\u00e5n regn. Alger, mossa och svampar finner inte l\u00e4ngre grogrund och fasaderna beh\u00e5ller sitt v\u00e4rdefulla utseende i m\u00e5nga \u00e5r &#8211; tack vare Historiens fysiska egenskaper och h\u00f6gkvalitativa formulering.<\/p>\n","protected":false},"excerpt":{"rendered":"<p><strong>V\u00e4rdebevarande fasadskydd med skonsam avfuktning<\/strong><\/p>\n<p>Skonsam kapill\u00e4rtorkning och balanserande fukthantering k\u00e4nnetecknar History fasadbel\u00e4ggning f\u00f6r kulturminnesm\u00e4rkta byggnadsfasader. Dessutom f\u00f6rhindrar historien effektivt f\u00f6rnyat intr\u00e4ngande av fukt \u2013 p\u00e5 ett helt naturligt, fysiskt s\u00e4tt.<\/p>\n<p>Alla bel\u00e4ggningar och f\u00e4rger fr\u00e5n ClimateCoating <sup>\u00ae<\/sup> \u00e4r baserade p\u00e5 reflekterande membranteknologi och har en rent fysisk effekt. De milj\u00f6v\u00e4nliga och h\u00f6gpresterande f\u00e4rgerna har \u00f6vertygat anv\u00e4ndare \u00f6ver hela v\u00e4rlden sedan 2003 med sina speciella egenskaper och h\u00f6ga kostnadseffektivitet.<\/p>\n","protected":false},"featured_media":36363,"template":"","meta":[],"product_brand":[],"product_cat":[2292,2294,2295,2293],"product_tag":[],"class_list":{"0":"post-38098","1":"product","2":"type-product","3":"status-publish","4":"has-post-thumbnail","6":"product_cat-anvaendningsomraden","7":"product_cat-skydd-av-historiska-fasader","8":"product_cat-utanfoer","9":"product_cat-monumentskydd","11":"first","12":"instock","13":"taxable","14":"shipping-taxable","15":"purchasable","16":"product-type-variable"},"_links":{"self":[{"href":"https:\/\/www.climatecoating.com\/sv\/wp-json\/wp\/v2\/product\/38098","targetHints":{"allow":["GET"]}}],"collection":[{"href":"https:\/\/www.climatecoating.com\/sv\/wp-json\/wp\/v2\/product"}],"about":[{"href":"https:\/\/www.climatecoating.com\/sv\/wp-json\/wp\/v2\/types\/product"}],"wp:featuredmedia":[{"embeddable":true,"href":"https:\/\/www.climatecoating.com\/sv\/wp-json\/wp\/v2\/media\/36363"}],"wp:attachment":[{"href":"https:\/\/www.climatecoating.com\/sv\/wp-json\/wp\/v2\/media?parent=38098"}],"wp:term":[{"taxonomy":"product_brand","embeddable":true,"href":"https:\/\/www.climatecoating.com\/sv\/wp-json\/wp\/v2\/product_brand?post=38098"},{"taxonomy":"product_cat","embeddable":true,"href":"https:\/\/www.climatecoating.com\/sv\/wp-json\/wp\/v2\/product_cat?post=38098"},{"taxonomy":"product_tag","embeddable":true,"href":"https:\/\/www.climatecoating.com\/sv\/wp-json\/wp\/v2\/product_tag?post=38098"}],"curies":[{"name":"wp","href":"https:\/\/api.w.org\/{rel}","templated":true}]}}