{"id":38115,"date":"2020-07-22T23:13:11","date_gmt":"2020-07-22T21:13:11","guid":{"rendered":"https:\/\/www.climatecoating.com\/produkte\/naturglasyr\/"},"modified":"2024-12-10T17:00:22","modified_gmt":"2024-12-10T16:00:22","slug":"natureglaze","status":"publish","type":"product","link":"https:\/\/www.climatecoating.com\/sv\/produkt\/natureglaze\/","title":{"rendered":"NatureGlaze"},"content":{"rendered":"<p><strong>H\u00f6gteknologisk bel\u00e4ggning som h\u00e5ller vad den lovar<\/strong><br \/>\nMed ClimateCoating <sup>\u00ae<\/sup> NatureGlaze skyddas tr\u00e4komponenter och f\u00f6rblir vackra under exceptionellt l\u00e5ng tid. Samspelet mellan vidh\u00e4ftning, elasticitet och extrem sp\u00e4nst, i kombination med minskningen av sv\u00e4llning och krympning, f\u00f6rdr\u00f6jer helst tr\u00e4ets \u00e5ldring. Ingen skalar f\u00e4rg, ingen blekning. Utlovat!<\/p>\n<p><strong>anv\u00e4ndningsomr\u00e5den<\/strong><br \/>\nNatureGlaze \u00e4r designad f\u00f6r tr\u00e4komponenter med begr\u00e4nsad dimensionsstabilitet (spont- och notbr\u00e4dor, ramverk, f\u00f6nsterluckor och grindar) och f\u00f6r tr\u00e4komponenter som inte \u00e4r formstabila (balkongbr\u00e4ckningar, b\u00e4ltros, pergolor och staket).<\/p>\n<p>Medan den tjocka glasyren NatureGlaze erbjuder ett hanterbart urval av f\u00e4rger, finns den ogenomskinliga bel\u00e4ggningen i m\u00e5nga f\u00e4rgnyanser. Den f\u00e4rdiga att anv\u00e4nda NaturePrimer kompletterar produktensemblen.<\/p>\n","protected":false},"excerpt":{"rendered":"<p><strong>F\u00e4rgat och v\u00e4derbest\u00e4ndigt tr\u00e4skydd &#8211; genomskinligt<\/strong><\/p>\n<p>NatureGlaze \u00e4r en h\u00f6gteknologisk glasbel\u00e4ggning f\u00f6r alla utomhustr\u00e4komponenter med begr\u00e4nsad dimensionsstabilitet och icke-dimensionell stabilitet. Mycket v\u00e4derbest\u00e4ndig och med varaktig elasticitet, Nature \u00e4r det perfekta tr\u00e4skyddet i flera \u00e5r!<\/p>\n","protected":false},"featured_media":36508,"template":"","meta":[],"product_brand":[],"product_cat":[2292,2327],"product_tag":[],"class_list":{"0":"post-38115","1":"product","2":"type-product","3":"status-publish","4":"has-post-thumbnail","6":"product_cat-anvaendningsomraden","7":"product_cat-traskydd","9":"first","10":"instock","11":"taxable","12":"shipping-taxable","13":"product-type-variable"},"_links":{"self":[{"href":"https:\/\/www.climatecoating.com\/sv\/wp-json\/wp\/v2\/product\/38115","targetHints":{"allow":["GET"]}}],"collection":[{"href":"https:\/\/www.climatecoating.com\/sv\/wp-json\/wp\/v2\/product"}],"about":[{"href":"https:\/\/www.climatecoating.com\/sv\/wp-json\/wp\/v2\/types\/product"}],"wp:featuredmedia":[{"embeddable":true,"href":"https:\/\/www.climatecoating.com\/sv\/wp-json\/wp\/v2\/media\/36508"}],"wp:attachment":[{"href":"https:\/\/www.climatecoating.com\/sv\/wp-json\/wp\/v2\/media?parent=38115"}],"wp:term":[{"taxonomy":"product_brand","embeddable":true,"href":"https:\/\/www.climatecoating.com\/sv\/wp-json\/wp\/v2\/product_brand?post=38115"},{"taxonomy":"product_cat","embeddable":true,"href":"https:\/\/www.climatecoating.com\/sv\/wp-json\/wp\/v2\/product_cat?post=38115"},{"taxonomy":"product_tag","embeddable":true,"href":"https:\/\/www.climatecoating.com\/sv\/wp-json\/wp\/v2\/product_tag?post=38115"}],"curies":[{"name":"wp","href":"https:\/\/api.w.org\/{rel}","templated":true}]}}