{"id":38116,"date":"2020-08-09T15:05:04","date_gmt":"2020-08-09T13:05:04","guid":{"rendered":"https:\/\/www.climatecoating.com\/produkte\/pu-sakert-fyllmedel\/"},"modified":"2024-12-10T17:00:17","modified_gmt":"2024-12-10T16:00:17","slug":"pu-safe-filler","status":"publish","type":"product","link":"https:\/\/www.climatecoating.com\/sv\/produkt\/pu-safe-filler\/","title":{"rendered":"PU Safe Filler"},"content":{"rendered":"<p>Den varierande permeabiliteten hos PU Safe Filler g\u00f6r att den kan anv\u00e4ndas b\u00e5de inomhus och utomhus. PU Safe Filler torkar plasto-elastiskt, vattent\u00e4tt, kemiskt neutralt och luktfritt. Den h\u00f6ga flexibiliteten hos fyllmedlet \u00e4r s\u00e4rskilt viktigt vid termiska och strukturella r\u00f6relser av strukturelementen, eftersom detta s\u00e4kerst\u00e4ller en oavbruten t\u00e4tningsyta. PU Safe Filler f\u00e4ster bra p\u00e5 alla konventionella byggmaterial som PVC och aluminium belagda med f\u00e4rg eller f\u00e4rgad plastfilm. T\u00e4tningsmassan anv\u00e4nds traditionellt i d\u00f6rr- och f\u00f6nstermontage vid arbete med PU-skum.<\/p>\n","protected":false},"excerpt":{"rendered":"<p><strong>T\u00e4tningsmassa f\u00f6r PU-skum<\/strong><\/p>\n<p>PU Safe Filler \u00e4r ett t\u00e4tningsmedel eller spackel f\u00f6r anv\u00e4ndning p\u00e5 polyuretanskum. Fyllmedlet st\u00e4nger till porerna i PU-skummet och skapar en homogen yta f\u00f6r vidare bearbetning med PU Safe Coating.<\/p>\n","protected":false},"featured_media":36545,"template":"","meta":[],"product_brand":[],"product_cat":[2292,2325,2313,2328,2329,2318,2321],"product_tag":[],"class_list":{"0":"post-38116","1":"product","2":"type-product","3":"status-publish","4":"has-post-thumbnail","6":"product_cat-anvaendningsomraden","7":"product_cat-applikationer-utanfor","8":"product_cat-bygg-live","9":"product_cat-produkter","10":"product_cat-fonstertatning","11":"product_cat-offentliga-byggnader","12":"product_cat-hotell-gastronomi","14":"first","15":"instock","16":"taxable","17":"shipping-taxable","18":"purchasable","19":"product-type-simple"},"_links":{"self":[{"href":"https:\/\/www.climatecoating.com\/sv\/wp-json\/wp\/v2\/product\/38116","targetHints":{"allow":["GET"]}}],"collection":[{"href":"https:\/\/www.climatecoating.com\/sv\/wp-json\/wp\/v2\/product"}],"about":[{"href":"https:\/\/www.climatecoating.com\/sv\/wp-json\/wp\/v2\/types\/product"}],"wp:featuredmedia":[{"embeddable":true,"href":"https:\/\/www.climatecoating.com\/sv\/wp-json\/wp\/v2\/media\/36545"}],"wp:attachment":[{"href":"https:\/\/www.climatecoating.com\/sv\/wp-json\/wp\/v2\/media?parent=38116"}],"wp:term":[{"taxonomy":"product_brand","embeddable":true,"href":"https:\/\/www.climatecoating.com\/sv\/wp-json\/wp\/v2\/product_brand?post=38116"},{"taxonomy":"product_cat","embeddable":true,"href":"https:\/\/www.climatecoating.com\/sv\/wp-json\/wp\/v2\/product_cat?post=38116"},{"taxonomy":"product_tag","embeddable":true,"href":"https:\/\/www.climatecoating.com\/sv\/wp-json\/wp\/v2\/product_tag?post=38116"}],"curies":[{"name":"wp","href":"https:\/\/api.w.org\/{rel}","templated":true}]}}