{"id":38117,"date":"2020-08-26T09:54:18","date_gmt":"2020-08-26T07:54:18","guid":{"rendered":"https:\/\/www.climatecoating.com\/produkte\/fixplus\/"},"modified":"2024-12-10T17:00:05","modified_gmt":"2024-12-10T16:00:05","slug":"fixplus","status":"publish","type":"product","link":"https:\/\/www.climatecoating.com\/sv\/produkt\/fixplus\/","title":{"rendered":"FixPlus"},"content":{"rendered":"<p>FixPlus f\u00f6rst\u00e4rker alla putsunderlag enligt DIN 18500 om deras b\u00e4rf\u00f6rm\u00e5ga \u00e4r otillr\u00e4cklig och anpassar deras sugf\u00f6rm\u00e5ga. FixPlus har mycket god intr\u00e4ngning av underlaget, torkar snabbt, \u00e4r permeabel, l\u00f6sningsmedelsfri och har h\u00f6g sluth\u00e5llfasthet.<\/p>\n","protected":false},"excerpt":{"rendered":"<p><strong>Primerkoncentrat f\u00f6r justering av uppsugningsf\u00f6rm\u00e5gan hos mineraliska substrat<\/strong><\/p>\n<p>Goda f\u00f6rberedelser \u00e4r redan halva framg\u00e5ngen.<\/p>\n","protected":false},"featured_media":36371,"template":"","meta":[],"product_brand":[],"product_cat":[2313,2292,2319],"product_tag":[],"class_list":{"0":"post-38117","1":"product","2":"type-product","3":"status-publish","4":"has-post-thumbnail","6":"product_cat-bygg-live","7":"product_cat-anvaendningsomraden","8":"product_cat-ytterligare-produkter","10":"first","11":"instock","12":"taxable","13":"shipping-taxable","14":"purchasable","15":"product-type-variable"},"_links":{"self":[{"href":"https:\/\/www.climatecoating.com\/sv\/wp-json\/wp\/v2\/product\/38117","targetHints":{"allow":["GET"]}}],"collection":[{"href":"https:\/\/www.climatecoating.com\/sv\/wp-json\/wp\/v2\/product"}],"about":[{"href":"https:\/\/www.climatecoating.com\/sv\/wp-json\/wp\/v2\/types\/product"}],"wp:featuredmedia":[{"embeddable":true,"href":"https:\/\/www.climatecoating.com\/sv\/wp-json\/wp\/v2\/media\/36371"}],"wp:attachment":[{"href":"https:\/\/www.climatecoating.com\/sv\/wp-json\/wp\/v2\/media?parent=38117"}],"wp:term":[{"taxonomy":"product_brand","embeddable":true,"href":"https:\/\/www.climatecoating.com\/sv\/wp-json\/wp\/v2\/product_brand?post=38117"},{"taxonomy":"product_cat","embeddable":true,"href":"https:\/\/www.climatecoating.com\/sv\/wp-json\/wp\/v2\/product_cat?post=38117"},{"taxonomy":"product_tag","embeddable":true,"href":"https:\/\/www.climatecoating.com\/sv\/wp-json\/wp\/v2\/product_tag?post=38117"}],"curies":[{"name":"wp","href":"https:\/\/api.w.org\/{rel}","templated":true}]}}