{"id":38141,"date":"2020-07-22T23:18:11","date_gmt":"2020-07-22T21:18:11","guid":{"rendered":"https:\/\/www.climatecoating.com\/produkte\/natureprimer\/"},"modified":"2024-12-10T17:00:20","modified_gmt":"2024-12-10T16:00:20","slug":"natureprimer","status":"publish","type":"product","link":"https:\/\/www.climatecoating.com\/sv\/produkt\/natureprimer\/","title":{"rendered":"NaturePrimer"},"content":{"rendered":"<p>ClimateCoating <sup>\u00ae<\/sup> -NaturePrimer och -Nature \u00e4r en perfekt duo f\u00f6r ett omfattande skydd av tr\u00e4komponenter utomhus. Samspelet mellan vidh\u00e4ftning, elasticitet och extrem sp\u00e4nst, i kombination med minskningen av sv\u00e4llning och krympning, f\u00f6rdr\u00f6jer \u00e5ldrandet av tr\u00e4et p\u00e5 ett idealiskt s\u00e4tt.<\/p>\n","protected":false},"excerpt":{"rendered":"<p><strong>F\u00e4rdig att anv\u00e4nda vidh\u00e4ftningsfr\u00e4mjare f\u00f6r tr\u00e4komponenter utomhus<\/strong><\/p>\n<p>NaturePrimer \u00e4r en f\u00e4rdig att anv\u00e4nda primer f\u00f6r exteri\u00f6ra tr\u00e4komponenter med begr\u00e4nsad eller icke-dimensionell stabilitet. Den \u00e4r baserad p\u00e5 reflekterande membranteknologi, \u00e4r varierande \u00f6ppen f\u00f6r diffusion och skr\u00e4ddarsydd f\u00f6r naturens egenskaper.<\/p>\n","protected":false},"featured_media":36510,"template":"","meta":[],"product_brand":[],"product_cat":[2292,2327],"product_tag":[],"class_list":{"0":"post-38141","1":"product","2":"type-product","3":"status-publish","4":"has-post-thumbnail","6":"product_cat-anvaendningsomraden","7":"product_cat-traskydd","9":"first","10":"instock","11":"taxable","12":"shipping-taxable","13":"purchasable","14":"product-type-variable"},"_links":{"self":[{"href":"https:\/\/www.climatecoating.com\/sv\/wp-json\/wp\/v2\/product\/38141","targetHints":{"allow":["GET"]}}],"collection":[{"href":"https:\/\/www.climatecoating.com\/sv\/wp-json\/wp\/v2\/product"}],"about":[{"href":"https:\/\/www.climatecoating.com\/sv\/wp-json\/wp\/v2\/types\/product"}],"wp:featuredmedia":[{"embeddable":true,"href":"https:\/\/www.climatecoating.com\/sv\/wp-json\/wp\/v2\/media\/36510"}],"wp:attachment":[{"href":"https:\/\/www.climatecoating.com\/sv\/wp-json\/wp\/v2\/media?parent=38141"}],"wp:term":[{"taxonomy":"product_brand","embeddable":true,"href":"https:\/\/www.climatecoating.com\/sv\/wp-json\/wp\/v2\/product_brand?post=38141"},{"taxonomy":"product_cat","embeddable":true,"href":"https:\/\/www.climatecoating.com\/sv\/wp-json\/wp\/v2\/product_cat?post=38141"},{"taxonomy":"product_tag","embeddable":true,"href":"https:\/\/www.climatecoating.com\/sv\/wp-json\/wp\/v2\/product_tag?post=38141"}],"curies":[{"name":"wp","href":"https:\/\/api.w.org\/{rel}","templated":true}]}}