{"id":38142,"date":"2020-07-22T22:40:07","date_gmt":"2020-07-22T20:40:07","guid":{"rendered":"https:\/\/www.climatecoating.com\/produkte\/stuccotex-80\/"},"modified":"2024-12-10T17:00:30","modified_gmt":"2024-12-10T16:00:30","slug":"stuccotex-80","status":"publish","type":"product","link":"https:\/\/www.climatecoating.com\/sv\/produkt\/stuccotex-80\/","title":{"rendered":"StuccoTex 80"},"content":{"rendered":"<p>L\u00e4tt, snabb att anv\u00e4nda och extremt v\u00e4derbest\u00e4ndig \u2013 det \u00e4r s\u00e5 gips ska bearbetas och dess egenskaper ska vara. StuccoTex 80 kan g\u00f6ra \u00e4nnu mer eftersom den \u00e4r mycket elastisk och minskar termiska sp\u00e4nningar, s\u00e5 att den \u00e4ven kan bearbetas p\u00e5 kr\u00e4vande underlag som tr\u00e4. Den innovativa produktteknologin g\u00f6r detta m\u00f6jligt.<\/p>\n<ul>\n<li>0,85 kg\/dm\u00b3 ljus<\/li>\n<li>mycket elastisk<\/li>\n<li>ca 1,0 mm korntjocklek<\/li>\n<\/ul>\n<p><strong>struktur och f\u00e4rg<\/strong><br \/>\nPutsen \u00e4r finkornig och skapar en dekorativ, homogent strukturerad yta.<br \/>\nDu har att v\u00e4lja mellan klassiska vita och mycket vackra, moderna pastellf\u00e4rger. Du kan enkelt s\u00e4tta starka f\u00e4rgaccenter med ThermoProtect fasadbel\u00e4ggning. Denna fasadf\u00e4rg beh\u00e5ller alla egenskaper hos StuccoTex 80. L\u00e4tthetsv\u00e4rden beh\u00f6ver inte beaktas.<\/p>\n<p><strong>Enkel applicering<\/strong><br \/>\nDenna fina granulering sprutas med ett tryck p\u00e5 3,5 bar och beh\u00f6ver inte j\u00e4mnas till efter\u00e5t.<br \/>\nStuccoTex \u00e4r redo att anv\u00e4ndas och kan justeras till \u00f6nskad bearbetningsviskositet med vatten.<\/p>\n","protected":false},"excerpt":{"rendered":"<p><strong> Det ultimata l\u00e4tta strukturpl\u00e5stret som minskar termisk stress <\/strong><\/p>\n<p>Med en torrvikt p\u00e5 0,85 kg\/dm\u00b3 \u00e4r konstruktionsputsen StuccoTex 80 s\u00e5 l\u00e4tt att den inte p\u00e5verkar fasadens statiska f\u00f6rh\u00e5llanden. Termiska sp\u00e4nningar minskar eftersom StuccoTex 80 \u00e4r mycket elastisk. Den kan \u00e4ven bearbetas p\u00e5 kr\u00e4vande underlag som tr\u00e4. Du kan praktiskt taget b\u00f6ja denna l\u00e4tta gips!<\/p>\n<p>Alla bel\u00e4ggningar och f\u00e4rger fr\u00e5n ClimateCoating <sup>\u00ae<\/sup> \u00e4r baserade p\u00e5 reflekterande membranteknologi och har en rent fysisk effekt. De milj\u00f6v\u00e4nliga och h\u00f6gpresterande f\u00e4rgerna har \u00f6vertygat anv\u00e4ndare \u00f6ver hela v\u00e4rlden sedan 2003 med sina speciella egenskaper och h\u00f6ga kostnadseffektivitet.<\/p>\n","protected":false},"featured_media":36365,"template":"","meta":[],"product_brand":[],"product_cat":[2292,2295,2313,2375,2318],"product_tag":[],"class_list":{"0":"post-38142","1":"product","2":"type-product","3":"status-publish","4":"has-post-thumbnail","6":"product_cat-anvaendningsomraden","7":"product_cat-utanfoer","8":"product_cat-bygg-live","9":"product_cat-inuti","10":"product_cat-offentliga-byggnader","12":"first","13":"instock","14":"taxable","15":"shipping-taxable","16":"purchasable","17":"product-type-variable"},"_links":{"self":[{"href":"https:\/\/www.climatecoating.com\/sv\/wp-json\/wp\/v2\/product\/38142","targetHints":{"allow":["GET"]}}],"collection":[{"href":"https:\/\/www.climatecoating.com\/sv\/wp-json\/wp\/v2\/product"}],"about":[{"href":"https:\/\/www.climatecoating.com\/sv\/wp-json\/wp\/v2\/types\/product"}],"wp:featuredmedia":[{"embeddable":true,"href":"https:\/\/www.climatecoating.com\/sv\/wp-json\/wp\/v2\/media\/36365"}],"wp:attachment":[{"href":"https:\/\/www.climatecoating.com\/sv\/wp-json\/wp\/v2\/media?parent=38142"}],"wp:term":[{"taxonomy":"product_brand","embeddable":true,"href":"https:\/\/www.climatecoating.com\/sv\/wp-json\/wp\/v2\/product_brand?post=38142"},{"taxonomy":"product_cat","embeddable":true,"href":"https:\/\/www.climatecoating.com\/sv\/wp-json\/wp\/v2\/product_cat?post=38142"},{"taxonomy":"product_tag","embeddable":true,"href":"https:\/\/www.climatecoating.com\/sv\/wp-json\/wp\/v2\/product_tag?post=38142"}],"curies":[{"name":"wp","href":"https:\/\/api.w.org\/{rel}","templated":true}]}}