{"id":38143,"date":"2020-08-09T15:35:45","date_gmt":"2020-08-09T13:35:45","guid":{"rendered":"https:\/\/www.climatecoating.com\/produkte\/thermoactive\/"},"modified":"2025-10-29T20:02:57","modified_gmt":"2025-10-29T19:02:57","slug":"thermoactive","status":"publish","type":"product","link":"https:\/\/www.climatecoating.com\/sv\/produkt\/thermoactive\/","title":{"rendered":"ThermoActive"},"content":{"rendered":"<p>Det innovativa receptet och de h\u00f6gkvalitativa r\u00e5varorna s\u00e4kerst\u00e4ller att ett flexibelt och reflekterande membran med utm\u00e4rkta egenskaper bildas efter att bel\u00e4ggningen har applicerats:<\/p>\n<ul>\n<li>mycket h\u00f6g solljusreflektion<\/li>\n<li>l\u00e5ngvarig materialh\u00e5llbarhet<\/li>\n<li>\u00f6ver genomsnittlig elasticitet och robusthet<\/li>\n<li>Vattent\u00e4thet\/k\u00f6rregnst\u00e4thet<\/li>\n<li>Temperaturbest\u00e4ndighet fr\u00e5n -40 till + 150\u00b0C<\/li>\n<\/ul>\n<p><strong>H\u00f6ga reflektionsv\u00e4rden &#8211; n\u00e4stan som sn\u00f6<\/strong><br \/>\nThermoActive takbel\u00e4ggning kan reflektera mer \u00e4n 91 % av solljuset. Detta \u00e4r ett bevisat h\u00f6gsta v\u00e4rde. Ren sn\u00f6 reflekterar 100 % av solljuset.<\/p>\n<p><strong>Kostnadsminskning genom passiv luftkonditionering<\/strong><br \/>\nDen reflekterande bel\u00e4ggningen ThermoActive absorberar fukt som avdunstar och kyler genom solstr\u00e5lning. Taket beh\u00f6ver inte n\u00f6dv\u00e4ndigtvis vara vitbelagt. H\u00f6g kylprestanda genom avdunstning uppn\u00e5s \u00e4ven med m\u00f6rkare nyanser. P\u00e5 s\u00e5 s\u00e4tt kan energif\u00f6rbrukningen f\u00f6r kyla minska i alla fall och ett bidrag kan bidra till att minska CO <sub>2<\/sub> -utsl\u00e4ppen.<\/p>\n<p><strong>F\u00f6rl\u00e4ngd livsl\u00e4ngd p\u00e5 takkonstruktionen<\/strong><br \/>\nThermoActives utm\u00e4rkta elasticitet g\u00f6r det m\u00f6jligt att \u00f6verbrygga material\u00f6verg\u00e5ngar utan problem vid temperaturer fr\u00e5n -40\u00b0C till +150\u00b0C. Taket f\u00f6rblir vattent\u00e4tt. Bel\u00e4ggningen \u00e4r extremt robust och ok\u00e4nslig f\u00f6r milj\u00f6p\u00e5verkan som syror, alkalier, ozon, kv\u00e4ve och svaveloxider. Dessutom \u00e4r bel\u00e4ggningen extremt UV-best\u00e4ndig. Ingen spr\u00f6dhet, ingen flagnande f\u00e4rg, ingen vittring och s\u00e5 l\u00e4nge. Allt detta f\u00f6rl\u00e4nger livsl\u00e4ngden p\u00e5 takkonstruktionen och minskar underh\u00e5llskostnaderna.<\/p>\n","protected":false},"excerpt":{"rendered":"<p><strong>Reflekterande takbel\u00e4ggning med utm\u00e4rkt kylf\u00f6rm\u00e5ga<\/strong><\/p>\n<p>ThermoActive \u00e4r takbel\u00e4ggningen f\u00f6r luftkonditionering. Det s\u00e4kerst\u00e4ller svalare rum under den varma solen. ThermoActive f\u00f6rl\u00e4nger livsl\u00e4ngden p\u00e5 takkonstruktionen och s\u00e4nker temperaturen inne i byggnaden. Detta sparar resurser f\u00f6r underh\u00e5ll av taket och minskar energif\u00f6rbrukningen i luftkonditioneringssystemen.<\/p>\n<p>Alla bel\u00e4ggningar och f\u00e4rger fr\u00e5n ClimateCoating <sup>\u00ae<\/sup> \u00e4r baserade p\u00e5 reflekterande membranteknologi och har en rent fysisk effekt. De milj\u00f6v\u00e4nliga och h\u00f6gpresterande f\u00e4rgerna har \u00f6vertygat anv\u00e4ndare \u00f6ver hela v\u00e4rlden sedan 2003 med sina speciella egenskaper och h\u00f6ga kostnadseffektivitet.<\/p>\n","protected":false},"featured_media":36359,"template":"","meta":[],"product_brand":[],"product_cat":[2295,2313,2292,2338,2344,2318,2348],"product_tag":[],"class_list":{"0":"post-38143","1":"product","2":"type-product","3":"status-publish","4":"has-post-thumbnail","6":"product_cat-utanfoer","7":"product_cat-bygg-live","8":"product_cat-anvaendningsomraden","9":"product_cat-livsmedelsindustrin","10":"product_cat-tillverkning","11":"product_cat-offentliga-byggnader","12":"product_cat-jordbruk-djurhallning","14":"first","15":"instock","16":"taxable","17":"shipping-taxable","18":"purchasable","19":"product-type-variable"},"_links":{"self":[{"href":"https:\/\/www.climatecoating.com\/sv\/wp-json\/wp\/v2\/product\/38143","targetHints":{"allow":["GET"]}}],"collection":[{"href":"https:\/\/www.climatecoating.com\/sv\/wp-json\/wp\/v2\/product"}],"about":[{"href":"https:\/\/www.climatecoating.com\/sv\/wp-json\/wp\/v2\/types\/product"}],"wp:featuredmedia":[{"embeddable":true,"href":"https:\/\/www.climatecoating.com\/sv\/wp-json\/wp\/v2\/media\/36359"}],"wp:attachment":[{"href":"https:\/\/www.climatecoating.com\/sv\/wp-json\/wp\/v2\/media?parent=38143"}],"wp:term":[{"taxonomy":"product_brand","embeddable":true,"href":"https:\/\/www.climatecoating.com\/sv\/wp-json\/wp\/v2\/product_brand?post=38143"},{"taxonomy":"product_cat","embeddable":true,"href":"https:\/\/www.climatecoating.com\/sv\/wp-json\/wp\/v2\/product_cat?post=38143"},{"taxonomy":"product_tag","embeddable":true,"href":"https:\/\/www.climatecoating.com\/sv\/wp-json\/wp\/v2\/product_tag?post=38143"}],"curies":[{"name":"wp","href":"https:\/\/api.w.org\/{rel}","templated":true}]}}