{"id":38170,"date":"2020-08-09T15:39:52","date_gmt":"2020-08-09T13:39:52","guid":{"rendered":"https:\/\/www.climatecoating.com\/produkte\/thermovital\/"},"modified":"2025-01-30T03:36:59","modified_gmt":"2025-01-30T02:36:59","slug":"thermovital","status":"publish","type":"product","link":"https:\/\/www.climatecoating.com\/sv\/produkt\/thermovital\/","title":{"rendered":"ThermoVital"},"content":{"rendered":"<p><strong>M\u00f6gelexponering &#8211; varf\u00f6r m\u00f6gel \u00e4r s\u00e5 farligt<\/strong><br \/>\nM\u00f6gelfl\u00e4ckar p\u00e5 v\u00e4ggarna ser inte bara fula ut, de \u00e4r en h\u00e4lsorisk. \u00c4ven sm\u00e5 m\u00e4ngder m\u00f6gelsporer kan utl\u00f6sa allergiska reaktioner, st\u00f6rre m\u00e4ngder skadar organismen.<\/p>\n<p>M\u00f6gel beh\u00f6ver n\u00e4ring och fukt f\u00f6r att v\u00e4xa. Eftersom n\u00e4rings\u00e4mnen finns i byggnader i mer eller mindre l\u00e4ttillg\u00e4nglig form \u00e4r luftfuktigheten av avg\u00f6rande betydelse. Temperaturen och pH-v\u00e4rdet spelar en ganska liten roll, eftersom m\u00f6gel kan v\u00e4xa inom ett brett temperatur- och pH-omr\u00e5de. Om det redan kan ses svarta m\u00f6gelfl\u00e4ckar eller vitm\u00f6gelludd m\u00e5ste \u00e5tg\u00e4rder vidtas.<\/p>\n<p><strong> 1,2,3 &#8230;m\u00f6gelfri \u2013 systematisk m\u00f6gelborttagning<\/strong><\/p>\n<ol>\n<li>Behandling av de synliga m\u00f6gelkulturerna med <a href=\"https:\/\/www.climatecoating.com\/sv\/produkter\/sanosil-s010\/\" target=\"_blank\" rel=\"noopener\">Sanosil S010<\/a><\/li>\n<li>Behandling av rumsluft och sekund\u00e4r kontaminering med <a href=\"https:\/\/www.climatecoating.com\/sv\/produkter\/sanosil-s003\/\" target=\"_blank\" rel=\"noopener\">Sanosil S003<\/a><\/li>\n<li>Inv\u00e4ndig bel\u00e4ggning med ThermoVital f\u00f6r l\u00e5ngsiktigt och rent fysiskt skydd mot f\u00f6rnyad m\u00f6geltillv\u00e4xt.<\/li>\n<\/ol>\n<p><strong>Fysisk effekt &#8211; stor nytta<\/strong><br \/>\nThermoVital \u00e4r m\u00f6gelskyddet som s\u00e4kerst\u00e4ller rumshygien och h\u00e4lsosamt liv. Den unika dispersionen fr\u00e4mjar fysiskt torkning av v\u00e4ggarna upp till byggnadens j\u00e4mviktsfukthalt och reglerar luftfuktigheten i rummet. Miljontals mikroskopiska ih\u00e5liga keramiska sf\u00e4rer, h\u00f6gkvalitativa akrylpolymerer, pigment och synkroniserande aktivatorer \u00e4r ansvariga f\u00f6r detta. Efter applicering \u00e4r bel\u00e4ggningen varierande diffusions\u00f6ppen. Den st\u00f6djer kapill\u00e4rtransporten av fukt ut ur v\u00e4ggen och tar d\u00e4rmed bort underlaget f\u00f6r formen. En annan positiv effekt: k\u00f6ldbryggor minskar och den termiska komforten i rummet \u00f6kar.<\/p>\n<p><strong>F\u00f6rebyggande \u00e4r b\u00e4ttre \u00e4n att bota \u2013 smart f\u00f6rebyggande i alla f\u00e4rger<\/strong><br \/>\nVill du f\u00f6rhindra detta kan du bel\u00e4gga (m\u00e5la) rum med f\u00f6rh\u00f6jd fuktniv\u00e5 med ThermoVital direkt: k\u00f6k, badrum och k\u00e4llare eller hela l\u00e4genheten eller lagret. Eftersom ThermoVital \u00e4r en vidareutveckling av <a href=\"https:\/\/www.climatecoating.com\/sv\/produkter\/thermoplus\/\" target=\"_blank\" rel=\"noopener\">ThermoPlus<\/a> finns det inga gr\u00e4nser f\u00f6r f\u00e4rgdesignen. Dispersionen kan \u00e4ven blandas enligt RAL-f\u00e4rger. Den bearbetade specialf\u00e4rgen \u00e4r fri fr\u00e5n fungicider och n\u00e4stan luktfri.<\/p>\n","protected":false},"excerpt":{"rendered":"<p><strong>Innovativt skydd mot m\u00f6gel<\/strong><\/p>\n<p>M\u00f6gel har inte en chans! ThermoVital \u00e4r det fysiskt effektiva l\u00e5ngtidsskyddet som s\u00e4kerst\u00e4ller rumshygien och h\u00e4lsosamt liv. Oavsett om det g\u00e4ller rum med \u00f6kad luftfuktighet som badrum, k\u00f6k och k\u00e4llare eller f\u00f6r produktions- och lagerhallar, till exempel inom livsmedelsindustrin, ger ThermoVital ett l\u00e5ngsiktigt skydd mot m\u00f6gelp\u00e5v\u00e4xt p\u00e5 v\u00e4ggarna. Den speciella f\u00e4rgen reglerar luftfuktigheten och minskar de negativa effekterna av k\u00f6ldbryggor.<\/p>\n<p>Alla bel\u00e4ggningar och f\u00e4rger fr\u00e5n ClimateCoating <sup>\u00ae<\/sup> \u00e4r baserade p\u00e5 reflekterande membranteknologi och har en rent fysisk effekt. De milj\u00f6v\u00e4nliga och h\u00f6gpresterande f\u00e4rgerna har \u00f6vertygat anv\u00e4ndare \u00f6ver hela v\u00e4rlden sedan 2003 med sina speciella egenskaper och h\u00f6ga kostnadseffektivitet.<\/p>\n","protected":false},"featured_media":36542,"template":"","meta":[],"product_brand":[],"product_cat":[2292,2313,2338,2344,2318,2375,2348,2374,2321],"product_tag":[],"class_list":{"0":"post-38170","1":"product","2":"type-product","3":"status-publish","4":"has-post-thumbnail","6":"product_cat-anvaendningsomraden","7":"product_cat-bygg-live","8":"product_cat-livsmedelsindustrin","9":"product_cat-tillverkning","10":"product_cat-offentliga-byggnader","11":"product_cat-inuti","12":"product_cat-jordbruk-djurhallning","13":"product_cat-sjukvard","14":"product_cat-hotell-gastronomi","16":"first","17":"instock","18":"taxable","19":"shipping-taxable","20":"purchasable","21":"product-type-variable"},"_links":{"self":[{"href":"https:\/\/www.climatecoating.com\/sv\/wp-json\/wp\/v2\/product\/38170","targetHints":{"allow":["GET"]}}],"collection":[{"href":"https:\/\/www.climatecoating.com\/sv\/wp-json\/wp\/v2\/product"}],"about":[{"href":"https:\/\/www.climatecoating.com\/sv\/wp-json\/wp\/v2\/types\/product"}],"wp:featuredmedia":[{"embeddable":true,"href":"https:\/\/www.climatecoating.com\/sv\/wp-json\/wp\/v2\/media\/36542"}],"wp:attachment":[{"href":"https:\/\/www.climatecoating.com\/sv\/wp-json\/wp\/v2\/media?parent=38170"}],"wp:term":[{"taxonomy":"product_brand","embeddable":true,"href":"https:\/\/www.climatecoating.com\/sv\/wp-json\/wp\/v2\/product_brand?post=38170"},{"taxonomy":"product_cat","embeddable":true,"href":"https:\/\/www.climatecoating.com\/sv\/wp-json\/wp\/v2\/product_cat?post=38170"},{"taxonomy":"product_tag","embeddable":true,"href":"https:\/\/www.climatecoating.com\/sv\/wp-json\/wp\/v2\/product_tag?post=38170"}],"curies":[{"name":"wp","href":"https:\/\/api.w.org\/{rel}","templated":true}]}}