{"id":38191,"date":"2020-08-09T14:37:27","date_gmt":"2020-08-09T12:37:27","guid":{"rendered":"https:\/\/www.climatecoating.com\/produkte\/pu-saker-belaggning\/"},"modified":"2024-12-10T17:00:18","modified_gmt":"2024-12-10T16:00:18","slug":"pu-safe-coating","status":"publish","type":"product","link":"https:\/\/www.climatecoating.com\/sv\/produkt\/pu-safe-coating\/","title":{"rendered":"PU Safe Coating"},"content":{"rendered":"<p>Denna metod att t\u00e4ta f\u00f6nster och d\u00f6rrar under installationen \u00e4r enklare och mer ekonomisk \u00e4n konventionella metoder som anv\u00e4nder kompositband, fogt\u00e4tningstejp eller folie. Med den nya metoden h\u00e5ller f\u00f6nstret t\u00e4tt runt om, i kallt och varmt v\u00e4der, vid \u00f6sregn eller l\u00e5nga perioder av torka.<\/p>\n<p>Den varierande permeabiliteten hos PU Safe Coating g\u00f6r att den kan anv\u00e4ndas b\u00e5de inomhus och utomhus. PU Safe Coating bildar ett flexibelt membran. Det som \u00e4r bra med det: \u00c5ngt\u00e4theten hos den membranbildande t\u00e4tningsbel\u00e4ggningen \u00e4r variabel. Den anpassar sig till omgivningsf\u00f6rh\u00e5llandena p\u00e5 ett s\u00e5dant s\u00e4tt att den blockerar eller sl\u00e4pper igenom &#8211; beroende p\u00e5 \u00e5ngtrycksgradienten.<\/p>\n<p>PU Safe Coating f\u00e4ster bra p\u00e5 alla konventionella material och appliceras enkelt med en pensel &#8211; g\u00e4rna tv\u00e5 g\u00e5nger, s\u00e5 att produktegenskaperna kan f\u00e5 en optimal effekt. Dispersionen ska t\u00e4cka b\u00e5de v\u00e4rmeisoleringsskiktet (PU-monteringsskum) och alla fogar samt minimalt de ber\u00f6rande ytorna runt f\u00f6nster- eller d\u00f6rrkarmen.<\/p>\n<p>PU Safe Coating applicerad i kombination med innerv\u00e4ggsf\u00e4rgen ThermoPlus eller fasadf\u00e4rgen ThermoProtect minimerar eller undviker k\u00f6ldbryggor! Du kan f\u00e5 mer information fr\u00e5n v\u00e5ra erfarna applikationskonsulter.<\/p>\n","protected":false},"excerpt":{"rendered":"<p><strong>Den effektiva skyddsbel\u00e4ggningen f\u00f6r PU-skum<\/strong><\/p>\n<p>PU Safe Coating \u00e4r en t\u00e4tande bel\u00e4ggning f\u00f6r anv\u00e4ndning p\u00e5 polyuretanskum som en skyddande bel\u00e4ggning i f\u00f6nster- och d\u00f6rrmontage. Appliceras snabbt och enkelt, det bildar ett vattent\u00e4tt, flexibelt och skyddande membran precis d\u00e4r olika material m\u00f6ts.<\/p>\n<p>PU Safe Coating \u00e4r innovativ, milj\u00f6v\u00e4nlig, effektiv och kraftfull.<\/p>\n","protected":false},"featured_media":36367,"template":"","meta":[],"product_brand":[],"product_cat":[2325,2292,2313,2329,2318,2321],"product_tag":[],"class_list":{"0":"post-38191","1":"product","2":"type-product","3":"status-publish","4":"has-post-thumbnail","6":"product_cat-applikationer-utanfor","7":"product_cat-anvaendningsomraden","8":"product_cat-bygg-live","9":"product_cat-fonstertatning","10":"product_cat-offentliga-byggnader","11":"product_cat-hotell-gastronomi","13":"first","14":"instock","15":"taxable","16":"shipping-taxable","17":"purchasable","18":"product-type-variable"},"_links":{"self":[{"href":"https:\/\/www.climatecoating.com\/sv\/wp-json\/wp\/v2\/product\/38191","targetHints":{"allow":["GET"]}}],"collection":[{"href":"https:\/\/www.climatecoating.com\/sv\/wp-json\/wp\/v2\/product"}],"about":[{"href":"https:\/\/www.climatecoating.com\/sv\/wp-json\/wp\/v2\/types\/product"}],"wp:featuredmedia":[{"embeddable":true,"href":"https:\/\/www.climatecoating.com\/sv\/wp-json\/wp\/v2\/media\/36367"}],"wp:attachment":[{"href":"https:\/\/www.climatecoating.com\/sv\/wp-json\/wp\/v2\/media?parent=38191"}],"wp:term":[{"taxonomy":"product_brand","embeddable":true,"href":"https:\/\/www.climatecoating.com\/sv\/wp-json\/wp\/v2\/product_brand?post=38191"},{"taxonomy":"product_cat","embeddable":true,"href":"https:\/\/www.climatecoating.com\/sv\/wp-json\/wp\/v2\/product_cat?post=38191"},{"taxonomy":"product_tag","embeddable":true,"href":"https:\/\/www.climatecoating.com\/sv\/wp-json\/wp\/v2\/product_tag?post=38191"}],"curies":[{"name":"wp","href":"https:\/\/api.w.org\/{rel}","templated":true}]}}