{"id":38194,"date":"2020-07-22T22:57:30","date_gmt":"2020-07-22T20:57:30","guid":{"rendered":"https:\/\/www.climatecoating.com\/produkte\/stuccoprimer\/"},"modified":"2024-12-10T17:00:27","modified_gmt":"2024-12-10T16:00:27","slug":"stuccoprimer","status":"publish","type":"product","link":"https:\/\/www.climatecoating.com\/sv\/produkt\/stuccoprimer\/","title":{"rendered":"StuccoPrimer"},"content":{"rendered":"<p><strong>Passar f\u00f6r tunnelbanan!<\/strong><br \/>\nStuccoPrimer minskar underlagets sugf\u00f6rm\u00e5ga och g\u00f6r att StuccoTex kan f\u00e4sta p\u00e5 n\u00e4stan alla underlag. Bearbetningen \u00e4r mycket enkel: Den appliceras med en vanlig m\u00e5larpensel, pensel eller m\u00e5larrulle. Den primande adhesionspromotorn \u00e4r klar att anv\u00e4ndas.<\/p>\n","protected":false},"excerpt":{"rendered":"<p><strong>F\u00e4rdig att anv\u00e4nda vidh\u00e4ftningsfr\u00e4mjare f\u00f6r StuccoTex<\/strong><\/p>\n<p>StuccoPrimer f\u00f6rbereder underlaget f\u00f6r applicering av StuccoTex. Vidh\u00e4ftningsfr\u00e4mjaren \u00e4r primern f\u00f6r n\u00e4stan alla underlag som t.ex. B. gammal puts och ny puts. Den \u00e4r baserad p\u00e5 reflekterande membranteknologi, \u00e4r variabelt diffusions\u00f6ppen och \u00e4r d\u00e4rf\u00f6r den perfekta &#8220;spelaren&#8221; i StuccoTex gipssystem.<\/p>\n","protected":false},"featured_media":36360,"template":"","meta":[],"product_brand":[],"product_cat":[2292,2295,2313,2318,2375],"product_tag":[],"class_list":{"0":"post-38194","1":"product","2":"type-product","3":"status-publish","4":"has-post-thumbnail","6":"product_cat-anvaendningsomraden","7":"product_cat-utanfoer","8":"product_cat-bygg-live","9":"product_cat-offentliga-byggnader","10":"product_cat-inuti","12":"first","13":"instock","14":"taxable","15":"shipping-taxable","16":"purchasable","17":"product-type-variable"},"_links":{"self":[{"href":"https:\/\/www.climatecoating.com\/sv\/wp-json\/wp\/v2\/product\/38194","targetHints":{"allow":["GET"]}}],"collection":[{"href":"https:\/\/www.climatecoating.com\/sv\/wp-json\/wp\/v2\/product"}],"about":[{"href":"https:\/\/www.climatecoating.com\/sv\/wp-json\/wp\/v2\/types\/product"}],"wp:featuredmedia":[{"embeddable":true,"href":"https:\/\/www.climatecoating.com\/sv\/wp-json\/wp\/v2\/media\/36360"}],"wp:attachment":[{"href":"https:\/\/www.climatecoating.com\/sv\/wp-json\/wp\/v2\/media?parent=38194"}],"wp:term":[{"taxonomy":"product_brand","embeddable":true,"href":"https:\/\/www.climatecoating.com\/sv\/wp-json\/wp\/v2\/product_brand?post=38194"},{"taxonomy":"product_cat","embeddable":true,"href":"https:\/\/www.climatecoating.com\/sv\/wp-json\/wp\/v2\/product_cat?post=38194"},{"taxonomy":"product_tag","embeddable":true,"href":"https:\/\/www.climatecoating.com\/sv\/wp-json\/wp\/v2\/product_tag?post=38194"}],"curies":[{"name":"wp","href":"https:\/\/api.w.org\/{rel}","templated":true}]}}