{"id":38195,"date":"2020-08-26T09:45:36","date_gmt":"2020-08-26T07:45:36","guid":{"rendered":"https:\/\/www.climatecoating.com\/produkte\/thermoplus\/"},"modified":"2025-11-29T23:16:09","modified_gmt":"2025-11-29T22:16:09","slug":"thermoplus","status":"publish","type":"product","link":"https:\/\/www.climatecoating.com\/sv\/produkt\/thermoplus\/","title":{"rendered":"ThermoPlus"},"content":{"rendered":"<p><strong>B\u00e4sta rumsklimatet f\u00f6r boendekomfort n\u00e4r som helst p\u00e5 \u00e5ret<\/strong><br \/>\n<em>P\u00e5 sommaren<\/em> absorberar bel\u00e4ggningen \u00f6verskottsfukt fr\u00e5n rumsluften och balanserar den med den torrare rumsluften (entropiprincip1). Evaporativ kylning uppst\u00e5r som b\u00e5de kyler v\u00e4ggytorna och s\u00e4nker den h\u00f6ga rumstemperaturen.<\/p>\n<p><em>P\u00e5 vintern,<\/em> n\u00e4r luftfuktigheten \u00e4r l\u00e5g, absorberar bel\u00e4ggningen rumsv\u00e4rme, leder den j\u00e4mnt och str\u00e5lar ut i rummet som en kakelugn. Som ett resultat minimeras <a href=\"https:\/\/www.climatecoating.com\/sv\/foretag\/ordlista\/#konvektionsstroeme\" target=\"_blank\" rel=\"noopener\">konvektionsstr\u00f6mmar<\/a> och <a href=\"https:\/\/www.climatecoating.com\/sv\/foretag\/ordlista\/#waermebruecken\" target=\"_blank\" rel=\"noopener\">k\u00f6ldbryggor<\/a> och temperaturskillnaden mellan topp och botten reduceras. Den termiska komforten i rummet \u00f6kar m\u00e4rkbart.<\/p>\n<p><strong> Optimal rumsfuktighet<\/strong><br \/>\nOm rumsluften \u00e4r fuktig lagrar ThermoPlus vattenmolekyler i sin tunna yta. I geng\u00e4ld sl\u00e4pper ytan ut fukten i rumsluften om den \u00e4r f\u00f6r torr. ThermoPlus \u00e4r inst\u00e4lld p\u00e5 ett s\u00e5dant s\u00e4tt att luftfuktigheten i rummet f\u00f6rblir i det idealiska omr\u00e5det p\u00e5 cirka 55 %.<\/p>\n<p><strong> Renoveringsintervall: Mer \u00e4r mindre h\u00e4r<\/strong><br \/>\nThermoPlus ger en njutning \u00f6ver genomsnittet, eftersom v\u00e4ggf\u00e4rgens antistatiska effekt minskar damm och nikotinavlagringar p\u00e5 de belagda v\u00e4ggytorna. Smutspartiklar binder inte kemiskt till ytan. H\u00f6gkvalitativa r\u00e5varor och pigment s\u00e4kerst\u00e4ller utm\u00e4rkt ljus\u00e4kthet och motverkar blekning, gulning och kritning. V\u00e4ggarna i hallen och vardagsrummet, p\u00e5 kontoret eller i restaurangen f\u00f6rblir str\u00e5lande vackra l\u00e4nge. Tack vare reflekterande membranteknologi g\u00e5r n\u00e4sta renoveringsinvestering l\u00e4ngre in i framtiden \u00e4n med konventionella v\u00e4ggf\u00e4rger.<\/p>\n<p><strong> Olika f\u00e4rger f\u00f6r kreativa m\u00e4nniskor<\/strong><br \/>\nDen inv\u00e4ndiga v\u00e4ggf\u00e4rgen ThermoPlus l\u00e4mnar inget \u00f6vrigt att \u00f6nska f\u00f6r kreativ f\u00e4rgdesign och \u00e4r dessutom bra f\u00f6r milj\u00f6- och h\u00e4lsokompatibilitet. Den vanliga enkla appliceringen p\u00e5 n\u00e4stan alla ytor \u00e4r m\u00f6jlig med borste, rulle eller sprutpistol.<\/p>\n","protected":false},"excerpt":{"rendered":"<p><strong>Idealiskt inomhusklimat och stor variation av f\u00e4rger<\/strong><br \/>\nF\u00f6rutom ett stort urval av f\u00e4rger erbjuder ThermoPlus egenskaper som reglerar rumsklimatet och f\u00f6rb\u00e4ttrar boendekomforten. Temperatur, luftfuktighet och till och med akustiken p\u00e5verkas positivt.<\/p>\n<p>Alla bel\u00e4ggningar och f\u00e4rger fr\u00e5n ClimateCoating <sup>\u00ae<\/sup> \u00e4r baserade p\u00e5 reflekterande membranteknologi och har en rent fysisk effekt. De milj\u00f6v\u00e4nliga och h\u00f6gpresterande f\u00e4rgerna har \u00f6vertygat anv\u00e4ndare \u00f6ver hela v\u00e4rlden sedan 2003 med sina speciella egenskaper och h\u00f6ga kostnadseffektivitet.<\/p>\n","protected":false},"featured_media":60389,"template":"","meta":[],"product_brand":[],"product_cat":[2292,2313,2375,2318,2321],"product_tag":[],"class_list":{"0":"post-38195","1":"product","2":"type-product","3":"status-publish","4":"has-post-thumbnail","6":"product_cat-anvaendningsomraden","7":"product_cat-bygg-live","8":"product_cat-inuti","9":"product_cat-offentliga-byggnader","10":"product_cat-hotell-gastronomi","12":"first","13":"instock","14":"taxable","15":"shipping-taxable","16":"purchasable","17":"product-type-variable"},"_links":{"self":[{"href":"https:\/\/www.climatecoating.com\/sv\/wp-json\/wp\/v2\/product\/38195","targetHints":{"allow":["GET"]}}],"collection":[{"href":"https:\/\/www.climatecoating.com\/sv\/wp-json\/wp\/v2\/product"}],"about":[{"href":"https:\/\/www.climatecoating.com\/sv\/wp-json\/wp\/v2\/types\/product"}],"wp:featuredmedia":[{"embeddable":true,"href":"https:\/\/www.climatecoating.com\/sv\/wp-json\/wp\/v2\/media\/60389"}],"wp:attachment":[{"href":"https:\/\/www.climatecoating.com\/sv\/wp-json\/wp\/v2\/media?parent=38195"}],"wp:term":[{"taxonomy":"product_brand","embeddable":true,"href":"https:\/\/www.climatecoating.com\/sv\/wp-json\/wp\/v2\/product_brand?post=38195"},{"taxonomy":"product_cat","embeddable":true,"href":"https:\/\/www.climatecoating.com\/sv\/wp-json\/wp\/v2\/product_cat?post=38195"},{"taxonomy":"product_tag","embeddable":true,"href":"https:\/\/www.climatecoating.com\/sv\/wp-json\/wp\/v2\/product_tag?post=38195"}],"curies":[{"name":"wp","href":"https:\/\/api.w.org\/{rel}","templated":true}]}}