{"id":38198,"date":"2020-07-22T23:05:45","date_gmt":"2020-07-22T21:05:45","guid":{"rendered":"https:\/\/www.climatecoating.com\/produkte\/natur\/"},"modified":"2024-12-10T17:00:24","modified_gmt":"2024-12-10T16:00:24","slug":"nature","status":"publish","type":"product","link":"https:\/\/www.climatecoating.com\/sv\/produkt\/nature\/","title":{"rendered":"Nature"},"content":{"rendered":"<p><strong>H\u00f6gteknologisk bel\u00e4ggning som h\u00e5ller vad den lovar<\/strong><br \/>\nMed ClimateCoating <sup>\u00ae<\/sup> -Nature skyddas tr\u00e4komponenter och f\u00f6rblir vackra under exceptionellt l\u00e5ng tid. Samspelet mellan vidh\u00e4ftning, elasticitet och extrem sp\u00e4nst, i kombination med minskningen av sv\u00e4llning och krympning, f\u00f6rdr\u00f6jer helst tr\u00e4ets \u00e5ldring. Ingen skalar f\u00e4rg, ingen blekning. Utlovat!<\/p>\n<p>Den reflekterande membranteknologin s\u00e4kerst\u00e4ller att \u00e4ven m\u00f6rka f\u00e4rger f\u00f6rblir relativt svala n\u00e4r de uts\u00e4tts f\u00f6r solljus. <strong>\u00c4ven i en tr\u00e4bungalow med m\u00f6rk f\u00e4rgfinish h\u00e5ller den sig vid en behaglig temperatur p\u00e5 sommaren, tack vare den h\u00f6ga reflektionsgraden av bel\u00e4ggningen.<\/strong> De glaskeramiska ih\u00e5liga kulorna g\u00f6r det m\u00f6jligt.<\/p>\n<p><strong>anv\u00e4ndningsomr\u00e5den<\/strong><br \/>\nNature \u00e4r avsedd f\u00f6r tr\u00e4komponenter med begr\u00e4nsad formstabilitet (spont- och notbr\u00e4dor, ramverk, f\u00f6nsterluckor och grindar) och f\u00f6r tr\u00e4komponenter som inte \u00e4r formstabila (balkongbr\u00e4ckningar, b\u00e4ltros, pergolor och staket).<\/p>\n<p>Medan Nature \u00e4r tillg\u00e4nglig som en ogenomskinlig bel\u00e4ggning i m\u00e5nga f\u00e4rgnyanser, finns ett begr\u00e4nsat utbud av f\u00e4rger tillg\u00e4ngligt f\u00f6r den tjocka glasyren NatureGlaze. Den f\u00e4rdiga att anv\u00e4nda NaturePrimer kompletterar produktensemblen.<\/p>\n","protected":false},"excerpt":{"rendered":"<p><strong>F\u00e4rgat och v\u00e4derbest\u00e4ndigt tr\u00e4skydd &#8211; ogenomskinlig<\/strong><\/p>\n<p>Nature \u00e4r en ogenomskinlig h\u00f6gteknologisk bel\u00e4ggning f\u00f6r alla dimensionsstabila och<br \/>\nicke-dimensionellt stabila tr\u00e4komponenter utomhus. Mycket v\u00e4derbest\u00e4ndig och med varaktig elasticitet, Nature \u00e4r det perfekta tr\u00e4skyddet i flera \u00e5r!<\/p>\n","protected":false},"featured_media":36509,"template":"","meta":[],"product_brand":[],"product_cat":[2292,2327],"product_tag":[],"class_list":{"0":"post-38198","1":"product","2":"type-product","3":"status-publish","4":"has-post-thumbnail","6":"product_cat-anvaendningsomraden","7":"product_cat-traskydd","9":"first","10":"instock","11":"taxable","12":"shipping-taxable","13":"purchasable","14":"product-type-variable"},"_links":{"self":[{"href":"https:\/\/www.climatecoating.com\/sv\/wp-json\/wp\/v2\/product\/38198","targetHints":{"allow":["GET"]}}],"collection":[{"href":"https:\/\/www.climatecoating.com\/sv\/wp-json\/wp\/v2\/product"}],"about":[{"href":"https:\/\/www.climatecoating.com\/sv\/wp-json\/wp\/v2\/types\/product"}],"wp:featuredmedia":[{"embeddable":true,"href":"https:\/\/www.climatecoating.com\/sv\/wp-json\/wp\/v2\/media\/36509"}],"wp:attachment":[{"href":"https:\/\/www.climatecoating.com\/sv\/wp-json\/wp\/v2\/media?parent=38198"}],"wp:term":[{"taxonomy":"product_brand","embeddable":true,"href":"https:\/\/www.climatecoating.com\/sv\/wp-json\/wp\/v2\/product_brand?post=38198"},{"taxonomy":"product_cat","embeddable":true,"href":"https:\/\/www.climatecoating.com\/sv\/wp-json\/wp\/v2\/product_cat?post=38198"},{"taxonomy":"product_tag","embeddable":true,"href":"https:\/\/www.climatecoating.com\/sv\/wp-json\/wp\/v2\/product_tag?post=38198"}],"curies":[{"name":"wp","href":"https:\/\/api.w.org\/{rel}","templated":true}]}}