{"id":38199,"date":"2020-08-26T09:46:31","date_gmt":"2020-08-26T07:46:31","guid":{"rendered":"https:\/\/www.climatecoating.com\/produkte\/lumen\/"},"modified":"2025-10-29T20:53:14","modified_gmt":"2025-10-29T19:53:14","slug":"lumen","status":"publish","type":"product","link":"https:\/\/www.climatecoating.com\/sv\/produkt\/lumen\/","title":{"rendered":"Lumen"},"content":{"rendered":"<p><strong>Inomhus ljusf\u00f6rst\u00e4rkare<\/strong><br \/>\nOberoende forskning visar att det faktiskt uppm\u00e4tta diffusa reflektansv\u00e4rdet f\u00f6r Lumen f\u00f6r varje nyans \u00e4r betydligt h\u00f6gre \u00e4n standardv\u00e4rdena som anv\u00e4nds i professionella ljusber\u00e4kningsprogram som Dialux. Miljontals sm\u00e5 glaskeramiska ih\u00e5liga sf\u00e4rer f\u00f6rb\u00e4ttrar det diffusa reflektionsv\u00e4rdet fr\u00e5n 6 % f\u00f6r f\u00e4rgen vit och upp till 420 % f\u00f6r f\u00e4rgen svart.<br \/>\nArkitekter och designers kan nu anv\u00e4nda m\u00f6rka f\u00e4rger och nyanser mer kreativt. Lumen ger bokstavligen ljus och f\u00e4rg till moderna interi\u00f6rer.<\/p>\n<p>V\u00e4ggf\u00e4rgen kombinerar h\u00f6gsta funktionalitet, innovation och f\u00e4rgvariation och <strong>anv\u00e4nds d\u00e4r s\u00e4rskilt bra ljusutbyte \u00e4r viktigt:<\/strong> kontor, skolor, v\u00e5rdinr\u00e4ttningar, atelj\u00e9er samt verkst\u00e4der och museer. Sj\u00e4lvklart ocks\u00e5 hemma.<\/p>\n","protected":false},"excerpt":{"rendered":"<p><strong>Utm\u00e4rkt ljusreflektion<\/strong><br \/>\nLumen \u00e4r ljusf\u00f6rst\u00e4rkaren inomhus. Den mycket effektiva bel\u00e4ggningen s\u00e4kerst\u00e4ller en b\u00e4ttre balans mellan ljusstyrka och st\u00f6rre ljuseffekt i rum, \u00e4ven med m\u00f6rka toner. Akustiken p\u00e5verkas positivt.<\/p>\n<p>Alla bel\u00e4ggningar och f\u00e4rger fr\u00e5n ClimateCoating <sup>\u00ae<\/sup> \u00e4r baserade p\u00e5 reflekterande membranteknologi och har en rent fysisk effekt. De milj\u00f6v\u00e4nliga och h\u00f6gpresterande f\u00e4rgerna har \u00f6vertygat anv\u00e4ndare \u00f6ver hela v\u00e4rlden sedan 2003 med sina speciella egenskaper och h\u00f6ga kostnadseffektivitet.<\/p>\n","protected":false},"featured_media":36361,"template":"","meta":[],"product_brand":[],"product_cat":[2292,2313,2318,2375,2321],"product_tag":[],"class_list":{"0":"post-38199","1":"product","2":"type-product","3":"status-publish","4":"has-post-thumbnail","6":"product_cat-anvaendningsomraden","7":"product_cat-bygg-live","8":"product_cat-offentliga-byggnader","9":"product_cat-inuti","10":"product_cat-hotell-gastronomi","12":"first","13":"instock","14":"taxable","15":"shipping-taxable","16":"purchasable","17":"product-type-variable"},"_links":{"self":[{"href":"https:\/\/www.climatecoating.com\/sv\/wp-json\/wp\/v2\/product\/38199","targetHints":{"allow":["GET"]}}],"collection":[{"href":"https:\/\/www.climatecoating.com\/sv\/wp-json\/wp\/v2\/product"}],"about":[{"href":"https:\/\/www.climatecoating.com\/sv\/wp-json\/wp\/v2\/types\/product"}],"wp:featuredmedia":[{"embeddable":true,"href":"https:\/\/www.climatecoating.com\/sv\/wp-json\/wp\/v2\/media\/36361"}],"wp:attachment":[{"href":"https:\/\/www.climatecoating.com\/sv\/wp-json\/wp\/v2\/media?parent=38199"}],"wp:term":[{"taxonomy":"product_brand","embeddable":true,"href":"https:\/\/www.climatecoating.com\/sv\/wp-json\/wp\/v2\/product_brand?post=38199"},{"taxonomy":"product_cat","embeddable":true,"href":"https:\/\/www.climatecoating.com\/sv\/wp-json\/wp\/v2\/product_cat?post=38199"},{"taxonomy":"product_tag","embeddable":true,"href":"https:\/\/www.climatecoating.com\/sv\/wp-json\/wp\/v2\/product_tag?post=38199"}],"curies":[{"name":"wp","href":"https:\/\/api.w.org\/{rel}","templated":true}]}}