{"id":38203,"date":"2020-08-26T10:00:22","date_gmt":"2020-08-26T08:00:22","guid":{"rendered":"https:\/\/www.climatecoating.com\/produkte\/glossplus\/"},"modified":"2024-12-10T17:00:04","modified_gmt":"2024-12-10T16:00:04","slug":"glossplus","status":"publish","type":"product","link":"https:\/\/www.climatecoating.com\/sv\/produkt\/glossplus\/","title":{"rendered":"GlossPlus"},"content":{"rendered":"<p>GlossPlus \u00e4r en f\u00e4rgl\u00f6s, vattenbaserad skyddsbel\u00e4ggning med UV-blockerare f\u00f6r utomhusbruk. GlossPlus f\u00f6rb\u00e4ttrar reng\u00f6ringsf\u00f6rm\u00e5gan hos ClimateCoating <sup>\u00ae<\/sup> -bel\u00e4ggningar och \u00f6kar det mekaniska motst\u00e5ndet.<br \/>\nN\u00e4r den anv\u00e4nds p\u00e5 ClimateCoating <sup>\u00ae<\/sup> -bel\u00e4ggningar<\/p>\n","protected":false},"excerpt":{"rendered":"<p><strong>F\u00e4rgl\u00f6s och glansig skyddande bel\u00e4ggning med UV-blockerare<\/strong><\/p>\n<p>Det lysande utseendet p\u00e5 byggnaden.<\/p>\n","protected":false},"featured_media":36370,"template":"","meta":[],"product_brand":[],"product_cat":[2292,2313,2319],"product_tag":[],"class_list":{"0":"post-38203","1":"product","2":"type-product","3":"status-publish","4":"has-post-thumbnail","6":"product_cat-anvaendningsomraden","7":"product_cat-bygg-live","8":"product_cat-ytterligare-produkter","10":"first","11":"instock","12":"taxable","13":"shipping-taxable","14":"purchasable","15":"product-type-variable"},"_links":{"self":[{"href":"https:\/\/www.climatecoating.com\/sv\/wp-json\/wp\/v2\/product\/38203","targetHints":{"allow":["GET"]}}],"collection":[{"href":"https:\/\/www.climatecoating.com\/sv\/wp-json\/wp\/v2\/product"}],"about":[{"href":"https:\/\/www.climatecoating.com\/sv\/wp-json\/wp\/v2\/types\/product"}],"wp:featuredmedia":[{"embeddable":true,"href":"https:\/\/www.climatecoating.com\/sv\/wp-json\/wp\/v2\/media\/36370"}],"wp:attachment":[{"href":"https:\/\/www.climatecoating.com\/sv\/wp-json\/wp\/v2\/media?parent=38203"}],"wp:term":[{"taxonomy":"product_brand","embeddable":true,"href":"https:\/\/www.climatecoating.com\/sv\/wp-json\/wp\/v2\/product_brand?post=38203"},{"taxonomy":"product_cat","embeddable":true,"href":"https:\/\/www.climatecoating.com\/sv\/wp-json\/wp\/v2\/product_cat?post=38203"},{"taxonomy":"product_tag","embeddable":true,"href":"https:\/\/www.climatecoating.com\/sv\/wp-json\/wp\/v2\/product_tag?post=38203"}],"curies":[{"name":"wp","href":"https:\/\/api.w.org\/{rel}","templated":true}]}}