{"id":38227,"date":"2020-08-26T10:09:34","date_gmt":"2020-08-26T08:09:34","guid":{"rendered":"https:\/\/www.climatecoating.com\/produkte\/rustprimer\/"},"modified":"2024-12-10T17:00:02","modified_gmt":"2024-12-10T16:00:02","slug":"rustprimer","status":"publish","type":"product","link":"https:\/\/www.climatecoating.com\/sv\/produkt\/rustprimer\/","title":{"rendered":"RustPrimer"},"content":{"rendered":"<p>RustPrimer \u00e4r en akrylhartsbaserad, vattenbaserad, l\u00f6sningsmedelsfri, blyfri och kromatfri antikorrosionsprimer f\u00f6r inomhus- och utomhusbruk. RustPrimer anv\u00e4nds som en medelh\u00f6g korrosionsskyddsprimer p\u00e5 j\u00e4rn- och st\u00e5lytor.<\/p>\n","protected":false},"excerpt":{"rendered":"<p><strong>F\u00e4rdigt att anv\u00e4nda korrosionsskydd f\u00f6r j\u00e4rnhaltiga metaller<\/strong><\/p>\n<p>Om det blir v\u00e4ldigt rostigt kan RustPrimer g\u00f6ra underverk och s\u00e4kerst\u00e4lla r\u00e4tt vidh\u00e4ftning.<\/p>\n","protected":false},"featured_media":36539,"template":"","meta":[],"product_brand":[],"product_cat":[2292,2313,2319],"product_tag":[],"class_list":{"0":"post-38227","1":"product","2":"type-product","3":"status-publish","4":"has-post-thumbnail","6":"product_cat-anvaendningsomraden","7":"product_cat-bygg-live","8":"product_cat-ytterligare-produkter","10":"first","11":"instock","12":"taxable","13":"shipping-taxable","14":"purchasable","15":"product-type-variable"},"_links":{"self":[{"href":"https:\/\/www.climatecoating.com\/sv\/wp-json\/wp\/v2\/product\/38227","targetHints":{"allow":["GET"]}}],"collection":[{"href":"https:\/\/www.climatecoating.com\/sv\/wp-json\/wp\/v2\/product"}],"about":[{"href":"https:\/\/www.climatecoating.com\/sv\/wp-json\/wp\/v2\/types\/product"}],"wp:featuredmedia":[{"embeddable":true,"href":"https:\/\/www.climatecoating.com\/sv\/wp-json\/wp\/v2\/media\/36539"}],"wp:attachment":[{"href":"https:\/\/www.climatecoating.com\/sv\/wp-json\/wp\/v2\/media?parent=38227"}],"wp:term":[{"taxonomy":"product_brand","embeddable":true,"href":"https:\/\/www.climatecoating.com\/sv\/wp-json\/wp\/v2\/product_brand?post=38227"},{"taxonomy":"product_cat","embeddable":true,"href":"https:\/\/www.climatecoating.com\/sv\/wp-json\/wp\/v2\/product_cat?post=38227"},{"taxonomy":"product_tag","embeddable":true,"href":"https:\/\/www.climatecoating.com\/sv\/wp-json\/wp\/v2\/product_tag?post=38227"}],"curies":[{"name":"wp","href":"https:\/\/api.w.org\/{rel}","templated":true}]}}