{"id":38258,"date":"2020-08-26T10:09:51","date_gmt":"2020-08-26T08:09:51","guid":{"rendered":"https:\/\/www.climatecoating.com\/produkte\/zink-primer\/"},"modified":"2024-12-10T17:00:00","modified_gmt":"2024-12-10T16:00:00","slug":"zincprimer","status":"publish","type":"product","link":"https:\/\/www.climatecoating.com\/sv\/produkt\/zincprimer\/","title":{"rendered":"ZincPrimer"},"content":{"rendered":"<p>ZincPrimer \u00e4r en vattenhaltig, l\u00f6sningsmedelsfri, blyfri och kromatfri vidh\u00e4ftningsfr\u00e4mjare baserad p\u00e5 akrylharts f\u00f6r inom- och utomhusbruk. ZincPrimer anv\u00e4nds som vidh\u00e4ftningsfr\u00e4mjare f\u00f6r icke-j\u00e4rnmetaller som zink, galvaniserat st\u00e5l, rostfritt st\u00e5l, aluminiumst\u00e5l, aluminium och koppar och kan \u00e4ven anv\u00e4ndas som primer f\u00f6r l\u00e4tt korrosionsskydd p\u00e5 j\u00e4rn- och st\u00e5lytor.<\/p>\n","protected":false},"excerpt":{"rendered":"<p><strong>F\u00e4rdig att anv\u00e4nda vidh\u00e4ftningsfr\u00e4mjare f\u00f6r icke-j\u00e4rnmetaller<\/strong><\/p>\n<p>God vidh\u00e4ftning kr\u00e4ver en stark partner. ZincPrimer \u00e4r det idealiska komplementet till alla ClimateCoating <sup>\u00ae<\/sup> -bel\u00e4ggningar p\u00e5 icke-j\u00e4rnmetaller.<\/p>\n","protected":false},"featured_media":36540,"template":"","meta":[],"product_brand":[],"product_cat":[2313,2292,2319],"product_tag":[],"class_list":{"0":"post-38258","1":"product","2":"type-product","3":"status-publish","4":"has-post-thumbnail","6":"product_cat-bygg-live","7":"product_cat-anvaendningsomraden","8":"product_cat-ytterligare-produkter","10":"first","11":"instock","12":"taxable","13":"shipping-taxable","14":"purchasable","15":"product-type-variable"},"_links":{"self":[{"href":"https:\/\/www.climatecoating.com\/sv\/wp-json\/wp\/v2\/product\/38258","targetHints":{"allow":["GET"]}}],"collection":[{"href":"https:\/\/www.climatecoating.com\/sv\/wp-json\/wp\/v2\/product"}],"about":[{"href":"https:\/\/www.climatecoating.com\/sv\/wp-json\/wp\/v2\/types\/product"}],"wp:featuredmedia":[{"embeddable":true,"href":"https:\/\/www.climatecoating.com\/sv\/wp-json\/wp\/v2\/media\/36540"}],"wp:attachment":[{"href":"https:\/\/www.climatecoating.com\/sv\/wp-json\/wp\/v2\/media?parent=38258"}],"wp:term":[{"taxonomy":"product_brand","embeddable":true,"href":"https:\/\/www.climatecoating.com\/sv\/wp-json\/wp\/v2\/product_brand?post=38258"},{"taxonomy":"product_cat","embeddable":true,"href":"https:\/\/www.climatecoating.com\/sv\/wp-json\/wp\/v2\/product_cat?post=38258"},{"taxonomy":"product_tag","embeddable":true,"href":"https:\/\/www.climatecoating.com\/sv\/wp-json\/wp\/v2\/product_tag?post=38258"}],"curies":[{"name":"wp","href":"https:\/\/api.w.org\/{rel}","templated":true}]}}