{"id":38268,"date":"2020-08-26T10:11:15","date_gmt":"2020-08-26T08:11:15","guid":{"rendered":"https:\/\/www.climatecoating.com\/produkte\/sanosil-s003\/"},"modified":"2024-12-10T16:59:59","modified_gmt":"2024-12-10T15:59:59","slug":"sanosil-s003","status":"publish","type":"product","link":"https:\/\/www.climatecoating.com\/sv\/produkt\/sanosil-s003\/","title":{"rendered":"Sanosil S003"},"content":{"rendered":"<p>Sanosil S003 nebuliseras in i rummet som ska behandlas med en kall nebulisator. F\u00f6r att inaktivera alla sporer finns allt lager kvar i rummet.<br \/>\nExponeringstiden \u00e4r ca 120 minuter.<\/p>\n<p><strong>Effektiv duo<\/strong><br \/>\n Sanosil S003 &amp; S010 deaktiverar m\u00f6gelgifter och deras allergener b\u00e5de p\u00e5 v\u00e4ggen och i luften. \u00c4n s\u00e5 l\u00e4nge \u00e4r inga mikroorganismer k\u00e4nda som Sanosil 003 &amp; 010 inte inaktiverar. P\u00e5 grund av den goda materialkompatibiliteten \u00e4r byggnadsv\u00e4ven skyddad.<\/p>\n<p>Sanosil S003 &amp; S010 \u00e4r milj\u00f6v\u00e4nliga och helt ofarliga f\u00f6r den m\u00e4nskliga organismen efter anv\u00e4ndning. Produkterna kan d\u00e4rf\u00f6r anv\u00e4ndas utan att tveka i alla vardagsrum, inklusive k\u00f6ket eller barnrummet. Rummen \u00e4r omedelbart beboeliga igen efter behandlingen.<\/p>\n<p>Sanosil S003 &amp; S010 har en h\u00f6g desinfektionspotential och \u00e4r giftfria. Efter bearbetning bryts de ner till de ursprungliga ingredienserna som finns i vattnet. Borttagna tapeter och andra material sl\u00e4ngs helt enkelt tillsammans med hush\u00e5llsavfallet efter behandling.<\/p>\n<p>F\u00f6r att skydda dig mot en \u00f6kad sporbelastning n\u00e4r du anv\u00e4nder Sanosil S003 &amp; S010 \u00e4r personliga skydds\u00e5tg\u00e4rder som skyddsdr\u00e4kter och andningsmasker n\u00f6dv\u00e4ndiga.<\/p>\n","protected":false},"excerpt":{"rendered":"<p><strong>Yt- och aerosoldesinfektion<\/strong><\/p>\n<p>Sanosil S003 \u00e4r m\u00f6gelsporeliminatorn som anv\u00e4nds f\u00f6r att behandla rumsluft och sekund\u00e4r kontaminering.<\/p>\n","protected":false},"featured_media":36494,"template":"","meta":[],"product_brand":[],"product_cat":[2319,2328],"product_tag":[],"class_list":{"0":"post-38268","1":"product","2":"type-product","3":"status-publish","4":"has-post-thumbnail","6":"product_cat-ytterligare-produkter","7":"product_cat-produkter","9":"first","10":"instock","11":"taxable","12":"shipping-taxable","13":"purchasable","14":"product-type-simple"},"_links":{"self":[{"href":"https:\/\/www.climatecoating.com\/sv\/wp-json\/wp\/v2\/product\/38268","targetHints":{"allow":["GET"]}}],"collection":[{"href":"https:\/\/www.climatecoating.com\/sv\/wp-json\/wp\/v2\/product"}],"about":[{"href":"https:\/\/www.climatecoating.com\/sv\/wp-json\/wp\/v2\/types\/product"}],"wp:featuredmedia":[{"embeddable":true,"href":"https:\/\/www.climatecoating.com\/sv\/wp-json\/wp\/v2\/media\/36494"}],"wp:attachment":[{"href":"https:\/\/www.climatecoating.com\/sv\/wp-json\/wp\/v2\/media?parent=38268"}],"wp:term":[{"taxonomy":"product_brand","embeddable":true,"href":"https:\/\/www.climatecoating.com\/sv\/wp-json\/wp\/v2\/product_brand?post=38268"},{"taxonomy":"product_cat","embeddable":true,"href":"https:\/\/www.climatecoating.com\/sv\/wp-json\/wp\/v2\/product_cat?post=38268"},{"taxonomy":"product_tag","embeddable":true,"href":"https:\/\/www.climatecoating.com\/sv\/wp-json\/wp\/v2\/product_tag?post=38268"}],"curies":[{"name":"wp","href":"https:\/\/api.w.org\/{rel}","templated":true}]}}