{"id":38287,"date":"2020-08-26T10:14:18","date_gmt":"2020-08-26T08:14:18","guid":{"rendered":"https:\/\/www.climatecoating.com\/produkte\/sanosil-s010\/"},"modified":"2024-12-10T16:59:58","modified_gmt":"2024-12-10T15:59:58","slug":"sanosil-s010","status":"publish","type":"product","link":"https:\/\/www.climatecoating.com\/sv\/produkt\/sanosil-s010\/","title":{"rendered":"Sanosil S010"},"content":{"rendered":"<p>Sanosil S010 sprayas p\u00e5 de synligt missf\u00e4rgade omr\u00e5dena.<br \/>\nExponeringstiden \u00e4r bara 25 till 30 minuter.<\/p>\n<p><strong>Effektiv duo<\/strong><br \/>\nSanosil S003 &amp; S010 deaktiverar m\u00f6gelgifter och deras allergener b\u00e5de p\u00e5 v\u00e4ggen och i luften. \u00c4n s\u00e5 l\u00e4nge \u00e4r inga mikroorganismer k\u00e4nda som Sanosil S003 &amp; S010 inte inaktiverar. P\u00e5 grund av den goda materialkompatibiliteten \u00e4r byggnadsv\u00e4ven skyddad.<\/p>\n<p>Sanosil S003 &amp; S010 \u00e4r milj\u00f6v\u00e4nliga och helt ofarliga f\u00f6r den m\u00e4nskliga organismen efter anv\u00e4ndning. Produkterna kan d\u00e4rf\u00f6r anv\u00e4ndas utan att tveka i alla vardagsrum, inklusive k\u00f6ket eller barnrummet. Rummen \u00e4r omedelbart beboeliga igen efter behandlingen.<\/p>\n<p>Sanosil S003 &amp; S010 har en h\u00f6g desinfektionspotential och \u00e4r giftfria. Efter bearbetning bryts de ner till de ursprungliga ingredienserna som finns i vattnet. Borttagna tapeter och andra material sl\u00e4ngs helt enkelt tillsammans med hush\u00e5llsavfallet efter behandling.<\/p>\n<p>F\u00f6r att skydda dig mot en \u00f6kad sporbelastning n\u00e4r du anv\u00e4nder Sanosil S003 &amp; S010 \u00e4r personliga skydds\u00e5tg\u00e4rder som skyddsdr\u00e4kter och andningsmasker n\u00f6dv\u00e4ndiga.<\/p>\n","protected":false},"excerpt":{"rendered":"<p><strong>medel mot m\u00f6gel<\/strong><\/p>\n<p>Sanosil S010 \u00e4r en m\u00f6geld\u00f6dare som anv\u00e4nds f\u00f6r att behandla synliga m\u00f6gelkulturer.<\/p>\n","protected":false},"featured_media":36493,"template":"","meta":[],"product_brand":[],"product_cat":[2319,2328],"product_tag":[],"class_list":{"0":"post-38287","1":"product","2":"type-product","3":"status-publish","4":"has-post-thumbnail","6":"product_cat-ytterligare-produkter","7":"product_cat-produkter","9":"first","10":"instock","11":"taxable","12":"shipping-taxable","13":"purchasable","14":"product-type-simple"},"_links":{"self":[{"href":"https:\/\/www.climatecoating.com\/sv\/wp-json\/wp\/v2\/product\/38287","targetHints":{"allow":["GET"]}}],"collection":[{"href":"https:\/\/www.climatecoating.com\/sv\/wp-json\/wp\/v2\/product"}],"about":[{"href":"https:\/\/www.climatecoating.com\/sv\/wp-json\/wp\/v2\/types\/product"}],"wp:featuredmedia":[{"embeddable":true,"href":"https:\/\/www.climatecoating.com\/sv\/wp-json\/wp\/v2\/media\/36493"}],"wp:attachment":[{"href":"https:\/\/www.climatecoating.com\/sv\/wp-json\/wp\/v2\/media?parent=38287"}],"wp:term":[{"taxonomy":"product_brand","embeddable":true,"href":"https:\/\/www.climatecoating.com\/sv\/wp-json\/wp\/v2\/product_brand?post=38287"},{"taxonomy":"product_cat","embeddable":true,"href":"https:\/\/www.climatecoating.com\/sv\/wp-json\/wp\/v2\/product_cat?post=38287"},{"taxonomy":"product_tag","embeddable":true,"href":"https:\/\/www.climatecoating.com\/sv\/wp-json\/wp\/v2\/product_tag?post=38287"}],"curies":[{"name":"wp","href":"https:\/\/api.w.org\/{rel}","templated":true}]}}