{"id":38346,"date":"2020-08-09T15:35:45","date_gmt":"2020-08-09T13:35:45","guid":{"rendered":"https:\/\/www.climatecoating.com\/produkte\/bransch-special\/"},"modified":"2024-12-10T17:00:13","modified_gmt":"2024-12-10T16:00:13","slug":"industryspecial","status":"publish","type":"product","link":"https:\/\/www.climatecoating.com\/sv\/produkt\/industryspecial\/","title":{"rendered":"IndustrySpecial"},"content":{"rendered":"<p><strong>Allroundaren<\/strong><br \/>\nDe m\u00e5nga m\u00f6jliga anv\u00e4ndningsomr\u00e5dena f\u00f6r IndustrySpecial b\u00f6rjar med den enkla silotankbel\u00e4ggningen f\u00f6r temperaturstabilisering och g\u00e5r ut\u00f6ver skydd mot fukt- och kondensatbildning, anti-elektrostatik och sk\u00e4rmning, \u00f6verhettning och bullerskydd till ytf\u00f6rstoring och ljusreflektion. IndustrySpecial \u00e4r en sann allrounder!<\/p>\n<p><strong>Extremt stretchig<\/strong><br \/>\nIndustrySpecial-bel\u00e4ggningen t\u00e5l en hel del mekanisk p\u00e5frestning. Den 17 mm breda metallperforerade tejpen p\u00e5 en av bilderna till v\u00e4nster kan b\u00f6jas eller till och med vridas flera g\u00e5nger. Bel\u00e4ggningen visar inga sprickor. IndustrySpecial \u00e4r extremt elastisk, kan \u00f6verbrygga olika material och permanent d\u00f6lja de finaste sprickorna.<\/p>\n<p><strong>Typiskt anv\u00e4ndningsomr\u00e5de mellan -40\u00b0C och +150\u00b0C<\/strong><\/p>\n<p>V\u00e5ra kunder runt om i v\u00e4rlden uppskattar IndustrySpecials h\u00f6ga temperaturbest\u00e4ndighet och dess motst\u00e5ndskraft mot aggressiva milj\u00f6p\u00e5verkan. Belagd hittills:<\/p>\n<ul>\n<li>Tankar, silos, stora containrar<\/li>\n<li>r\u00f6rledningar, stavar<\/li>\n<li>beh\u00e5llare, metalll\u00e5dor<\/li>\n<li>hallpaneler<\/li>\n<li>presenningar<\/li>\n<li>flexibla plastytor<\/li>\n<\/ul>\n<p>Vill du l\u00f6sa ett mycket specifikt problem med en bel\u00e4ggning?<br \/>\nD\u00e5 hittar vi g\u00e4rna en <a href=\"https:\/\/www.climatecoating.com\/sv\/anvaendningsomraden\/industri-och-speciallosningar\/\">speciall\u00f6sning<\/a> med dig.<\/p>\n","protected":false},"excerpt":{"rendered":"<p><strong>M\u00e5ngsidig bel\u00e4ggning inom industrin<\/strong><\/p>\n<p>IndustrySpecial \u00e4r en h\u00e5llbar skyddsbel\u00e4ggning med en temperaturbest\u00e4ndighet p\u00e5 -40\u00b0C till +150\u00b0C.<\/p>\n<p>Alla bel\u00e4ggningar och f\u00e4rger fr\u00e5n ClimateCoating\u00a9 \u00e4r baserade p\u00e5 reflekterande membranteknologi och har en rent fysisk effekt. De milj\u00f6v\u00e4nliga och h\u00f6gpresterande f\u00e4rgerna har \u00f6vertygat anv\u00e4ndare \u00f6ver hela v\u00e4rlden sedan 2003 med sina speciella egenskaper och h\u00f6ga kostnadseffektivitet.<\/p>\n","protected":false},"featured_media":36378,"template":"","meta":[],"product_brand":[],"product_cat":[2292,2313,2338,2344,2449,2447,2348,2448],"product_tag":[],"class_list":{"0":"post-38346","1":"product","2":"type-product","3":"status-publish","4":"has-post-thumbnail","6":"product_cat-anvaendningsomraden","7":"product_cat-bygg-live","8":"product_cat-livsmedelsindustrin","9":"product_cat-tillverkning","10":"product_cat-industriella-tillaempningar","11":"product_cat-trafiktransporter","12":"product_cat-jordbruk-djurhallning","13":"product_cat-tekniska-konstruktioner","15":"first","16":"instock","17":"taxable","18":"shipping-taxable","19":"product-type-variable"},"_links":{"self":[{"href":"https:\/\/www.climatecoating.com\/sv\/wp-json\/wp\/v2\/product\/38346","targetHints":{"allow":["GET"]}}],"collection":[{"href":"https:\/\/www.climatecoating.com\/sv\/wp-json\/wp\/v2\/product"}],"about":[{"href":"https:\/\/www.climatecoating.com\/sv\/wp-json\/wp\/v2\/types\/product"}],"wp:featuredmedia":[{"embeddable":true,"href":"https:\/\/www.climatecoating.com\/sv\/wp-json\/wp\/v2\/media\/36378"}],"wp:attachment":[{"href":"https:\/\/www.climatecoating.com\/sv\/wp-json\/wp\/v2\/media?parent=38346"}],"wp:term":[{"taxonomy":"product_brand","embeddable":true,"href":"https:\/\/www.climatecoating.com\/sv\/wp-json\/wp\/v2\/product_brand?post=38346"},{"taxonomy":"product_cat","embeddable":true,"href":"https:\/\/www.climatecoating.com\/sv\/wp-json\/wp\/v2\/product_cat?post=38346"},{"taxonomy":"product_tag","embeddable":true,"href":"https:\/\/www.climatecoating.com\/sv\/wp-json\/wp\/v2\/product_tag?post=38346"}],"curies":[{"name":"wp","href":"https:\/\/api.w.org\/{rel}","templated":true}]}}