{"id":42377,"date":"2020-05-26T19:37:20","date_gmt":"2020-05-26T17:37:20","guid":{"rendered":"https:\/\/www.climatecoating.com\/produkte\/thermoprotect-2\/"},"modified":"2025-10-29T14:01:16","modified_gmt":"2025-10-29T13:01:16","slug":"thermoprotect","status":"publish","type":"product","link":"https:\/\/www.climatecoating.com\/sv\/produkt\/thermoprotect\/","title":{"rendered":"ThermoProtect"},"content":{"rendered":"<p>Den f\u00e4rdiga fasadbel\u00e4ggningen ThermoProtect har fukt- och temperaturreglerande egenskaper. Det minskar algbildningen och s\u00e4nker energif\u00f6rbrukningen. Den unika syntesen av en polyakrylatdispersion med keramiska ih\u00e5liga sf\u00e4rer och aktivatorer skapar ett reflekterande membran efter applicering, vilket s\u00e4kerst\u00e4ller en \u00f6ver genomsnittet, intakt, torr och v\u00e4derfri fasad.<\/p>\n<p><strong>avfuktning<\/strong><br \/>\nDetta membran fungerar som en barri\u00e4r som skyddar murverket fr\u00e5n intr\u00e4ngning av nederb\u00f6rd och kondens. Samtidigt avfuktas murverket av kapill\u00e4reffekten. Ett torrt murverk isolerar mycket b\u00e4ttre \u00e4n ett fuktigt! F\u00f6rlusten av transmissionsv\u00e4rme minskar. P\u00e5 vintern absorberar det torra murverket solenergi fr\u00e5n den l\u00e5gt liggande solen mer effektivt och f\u00f6rb\u00e4ttrar d\u00e4rigenom energibalansen i en byggnad. <a href=\"https:\/\/www.climatecoating.com\/sv\/referenser\/referens\/flerfamiljshus-i-botkyrka\/\">Ett exempel fr\u00e5n Sverige med 12% energibesparing.<\/a><\/p>\n<p><strong>temperaturreglering<\/strong><br \/>\nP\u00e5 sommaren kyls ytterv\u00e4ggarna av kortv\u00e5gig solljusreflektion och riktade f\u00f6r\u00e5ngningsprocesser. Detta minskar kylbelastningen och d\u00e4rmed energikostnaderna. Samtidigt h\u00e5lls ytterv\u00e4ggarna torra, vilket motverkar tillv\u00e4xt av alger, speciellt p\u00e5 isolerade fasader.<br \/>\nVid anv\u00e4ndning i varma klimatzoner minskar v\u00e4rmetransporten fr\u00e5n utsidan till insidan.<\/p>\n","protected":false},"excerpt":{"rendered":"<p><strong>L\u00e5ngvarigt fasadskydd med energibesparande effekt<\/strong><\/p>\n<p>Den f\u00e4rdiga fasadbel\u00e4ggningen skyddar mot v\u00e4derp\u00e5verkan, alger, mossa och svamptillv\u00e4xt och f\u00f6rb\u00e4ttrar byggnadens energibalans \u00e5ret runt. ThermoProtect \u00e4r en fasadf\u00e4rg och h\u00f6gkvalitativ dispersion som h\u00e5ller fasaden torr, reglerar fukt och temperatur och \u00e4r exceptionellt robust och h\u00e5llbar.<\/p>\n<p>Alla ClimateCoating <sup>\u00ae<\/sup> bel\u00e4ggningar \u00e4r baserade p\u00e5 reflekterande membranteknologi och har en rent fysisk effekt. De milj\u00f6v\u00e4nliga och h\u00f6gpresterande f\u00e4rgerna har \u00f6vertygat anv\u00e4ndare \u00f6ver hela v\u00e4rlden sedan 2003 med sina speciella egenskaper och h\u00f6ga kostnadseffektivitet.<\/p>\n","protected":false},"featured_media":36357,"template":"","meta":[],"product_brand":[],"product_cat":[2292,2295,2313,2318,2321],"product_tag":[],"class_list":{"0":"post-42377","1":"product","2":"type-product","3":"status-publish","4":"has-post-thumbnail","6":"product_cat-anvaendningsomraden","7":"product_cat-utanfoer","8":"product_cat-bygg-live","9":"product_cat-offentliga-byggnader","10":"product_cat-hotell-gastronomi","12":"first","13":"instock","14":"taxable","15":"shipping-taxable","16":"purchasable","17":"product-type-variable"},"_links":{"self":[{"href":"https:\/\/www.climatecoating.com\/sv\/wp-json\/wp\/v2\/product\/42377","targetHints":{"allow":["GET"]}}],"collection":[{"href":"https:\/\/www.climatecoating.com\/sv\/wp-json\/wp\/v2\/product"}],"about":[{"href":"https:\/\/www.climatecoating.com\/sv\/wp-json\/wp\/v2\/types\/product"}],"wp:featuredmedia":[{"embeddable":true,"href":"https:\/\/www.climatecoating.com\/sv\/wp-json\/wp\/v2\/media\/36357"}],"wp:attachment":[{"href":"https:\/\/www.climatecoating.com\/sv\/wp-json\/wp\/v2\/media?parent=42377"}],"wp:term":[{"taxonomy":"product_brand","embeddable":true,"href":"https:\/\/www.climatecoating.com\/sv\/wp-json\/wp\/v2\/product_brand?post=42377"},{"taxonomy":"product_cat","embeddable":true,"href":"https:\/\/www.climatecoating.com\/sv\/wp-json\/wp\/v2\/product_cat?post=42377"},{"taxonomy":"product_tag","embeddable":true,"href":"https:\/\/www.climatecoating.com\/sv\/wp-json\/wp\/v2\/product_tag?post=42377"}],"curies":[{"name":"wp","href":"https:\/\/api.w.org\/{rel}","templated":true}]}}