{"id":54242,"date":"2020-05-27T11:58:52","date_gmt":"2020-05-27T09:58:52","guid":{"rendered":"https:\/\/www.climatecoating.com\/?post_type=product&#038;p=54242"},"modified":"2025-05-21T17:50:50","modified_gmt":"2025-05-21T15:50:50","slug":"isotex-r70","status":"publish","type":"product","link":"https:\/\/www.climatecoating.com\/sv\/produkt\/isotex-r70\/","title":{"rendered":"IsoTex R70"},"content":{"rendered":"<p>IsoTex R70 \u00e4r ett mycket l\u00e4tt, mineraliskt v\u00e4rmeisolerande putsbruk f\u00f6r utomhusbruk (och inomhusbruk). Den k\u00e4nnetecknas av ett h\u00f6gt strukturellt v\u00e4rmemotst\u00e5nd och bidrar till att begr\u00e4nsa v\u00e4rmel\u00e4ckaget fr\u00e5n byggnaden. Samtidigt st\u00f6der putsen &#8211; s\u00e4rskilt i kombination med <a href=\"https:\/\/www.climatecoating.com\/sv\/produkt\/thermoprotect\/\" target=\"_blank\" rel=\"noopener\">ThermoProtect<\/a> fasadbel\u00e4ggning &#8211; murverkets torkningsprocess efter regn. V\u00e4rmeledningsf\u00f6rm\u00e5gan T1 f\u00f6r Isotex R70 \u00e4r 0,077 &lt; 0,10 W\/mK.<\/p>\n<p>P\u00e5 grund av kornstorleken \u00e4r det en relativt mjuk puts. Med en vikt p\u00e5 4,0-4,5 kg\/m\u00b2 \u00e4r den l\u00e4tt p\u00e5 fasaden och kr\u00e4ver inga f\u00f6rankringshj\u00e4lpmedel. Den v\u00e4rmeisolerande putsen appliceras mekaniskt eller manuellt och \u00e4r l\u00e4tt att hantera. IsoTex R70 \u00e4r l\u00e4tt att applicera med murslev eller spruta.<\/p>\n<p>&nbsp;<\/p>\n<p><strong>ClimateCoating\u00ae IsoTex-systemet &#8211; den energibesparande duon f\u00f6r fasaden<\/strong><\/p>\n<p><strong>Problemet \u00e4r att<\/strong> ytterv\u00e4ggar &#8211; med eller utan f\u00e4rg &#8211; suger \u00e5t sig vatten, och det g\u00f6r de mer ju l\u00e4ngre det regnar. Vattnet m\u00e5ste ut ur v\u00e4ggen igen. Detta sker genom avdunstning. Den evaporativa kylningen drar stora m\u00e4ngder energi, som m\u00e5ste kompenseras med uppv\u00e4rmning.<\/p>\n<p><strong>L\u00f6sningen:<\/strong> v\u00e4rmeisoleringssystem plus reflekterande membranteknik<br \/>\nClimateCoating\u00ae-bel\u00e4ggningen, som fungerar som ett membran, absorberar en del vatten n\u00e4r det regnar utan att f\u00f6ra det vidare till den bakomliggande v\u00e4ggen. Membranet blockeras sedan och oavsett hur l\u00e4nge det regnar absorberas inte mer vatten. Detta minimerar m\u00e4ngden avdunstning. Detta inneb\u00e4r att bel\u00e4ggningen kan beskrivas som &#8220;vattenavvisande&#8221;, i likhet med utv\u00e4ndig puts i enlighet med EN 998-1.<br \/>\nBel\u00e4ggningen (ThermoProtect) \u00e4r ocks\u00e5 mycket motst\u00e5ndskraftig mot milj\u00f6p\u00e5verkan som UV-str\u00e5lning eller syra i regnvatten. Den antistatiska effekten minskar dammets vidh\u00e4ftning avsev\u00e4rt. Det har dokumenterats fasader d\u00e4r den membranliknande bel\u00e4ggningen fortfarande \u00e4r intakt och fri fr\u00e5n sprickor efter mer \u00e4n 20 \u00e5r, vilket inneb\u00e4r att den energibesparande effekten \u00e4r garanterad.<\/p>\n<p>Dessa positiva egenskaper hos fasadbel\u00e4ggningen (ThermoProtect i kombination med Isotex R70 v\u00e4rmeisolerande puts) g\u00f6r det tydligt vilka f\u00f6rdelarna \u00e4r med det revolutionerande v\u00e4rmeisoleringssystemet IsoTex: l\u00e5ng livsl\u00e4ngd, fullst\u00e4ndigt skydd mot alla v\u00e4derp\u00e5verkan och en betydande minskning av kostnaderna f\u00f6r uppv\u00e4rmning och luftkonditionering.<\/p>\n<p><strong>PS: Genom att minska fukten i murverket med en procent kan du spara upp till 10 procent p\u00e5 uppv\u00e4rmningskostnaderna!<\/strong><\/p>\n","protected":false},"excerpt":{"rendered":"<p><strong>Den l\u00e4tta mineralbaserade v\u00e4rmeisoleringsputsen<\/strong><\/p>\n<p>IsoTex R70 \u00e4r ett mycket l\u00e4tt, mineraliskt v\u00e4rmeisolerande putsbruk f\u00f6r utomhusbruk (och inomhusbruk). Den k\u00e4nnetecknas av ett h\u00f6gt strukturellt v\u00e4rmemotst\u00e5nd och bidrar till att begr\u00e4nsa v\u00e4rmel\u00e4ckaget fr\u00e5n byggnaden. Samtidigt st\u00f6der putsen &#8211; s\u00e4rskilt i kombination med <a href=\"https:\/\/www.climatecoating.com\/sv\/produkt\/thermoprotect\/\" target=\"_blank\" rel=\"noopener\">ThermoProtect<\/a> fasadbel\u00e4ggning &#8211; murverkets torkningsprocess efter regn. V\u00e4rmeledningsf\u00f6rm\u00e5gan T1 f\u00f6r Isotex R70 \u00e4r 0,077 &lt; 0,10 W\/mK.<\/p>\n","protected":false},"featured_media":54315,"template":"","meta":[],"product_brand":[],"product_cat":[2292,2295,2313,2566,2572,2318,2375,2321],"product_tag":[],"class_list":{"0":"post-54242","1":"product","2":"type-product","3":"status-publish","4":"has-post-thumbnail","6":"product_cat-anvaendningsomraden","7":"product_cat-utanfoer","8":"product_cat-bygg-live","9":"product_cat-applikationer-utanfoer-sv","10":"product_cat-byggnadens-exterioer","11":"product_cat-offentliga-byggnader","12":"product_cat-inuti","13":"product_cat-hotell-gastronomi","15":"first","16":"instock","17":"taxable","18":"shipping-taxable","19":"purchasable","20":"product-type-variable"},"_links":{"self":[{"href":"https:\/\/www.climatecoating.com\/sv\/wp-json\/wp\/v2\/product\/54242","targetHints":{"allow":["GET"]}}],"collection":[{"href":"https:\/\/www.climatecoating.com\/sv\/wp-json\/wp\/v2\/product"}],"about":[{"href":"https:\/\/www.climatecoating.com\/sv\/wp-json\/wp\/v2\/types\/product"}],"wp:featuredmedia":[{"embeddable":true,"href":"https:\/\/www.climatecoating.com\/sv\/wp-json\/wp\/v2\/media\/54315"}],"wp:attachment":[{"href":"https:\/\/www.climatecoating.com\/sv\/wp-json\/wp\/v2\/media?parent=54242"}],"wp:term":[{"taxonomy":"product_brand","embeddable":true,"href":"https:\/\/www.climatecoating.com\/sv\/wp-json\/wp\/v2\/product_brand?post=54242"},{"taxonomy":"product_cat","embeddable":true,"href":"https:\/\/www.climatecoating.com\/sv\/wp-json\/wp\/v2\/product_cat?post=54242"},{"taxonomy":"product_tag","embeddable":true,"href":"https:\/\/www.climatecoating.com\/sv\/wp-json\/wp\/v2\/product_tag?post=54242"}],"curies":[{"name":"wp","href":"https:\/\/api.w.org\/{rel}","templated":true}]}}